{"id":5791,"date":"2021-08-03T11:07:08","date_gmt":"2021-08-03T11:07:08","guid":{"rendered":"https:\/\/chargingshop.eu\/product\/adapter-cee-16-400v-adapter-bezpieczenstwa-do-juice-booster-2\/"},"modified":"2021-08-03T11:07:08","modified_gmt":"2021-08-03T11:07:08","slug":"adapter-cee-16-400v-adapter-bezpieczenstwa-do-juice-booster-2","status":"publish","type":"product","link":"https:\/\/chargingshop.eu\/pl\/produkt\/adapter-cee-16-400v-adapter-bezpieczenstwa-do-juice-booster-2\/","title":{"rendered":"Adapter CEE 16, 400V, Adapter bezpiecze\u0144stwa do Juice Booster 2"},"content":{"rendered":"<div class=\"content--title\">\n<h2 class=\"\" data-element=\"main\" data-content-type=\"heading\" data-appearance=\"default\">Mo\u017cesz \u0142adowa\u0107 sw\u00f3j pojazd w dowolnej stacji \u0142aduj\u0105cej za pomoc\u0105 odpowiedniego adaptera do JUICE BOOSTER 2: Adapter CEE 16<\/h2>\n<\/div>\n<div class=\"product--description\">\n<p>Adapter bezpiecze\u0144stwa do \u0142adowania <strong>CEE 16\/400 V<\/strong>, w po\u0142\u0105czeniu z <a href=\"https:\/\/chargeshop.eu\/product\/juice-booster-2-mobile-ev-charger- 32-a-22kw-5m-cable\/\" target=\"_blank\" rel=\"noopener\">JUICE BOOSTER 2<\/a> mo\u017cesz \u0142atwo na\u0142adowa\u0107 sw\u00f3j pojazd w dowolnym <span data-story-id=\"story_4e7a24029f09064f26dd915ae6c7e8bb\" data-room-id=\"room_0e3e85a5f5e53aea755030d99\" data-text=\"w dowolnym gnie\u017adzie CEE 16 w Europie z szybko\u015bci\u0105 \u0142adowania do 11 kW\" data-userid=\"638093783230025728\" data-orgid=\"638093783882313728\">Gniazdo CEE 16 w ca\u0142ej Europie z szybko\u015bci\u0105 \u0142adowania do 11 kW<\/span>. Po\u0142\u0105czenie z Juice Booster 2 odbywa si\u0119 za pomoc\u0105 bezpiecznego i solidnego z\u0142\u0105cza Juice.<\/p>\n<h4><strong><span style=\"font-size: 20,16px; kolor: #333333;\">Dane techniczne<\/span><\/strong><\/h4>\n<div id=\"dane-techniczne-produktu\">\n<div class=\"flex justify-tre\u015b\u0107-mi\u0119dzy mb-4\">\n<table width=\"294\">\n<tbody>\n<tr>\n<td width=\"142\"><strong>Typ<\/strong><\/td>\n<td width=\"152\">Adapter CEE<\/td>\n<\/tr>\n<tr>\n<td width=\"142\"><strong>Limit obci\u0105\u017cenia<\/strong><\/td>\n<td width=\"152\">400 V \/ 16 A<\/td>\n<\/tr>\n<tr>\n<td width=\"142\"><strong>Napi\u0119cie<\/strong><\/td>\n<td width=\"152\">400 V<\/td>\n<\/tr>\n<tr>\n<td width=\"142\"><strong>Pr\u0105d elektryczny<\/strong><\/td>\n<td width=\"152\">16 A<\/td>\n<\/tr>\n<tr>\n<td width=\"142\"><strong>Ocena IP<\/strong><\/td>\n<td width=\"152\">IP44<\/td>\n<\/tr>\n<tr>\n<td width=\"142\"><strong>D\u0142ugo\u015b\u0107 kabla<\/strong><\/td>\n<td width=\"152\">1,5 m<\/td>\n<\/tr>\n<tr>\n<td width=\"142\"><strong>Produkty<\/strong><\/td>\n<td width=\"152\">5<\/td>\n<\/tr>\n<tr>\n<td width=\"142\"><strong>Kolor<\/strong><\/td>\n<td width=\"152\">Czerwony, czarny<\/td>\n<\/tr>\n<\/tbody>\n<\/table>\n<\/div>\n<\/div>\n<\/div>\n<h3>Jak korzysta\u0107 z adaptera?<\/h3>\n<p>Jest \u0142atwy w u\u017cyciu, wystarczy pod\u0142\u0105czy\u0107 i na\u0142adowa\u0107. Nie jest wymagana \u017cadna wiedza techniczna, szkolenie ani do\u015bwiadczenie. Pod\u0142\u0105cz odpowiedni adapter do JUICE BOOSTER 2, pod\u0142\u0105cz go i \u0142aduj z optymaln\u0105 moc\u0105.<\/p>\n","protected":false},"excerpt":{"rendered":"<p>Z\u0142\u0105cze przemys\u0142owe CEE16 do Juice Booster 2<\/p>\n<ul>\n<li>Od gniazda CEE 16 do Juice Booster 2 (po stronie pojazdu)<\/li>\n<li>Wysokiej jako\u015bci produkt ze Szwajcarii<\/li>\n<\/ul>\n","protected":false},"featured_media":5763,"comment_status":"open","ping_status":"closed","template":"","meta":[],"product_brand":[],"product_cat":[501],"product_tag":[],"class_list":{"0":"post-5791","1":"product","2":"type-product","3":"status-publish","4":"has-post-thumbnail","6":"product_cat-kable-i-adaptery","8":"first","9":"outofstock","10":"sale","11":"taxable","12":"shipping-taxable","13":"purchasable","14":"product-type-simple"},"_links":{"self":[{"href":"https:\/\/chargingshop.eu\/pl\/wp-json\/wp\/v2\/product\/5791","targetHints":{"allow":["GET"]}}],"collection":[{"href":"https:\/\/chargingshop.eu\/pl\/wp-json\/wp\/v2\/product"}],"about":[{"href":"https:\/\/chargingshop.eu\/pl\/wp-json\/wp\/v2\/types\/product"}],"replies":[{"embeddable":true,"href":"https:\/\/chargingshop.eu\/pl\/wp-json\/wp\/v2\/comments?post=5791"}],"wp:featuredmedia":[{"embeddable":true,"href":"https:\/\/chargingshop.eu\/pl\/wp-json\/wp\/v2\/media\/5763"}],"wp:attachment":[{"href":"https:\/\/chargingshop.eu\/pl\/wp-json\/wp\/v2\/media?parent=5791"}],"wp:term":[{"taxonomy":"product_brand","embeddable":true,"href":"https:\/\/chargingshop.eu\/pl\/wp-json\/wp\/v2\/product_brand?post=5791"},{"taxonomy":"product_cat","embeddable":true,"href":"https:\/\/chargingshop.eu\/pl\/wp-json\/wp\/v2\/product_cat?post=5791"},{"taxonomy":"product_tag","embeddable":true,"href":"https:\/\/chargingshop.eu\/pl\/wp-json\/wp\/v2\/product_tag?post=5791"}],"curies":[{"name":"wp","href":"https:\/\/api.w.org\/{rel}","templated":true}]}}