{"id":5743,"date":"2021-07-23T13:01:37","date_gmt":"2021-07-23T13:01:37","guid":{"rendered":"https:\/\/chargingshop.eu\/product\/juice-booster-2-przenosna-ladowarka-ev-32-a-22kw-kabel-52m\/"},"modified":"2021-08-02T10:11:50","modified_gmt":"2021-08-02T10:11:50","slug":"juice-booster-2-przenosna-ladowarka-ev-32-a-22kw-kabel-52m","status":"publish","type":"product","link":"https:\/\/chargingshop.eu\/pl\/produkt\/juice-booster-2-przenosna-ladowarka-ev-32-a-22kw-kabel-52m\/","title":{"rendered":"JUICE BOOSTER 2 Przeno\u015bna \u0142adowarka EV 32 A, 22kW, kabel 5,2m"},"content":{"rendered":"<h2><strong>JUICE BOOSTER 2<\/strong> to niesamowita mobilna stacja \u0142aduj\u0105ca, kt\u00f3ra jest wyposa\u017cona w wiele adapter\u00f3w do \u0142adowania pojazdu elektrycznego na dowolnym terminalu i gnie\u017adzie dost\u0119pnym na rynku.<\/h2>\n<p>Wykonany ze stopu aluminium, JUICE BOOSTER 2 to wysokiej jako\u015bci przeno\u015bna \u0142adowarka o bardzo du\u017cej wytrzyma\u0142o\u015bci. Z\u0142\u0105cza tego urz\u0105dzenia s\u0105 wykonane z materia\u0142\u00f3w wykorzystywanych w technologii kosmicznej.<\/p>\n<p>Dow\u00f3d solidno\u015bci \u2014 \u0142adowarka nadal dzia\u0142a nawet po przejechaniu przez wojskowy ZBIORNIK!<\/p>\n<p><iframe src=\"https:\/\/www.youtube.com\/embed\/46I5NwEnRfo?t=28 rel=0\" width=\"640\" height=\"360\" frameborder=\"0\" allowfullscreen=\"allowfullscreen\"><\/iframe><\/p>\n<h3><strong>JUICE BOOSTER 2 Przeno\u015bna \u0142adowarka EV<\/strong><\/h3>\n<p>Zapewnia \u015bwietn\u0105 moc \u0142adowania EV, mo\u017cesz \u0142adowa\u0107 sw\u00f3j pojazd w <strong>jednej fazie<\/strong> lub <strong>trzech fazach<\/strong>, do mocy <strong>22 kW <\/strong>(oznacza, \u017ce \u200b\u200bmo\u017cesz przejecha\u0107 100 km, je\u015bli \u0142adujesz pojazd przez godzin\u0119).<\/p>\n<p>Mobilna stacja \u0142aduj\u0105ca <strong><em>JUICE BOOSTER 2<\/em><\/strong> jest bardzo przydatna, poniewa\u017c mo\u017ce automatycznie wykry\u0107 typ pod\u0142\u0105czonego zasilacza i \u0142adowa\u0107 si\u0119 w doskona\u0142ym <a href=\"https: \/\/chargeshop.eu\/product\/duosida-7-kw-portable-charge-connector-adjustable-8-32a-type-2-to-cee-plug-copy\/\">moc \u0142adowania<\/a>. Nie musisz wiedzie\u0107, ile kilowatogodzin b\u0119dziesz w stanie na\u0142adowa\u0107, dzi\u0119ki czemu mo\u017cesz bezpiecznie \u0142adowa\u0107 urz\u0105dzenie, oszcz\u0119dzaj\u0105c cenny czas.<\/p>\n<h3><strong>Dane techniczne i funkcje<\/strong><\/h3>\n<ul>\n<li>Wymiary (\u015brednica i d\u0142ugo\u015b\u0107): 7 cm i 22,5 cm odpowiednio<\/li>\n<li>Zasilanie wej\u015bciowe: jednofazowe\/tr\u00f3jfazowe &#8211; naprzemienne &#8211; od 6 do 32A<\/li>\n<li>Moc wyj\u015bciowa: 1,4 do 22 kW (zale\u017cy od mocy wej\u015bciowej)<\/li>\n<li>d\u0142ugo\u015b\u0107 kabla i z\u0142\u0105cza: 5m<\/li>\n<li>Waga (ze z\u0142\u0105czem i kablem): 3,2 kg<\/li>\n<li>Waga (bez kabla): 1kg<\/li>\n<li>Kolor: czarny kabel, metaliczny antracyt<\/li>\n<li>Odporno\u015b\u0107 na uderzenia: IK10 \u2013 zaczyna opiera\u0107 si\u0119 nawet po przewr\u00f3ceniu si\u0119 pojazdu 3t<\/li>\n<li>Temperatura pracy: -25\u00b0C do + 45\u00b0C<\/li>\n<li>Zgodno\u015b\u0107: CE 62196, 62752, 61851, CEM, tryb 2\/3 i RoHS<\/li>\n<li>Wykrywanie pr\u0105du up\u0142ywu: tak (30mA)<\/li>\n<li>Uszczelnienie: IP67 (wodoodporno\u015b\u0107)<\/li>\n<li>Zintegrowane wy\u0142\u0105czniki automatyczne: tak<\/li>\n<\/ul>\n<h4><strong>Kompatybilny ze wszystkimi pojazdami elektrycznymi z wtyczk\u0105 typu 2<\/strong><\/h4>\n<p>Bez wzgl\u0119du na model pojazdu typu 2, gniazdo <strong>typu 2<\/strong> JUICE BOOSTER 2 jest ca\u0142kowicie kompatybilne.<\/p>\n<h4><strong>Odporny i wodoodporny<\/strong><\/h4>\n<p>JUICE BOOSTER 2 wraz z jego komponentami jest odporny na warunki atmosferyczne i wstrz\u0105sy. Nawet przy obci\u0105\u017ceniu powy\u017cej trzech ton\u00f3w elektronika pozostaje dobrze chroniona.<\/p>\n<h4><strong>Szybsze \u0142adowanie<\/strong><\/h4>\n<p>W por\u00f3wnaniu do standardowego domowego gniazdka elektrycznego zapewnia <strong>10 razy szybsze \u0142adowanie<\/strong>. Wystarczy spojrze\u0107, jak szybko akumulator zostanie ca\u0142kowicie na\u0142adowany, aby pojazd elektryczny by\u0142 gotowy do jazdy w mgnieniu oka.<\/p>\n<h4><strong>Automatyczna regulacja mocy<\/strong><\/h4>\n<p>JUICE BOOSTER 2 jest bardzo prosty w u\u017cyciu! Wystarczy pod\u0142\u0105czy\u0107 <a href=\"https:\/\/chargeshop.eu\/product\/adapter-cee-16a-to-cee-32a\/\" target=\"_blank\" rel=\"noopener\">adapter<\/a> do przeno\u015bnego terminala, a moc \u0142adowania zostanie automatycznie dostosowana do maksymalnej mo\u017cliwej mocy \u0142adowania. \u0141adowanie zatrzyma si\u0119 automatycznie, gdy samoch\u00f3d zostanie ca\u0142kowicie na\u0142adowany.<\/p>\n<p>Nie musisz wchodzi\u0107 w k\u0142opoty z jak\u0105kolwiek aplikacj\u0105 na smartfona. JUICE BOOSTER 2 jest wyposa\u017cony w jeden przycisk wyboru nat\u0119\u017cenia: jest prosty, bezpieczny i niezawodny.<\/p>\n<h4><strong>Prosty wyb\u00f3r intensywno\u015bci \u0142adowania (6A-32A)<\/strong><\/h4>\n<p>Gdy naci\u015bniesz przycisk <strong>WYBIERZ\u00a0<\/strong>, stacja zmniejszy moc \u0142adowania bez zwi\u0119kszania maksymalnej mocy \u0142adowania dostarczanej z u\u017cywanym adapterem.<\/p>\n<p>Po naci\u015bni\u0119ciu przycisku \u201eSELECT\u201d mo\u017cesz wybra\u0107 nast\u0119puj\u0105ce nat\u0119\u017cenia: 32A, 25A, 20A, 16A, 13A, 10A, 8A i 6A. Dzi\u0119ki tym amperom mo\u017cna uzyska\u0107 moc \u0142adowania w zakresie od 1,3 do 22 kW.<\/p>\n<h4><strong>Kabel T2-T2 nie jest wymagany<\/strong><\/h4>\n<p>Nie ma potrzeby stosowania kabla T2-T2, poniewa\u017c JUICE BOOSTER 2 zast\u0119puje 3-fazowy kabel 32A 22kW T2-T2. Gdy adapter T2-T2 jest pod\u0142\u0105czony do JUICE BOOSTER, zaczyna dzia\u0142a\u0107 jak tr\u00f3jfazowy kabel T2-T2 32A 22kW.<\/p>\n<h4><strong>\u0141adowanie z domowego gniazdka staje si\u0119 bezpieczne<\/strong><\/h4>\n<p>W przypadku z\u0142ej instalacji lub nawet wadliwego okablowania, ryzyko po\u017caru kabla wzrasta, je\u015bli \u0142adujesz przez d\u0142ugi czas z domowego gniazdka. Adapter JUICE posiada gniazdko domowe oraz dwa czujniki temperatury, kt\u00f3re chroni\u0105 kabel nawet w przypadku przegrzania. W przypadku przegrzania przeno\u015bna stacja \u0142aduj\u0105ca przestaje \u0142adowa\u0107.<\/p>\n<h4><strong>Bezpiecze\u0144stwo dzi\u0119ki zintegrowanemu wy\u0142\u0105cznikowi r\u00f3\u017cnicowemu<\/strong><\/h4>\n<p>JUICE BOOSTER 2 doskonale nadaje si\u0119 do spe\u0142nienia aktualnej normy IEC62752. Przeno\u015bna stacja \u0142aduj\u0105ca wykorzystuje wy\u0142\u0105cznik r\u00f3\u017cnicowy dla pr\u0105d\u00f3w AC i DC (RCD DC 6mA, AC\/DC 30 mA).<\/p>\n<h4><strong>Ochrona przed kradzie\u017c\u0105 i niew\u0142a\u015bciw\u0105 obs\u0142ug\u0105<\/strong><\/h4>\n<p>JUICE BOOSTER 2 ma najnowsze funkcje bezpiecze\u0144stwa. Mo\u017cesz go usun\u0105\u0107 tylko wtedy, gdy wtyczka zosta\u0142a wyj\u0119ta z pojazdu elektrycznego. Dost\u0119pny jest nowoczesny zamek, kt\u00f3ry zabezpiecza adapter przed kradzie\u017c\u0105. Aby zapobiec niepo\u017c\u0105danej regulacji, moc \u0142adowania blokuje si\u0119 po 30 sekundach.<\/p>\n<h4><strong>Produkowane w Szwajcarii<\/strong><\/h4>\n<p>JUICE BOOSTER 2 to dobrze znany produkt szwajcarskiej firmy o nazwie <a href=\"https:\/\/en.juice-world.com\/\" target=\"_blank\" rel=\"noopener\">Juice Technology AG<\/a>. Firma produkuje wysokiej jako\u015bci produkty o innowacyjnym wzornictwie, rozwija i produkuje wszystkie swoje urz\u0105dzenia w Europie, aby spe\u0142ni\u0107 lokalne wymagania. Marka jest bardzo znana z tego, \u017ce potrafi pod\u0105\u017ca\u0107 za nowymi trendami, a nawet jest o krok do przodu w por\u00f3wnaniu do swoich konkurent\u00f3w.<\/p>\n<h4><strong>\u0141atwe przechowywanie<\/strong><\/h4>\n<p>Prostok\u0105tne etui zawiera wszystkie elementy pakietu JUICE BOOSTER 2. Otrzymasz r\u00f3wnie\u017c cementowy pasek na rzep z pokrowcem w celu uzyskania optymalnej sytuacji w schowku Twojego pojazdu elektrycznego.<\/p>\n<p>&nbsp;<\/p>\n","protected":false},"excerpt":{"rendered":"<p>JUICE BOOSTER to 3 urz\u0105dzenia w jednym rozwi\u0105zaniu:<\/p>\n<ul>\n<li>mo\u017ce pracowa\u0107 jako wallbox<\/li>\n<li>to przeno\u015bna \u0142adowarka<\/li>\n<li>mo\u017ce by\u0107 u\u017cywany jako kabel typu 2<\/li>\n<\/ul>\n<p>Jest to najbardziej wytrzyma\u0142a mobilna stacja \u0142aduj\u0105ca. Mo\u017cesz \u0142adowa\u0107 w dowolnym gniazdku lub publicznej stacji \u0142adowania. Niezwykle \u0142atwy w u\u017cyciu, odporny na warunki atmosferyczne, kradzie\u017c, obs\u0142uguje do 10 razy szybsz\u0105 pr\u0119dko\u015b\u0107 \u0142adowania w por\u00f3wnaniu z gniazdem. Wysokiej jako\u015bci produkt Szwajcarii.<\/p>\n","protected":false},"featured_media":5288,"comment_status":"open","ping_status":"closed","template":"","meta":[],"product_brand":[],"product_cat":[411,501,348],"product_tag":[],"class_list":{"0":"post-5743","1":"product","2":"type-product","3":"status-publish","4":"has-post-thumbnail","6":"product_cat-accessories-pl","7":"product_cat-kable-i-adaptery","8":"product_cat-ladowarki-wallbox","9":"pa_brand-juice-pl","11":"first","12":"outofstock","13":"taxable","14":"shipping-taxable","15":"purchasable","16":"product-type-simple"},"_links":{"self":[{"href":"https:\/\/chargingshop.eu\/pl\/wp-json\/wp\/v2\/product\/5743","targetHints":{"allow":["GET"]}}],"collection":[{"href":"https:\/\/chargingshop.eu\/pl\/wp-json\/wp\/v2\/product"}],"about":[{"href":"https:\/\/chargingshop.eu\/pl\/wp-json\/wp\/v2\/types\/product"}],"replies":[{"embeddable":true,"href":"https:\/\/chargingshop.eu\/pl\/wp-json\/wp\/v2\/comments?post=5743"}],"wp:featuredmedia":[{"embeddable":true,"href":"https:\/\/chargingshop.eu\/pl\/wp-json\/wp\/v2\/media\/5288"}],"wp:attachment":[{"href":"https:\/\/chargingshop.eu\/pl\/wp-json\/wp\/v2\/media?parent=5743"}],"wp:term":[{"taxonomy":"product_brand","embeddable":true,"href":"https:\/\/chargingshop.eu\/pl\/wp-json\/wp\/v2\/product_brand?post=5743"},{"taxonomy":"product_cat","embeddable":true,"href":"https:\/\/chargingshop.eu\/pl\/wp-json\/wp\/v2\/product_cat?post=5743"},{"taxonomy":"product_tag","embeddable":true,"href":"https:\/\/chargingshop.eu\/pl\/wp-json\/wp\/v2\/product_tag?post=5743"}],"curies":[{"name":"wp","href":"https:\/\/api.w.org\/{rel}","templated":true}]}}