{"id":5734,"date":"2021-07-24T14:11:33","date_gmt":"2021-07-24T14:11:33","guid":{"rendered":"https:\/\/chargingshop.eu\/product\/ladowarka-do-sokow-ja-11-kw-kabel-5m-rfid\/"},"modified":"2021-07-24T14:11:33","modified_gmt":"2021-07-24T14:11:33","slug":"ladowarka-do-sokow-ja-11-kw-kabel-5m-rfid","status":"publish","type":"product","link":"https:\/\/chargingshop.eu\/pl\/produkt\/ladowarka-do-sokow-ja-11-kw-kabel-5m-rfid\/","title":{"rendered":"\u0141ADOWARKA DO SOK\u00d3W ja, 11 KW, kabel 5m, RFID"},"content":{"rendered":"<h2><strong>JUICE CHARGER me<\/strong>to inteligentna \u015bcienna stacja \u0142aduj\u0105ca o mocy \u0142adowania do 11 kW<\/h2>\n<p>\u0141ADOWARKA DO SOK\u00d3W me jest wst\u0119pnie skonfigurowana w fabryce i mo\u017ce by\u0107 u\u017cywana natychmiast na miejscu. Nie s\u0105 wymagane \u017cadne dodatkowe ustawienia.<\/p>\n<p><b>JUICE CHARGER<\/b> jest jednym z pierwszych na\u015bciennych pude\u0142ek \u0142aduj\u0105cych, zaprojektowanych jako standard \u201eplug and play\u201d, przysz\u0142y standard \u0142adowania dla wszystkich kraj\u00f3w europejskich i innych region\u00f3w.<\/p>\n<p>JUICE CHARGER jest finansowana przez KfW (Niemcy) i jest idealna do gara\u017cy, prywatnych parking\u00f3w lub wiat gara\u017cowych. Jako pojedyncza stacja \u0142adowania w sektorze prywatnym wymagane s\u0105 tylko po\u0142\u0105czenia elektryczne. Jako ma\u0142y, prosty i niedrogi wariant nadaje si\u0119 r\u00f3wnie\u017c do hoteli, parking\u00f3w golfowych\/tenisowych\/sportowych. Ich elastyczno\u015b\u0107 w zastosowaniu sprawia, \u017ce \u200b\u200bs\u0105 r\u00f3wnie\u017c atrakcyjne dla gara\u017cy i parking\u00f3w wielopoziomowych. \/ Tryb kontroli \u0142adowania, <strong>\u0141ADOWARKA DO SOK\u00d3W<\/strong> wymaga tylko po\u0142\u0105czenia LAN.<b> <\/b><\/p>\n<p>Wsta\u0144, pod\u0142\u0105cz, \u0142aduj: w miejscach publicznych samoch\u00f3d mo\u017cna odblokowa\u0107 za pomoc\u0105 RFID, bez konieczno\u015bci \u201epod\u0142\u0105czania i \u0142adowania\u201d.<\/p>\n<h3>\u0141ADOWARKA DO SOK\u00d3W ja to:<\/h3>\n<ul>\n<li><strong>Urz\u0105dzenie typu plug-and-play:<\/strong> stacja \u0142aduj\u0105ca jest w pe\u0142ni skonfigurowana fabrycznie i mo\u017ce by\u0107 u\u017cywana natychmiast bez \u017cadnych dalszych ustawie\u0144.<\/li>\n<li>Wyposa\u017cony w funkcj\u0119 <strong>\u201epod\u0142\u0105cz i \u0142aduj\u201d<\/strong> samochodu zgodnie z norm\u0105 ISO 15118. Po pod\u0142\u0105czeniu \u0142adowarki do gniazda samochodowego, <strong>\u0141ADOWARKA DO SOK\u00d3W<\/strong> jest aktywowana, a rozpoczyna si\u0119 proces \u0142adowania.<\/li>\n<li>Wyposa\u017cony w <strong>czytnik RFID<\/strong> odpowiedni dla wszystkich innych pojazd\u00f3w i wyposa\u017cony w dwie zaprogramowane karty RFID.<\/li>\n<li>Opracowany do obs\u0142ugi od 2 do 250 jednostek nadrz\u0119dnych i podrz\u0119dnych. W takim przypadku jedno urz\u0105dzenie odpowiada za r\u00f3wnomierne rozprowadzenie dost\u0119pnej mocy do wszystkich pozosta\u0142ych stacji. Jednak wielokierunkowe sterowanie \u0142adowaniem smart JUICE zapewnia wi\u0119ksz\u0105 elastyczno\u015b\u0107, na przyk\u0142ad poszczeg\u00f3lne pojazdy mog\u0105 by\u0107 traktowane priorytetowo.<\/li>\n<li>S\u0105 ju\u017c wyposa\u017cone w standardowe interfejsy (Modbus\/TCP, Modbus\/RTU, EEBUS) dla najnowszej generacji inteligentnych dom\u00f3w, na przyk\u0142ad mog\u0105 by\u0107 zasilane ze zwyk\u0142ych domowych system\u00f3w fotowoltaicznych. Dzi\u0119ki IP54 nie ma potrzeby kontrolowania zarz\u0105dzania zewn\u0119trznymi obci\u0105\u017ceniami.<\/li>\n<li>Nadaje si\u0119 do u\u017cytku wewn\u0105trz i na zewn\u0105trz.<\/li>\n<li>Mo\u017ce by\u0107 zainstalowany samodzielnie na \u015bcianie lub na podstawie, do kt\u00f3rej mo\u017cna uzyska\u0107 dost\u0119p pojedynczo lub parami. Do monta\u017cu na \u015bcianie wspornik dokuj\u0105cy do pojazd\u00f3w typu 2 wchodzi w zakres dostawy; wspornik wolnostoj\u0105cy mo\u017cna dostarczy\u0107 osobno.<b> <\/b><\/li>\n<\/ul>\n<h3>Specyfikacja:<\/h3>\n<section class=\"content-main container block-group\">\n<table border=\"0\">\n<tbody>\n<tr>\n<td><strong>Wymiary<\/strong><\/td>\n<td>240 x 240 x 120 mm (wys. x szer. x g\u0142.)<\/td>\n<\/tr>\n<tr>\n<td><strong>D\u0142ugo\u015b\u0107 kabla<\/strong><\/td>\n<td>5 m<\/td>\n<\/tr>\n<tr>\n<td><strong>Waga<\/strong><\/td>\n<td>ok. 6,5 kg (z kablem do \u0142adowania)<\/td>\n<\/tr>\n<tr>\n<td><strong>Pr\u0105d wej\u015bciowy<\/strong><\/td>\n<td>230 V, 6 &#8211; 32 A (1 faza) AC lub 400 V, 6 &#8211; 32 A (3 fazy) AC<\/td>\n<\/tr>\n<tr>\n<td><strong>Moc wyj\u015bciowa<\/strong><\/td>\n<td>22 kW (32 A, tr\u00f3jfazowy); wersja regulowana dla dotacji KfW: max. 11 kW (16 A, tr\u00f3jfazowy)<\/td>\n<\/tr>\n<tr>\n<td><strong>Materia\u0142, kolor<\/strong><\/td>\n<td>rama ze szczotkowanej stali nierdzewnej, panel przedni z czarnego poliw\u0119glanu odpornego na promieniowanie UV<\/td>\n<\/tr>\n<tr>\n<td><strong>Po\u0142\u0105czenie<\/strong><\/td>\n<td>Naprawiono<\/td>\n<\/tr>\n<tr>\n<td><strong>Zgodno\u015b\u0107 CE<\/strong><\/td>\n<td>IEC 61851, IEC 61439-7, EMC RoHS \/ IEC EN 50470, EMC RoHS (dla opcjonalnego miernika zgodnego z MID)<\/td>\n<\/tr>\n<tr>\n<td><strong>Klasa ochrony<\/strong><\/td>\n<td>IP54<\/td>\n<\/tr>\n<tr>\n<td><strong>Bezpiecze\u0144stwo RCD<\/strong><\/td>\n<td>RCD DC 6 mA, AC 30 mA &#8211; Monitorowanie temperatury<\/td>\n<\/tr>\n<tr>\n<td><strong>Sprz\u0119g boczny pojazdu<\/strong><\/td>\n<td>Typ 2 (IEC 62196)<\/td>\n<\/tr>\n<\/tbody>\n<\/table>\n<div>\u00a0<\/div>\n<div class=\"product--info\"><strong style=\"font-size: 14.4px;\">\u0141ADOWARKA DO SOK\u00d3W me to najlepszy wyb\u00f3r dla:<\/strong><\/div>\n<\/section>\n<ol>\n<li>Dla u\u017cytkownik\u00f3w zwracaj\u0105cych uwag\u0119 na cen\u0119, kt\u00f3rzy nie chc\u0105 rezygnowa\u0107 z wygl\u0105du i funkcjonalno\u015bci.<\/li>\n<li>Korzystaj z obecnych i przysz\u0142ych standard\u00f3w \u0142adowania \u201eplug and play\u201d, aby u\u0142atwi\u0107 \u0142adowanie.<\/li>\n<li>Pracuj w pomieszczeniach i na zewn\u0105trz. Ekran nie jest zniekszta\u0142cony, ale trzy pod\u015bwietlone kolorowe ikony wskazuj\u0105 aktualny stan.<b> <\/b><\/li>\n<\/ol>\n<p>Czy masz jakie\u015b pytanie? <a href=\"https:\/\/chargeshop.eu\/knowledge-center\/\" target=\"_blank\" rel=\"noopener\">Nasze centrum wiedzy<\/a>\u00a0zawiera wszystko, co musisz wiedzie\u0107 o \u0142adowaniu samochodu elektrycznego.<\/p>\n","protected":false},"excerpt":{"rendered":"<p>JUICE CHARGER me jest szczeg\u00f3lnie kompaktowa z kraw\u0119dzi\u0105 o d\u0142ugo\u015bci 24 cm i g\u0142\u0119boko\u015bci\u0105 12 cm, a tak\u017ce bardzo lekka i wa\u017cy zaledwie 6,5 kg (wraz z kablem).<\/p>\n<ul>\n<li>Sfinansowana przez KFW skrzynka \u015bcienna 11kW<\/li>\n<li>Aktywacja przez RFID<\/li>\n<li>Pod\u0142\u0105cz i \u0142aduj \u2014 MADE in GERMANY<\/li>\n<\/ul>\n","protected":false},"featured_media":5425,"comment_status":"open","ping_status":"closed","template":"","meta":[],"product_brand":[],"product_cat":[348],"product_tag":[],"class_list":{"0":"post-5734","1":"product","2":"type-product","3":"status-publish","4":"has-post-thumbnail","6":"product_cat-ladowarki-wallbox","7":"pa_brand-juice-pl","9":"first","10":"outofstock","11":"sale","12":"taxable","13":"shipping-taxable","14":"purchasable","15":"product-type-simple"},"_links":{"self":[{"href":"https:\/\/chargingshop.eu\/pl\/wp-json\/wp\/v2\/product\/5734","targetHints":{"allow":["GET"]}}],"collection":[{"href":"https:\/\/chargingshop.eu\/pl\/wp-json\/wp\/v2\/product"}],"about":[{"href":"https:\/\/chargingshop.eu\/pl\/wp-json\/wp\/v2\/types\/product"}],"replies":[{"embeddable":true,"href":"https:\/\/chargingshop.eu\/pl\/wp-json\/wp\/v2\/comments?post=5734"}],"wp:featuredmedia":[{"embeddable":true,"href":"https:\/\/chargingshop.eu\/pl\/wp-json\/wp\/v2\/media\/5425"}],"wp:attachment":[{"href":"https:\/\/chargingshop.eu\/pl\/wp-json\/wp\/v2\/media?parent=5734"}],"wp:term":[{"taxonomy":"product_brand","embeddable":true,"href":"https:\/\/chargingshop.eu\/pl\/wp-json\/wp\/v2\/product_brand?post=5734"},{"taxonomy":"product_cat","embeddable":true,"href":"https:\/\/chargingshop.eu\/pl\/wp-json\/wp\/v2\/product_cat?post=5734"},{"taxonomy":"product_tag","embeddable":true,"href":"https:\/\/chargingshop.eu\/pl\/wp-json\/wp\/v2\/product_tag?post=5734"}],"curies":[{"name":"wp","href":"https:\/\/api.w.org\/{rel}","templated":true}]}}