{"id":4798,"date":"2021-03-01T10:19:28","date_gmt":"2021-03-01T10:19:28","guid":{"rendered":"https:\/\/chargingshop.eu\/product\/kabel-do-samochodu-elektrycznego-typ-1-do-typu-2-1-faza-16-a-5-m\/"},"modified":"2021-03-07T15:12:48","modified_gmt":"2021-03-07T15:12:48","slug":"kabel-do-samochodu-elektrycznego-typ-1-do-typu-2-1-faza-16-a-5-m","status":"publish","type":"product","link":"https:\/\/chargingshop.eu\/pl\/produkt\/kabel-do-samochodu-elektrycznego-typ-1-do-typu-2-1-faza-16-a-5-m\/","title":{"rendered":"Kabel do samochodu elektrycznego &#8211; Typ 1 do Typu 2, 1 faza, 16 A, 5 m"},"content":{"rendered":"<h1>Kabel do samochodu elektrycznego &#8211; Typ 1 do Typu 2, 1 faza, 16 A, 5 m<\/h1>\n<p>Za pomoc\u0105 tego kabla mo\u017cna \u0142adowa\u0107 EV \/ PHEV z portem typu 1 (gniazdo samochodowe) za pomoc\u0105 stacji \u0142aduj\u0105cej EV z gniazdem typu 2. Kabel jest 16 A, jednofazowy, mo\u017ce \u0142adowa\u0107 EV do 3,6 kW. Produkt zosta\u0142 zaprojektowany z my\u015bl\u0105 o \u0142atwym u\u017cyciu i mo\u017cna go \u0142atwo pod\u0142\u0105czy\u0107. D\u0142ugo\u015b\u0107 robocza wynosi 5 metr\u00f3w i jest wykonana z materia\u0142u termoplastycznego. Posiada stopie\u0144 ochrony IP55, jest ognioodporny, odporny na nacisk, \u015bcieranie i uderzenia.<\/p>\n<p><strong>Jak przechowywa\u0107:<\/strong><\/p>\n<div>Zalecamy przechowywanie kabla w suchym miejscu, najlepiej w torbie do przechowywania. Zawilgocenie styk\u00f3w spowoduje uszkodzenie. Je\u015bli tak si\u0119 stanie, umie\u015b\u0107 kabel w ciep\u0142ym i suchym miejscu na 24-36 godzin. Unikaj pozostawiania kabla na zewn\u0105trz, gdzie mo\u017ce dosta\u0107 si\u0119 do niego s\u0142o\u0144ce, wiatr, kurz lub deszcz. Kurz i brud na stykach mo\u017ce spowodowa\u0107, \u017ce kabel nie b\u0119dzie si\u0119 \u0142adowa\u0142. Aby zapewni\u0107 d\u0142ugowieczno\u015b\u0107, upewnij si\u0119, \u017ce kabel \u0142aduj\u0105cy EV nie jest skr\u0119cony ani nadmiernie wygi\u0119ty podczas przechowywania.<\/div>\n<div><\/div>\n<div>Kabel do \u0142adowania EV typu 1 do typu 2 16 A 1 faza 5 m jest bardzo \u0142atwy w u\u017cyciu i przechowywaniu. Kabel jest przeznaczony do \u0142adowania zar\u00f3wno w pomieszczeniach, jak i na zewn\u0105trz i ma stopie\u0144 ochrony IP55. Oznacza to, \u017ce ma ochron\u0119 przed kurzem i rozbryzgami wody z dowolnego kierunku.<\/div>\n","protected":false},"excerpt":{"rendered":"<p>Kabel do samochodu elektrycznego Typ 1 do Typ 2 16A, d\u0142ugo\u015b\u0107 5 metr\u00f3w<\/p>\n<p>Lekki i bardzo elastyczny, dzi\u0119ki czemu jest bardzo \u0142atwy w u\u017cyciu, przechowywaniu i transporcie. Stopie\u0144 ochrony IP55.<\/p>\n","protected":false},"featured_media":4771,"comment_status":"open","ping_status":"closed","template":"","meta":[],"product_brand":[],"product_cat":[501],"product_tag":[],"class_list":{"0":"post-4798","1":"product","2":"type-product","3":"status-publish","4":"has-post-thumbnail","6":"product_cat-kable-i-adaptery","8":"first","9":"instock","10":"sale","11":"taxable","12":"shipping-taxable","13":"purchasable","14":"product-type-simple"},"_links":{"self":[{"href":"https:\/\/chargingshop.eu\/pl\/wp-json\/wp\/v2\/product\/4798","targetHints":{"allow":["GET"]}}],"collection":[{"href":"https:\/\/chargingshop.eu\/pl\/wp-json\/wp\/v2\/product"}],"about":[{"href":"https:\/\/chargingshop.eu\/pl\/wp-json\/wp\/v2\/types\/product"}],"replies":[{"embeddable":true,"href":"https:\/\/chargingshop.eu\/pl\/wp-json\/wp\/v2\/comments?post=4798"}],"wp:featuredmedia":[{"embeddable":true,"href":"https:\/\/chargingshop.eu\/pl\/wp-json\/wp\/v2\/media\/4771"}],"wp:attachment":[{"href":"https:\/\/chargingshop.eu\/pl\/wp-json\/wp\/v2\/media?parent=4798"}],"wp:term":[{"taxonomy":"product_brand","embeddable":true,"href":"https:\/\/chargingshop.eu\/pl\/wp-json\/wp\/v2\/product_brand?post=4798"},{"taxonomy":"product_cat","embeddable":true,"href":"https:\/\/chargingshop.eu\/pl\/wp-json\/wp\/v2\/product_cat?post=4798"},{"taxonomy":"product_tag","embeddable":true,"href":"https:\/\/chargingshop.eu\/pl\/wp-json\/wp\/v2\/product_tag?post=4798"}],"curies":[{"name":"wp","href":"https:\/\/api.w.org\/{rel}","templated":true}]}}