{"id":3461,"date":"2020-12-17T15:26:11","date_gmt":"2020-12-17T15:26:12","guid":{"rendered":"https:\/\/chargingshop.eu\/?post_type=product&#038;p=3461"},"modified":"2020-12-20T20:32:00","modified_gmt":"2020-12-20T20:32:00","slug":"webasto-live-22kw-z-przewodem-typu-2","status":"publish","type":"product","link":"https:\/\/chargingshop.eu\/pl\/produkt\/webasto-live-22kw-z-przewodem-typu-2\/","title":{"rendered":"Webasto Live 22kW z przewodem Typu 2, 4G"},"content":{"rendered":"<p><strong>Webasto Live 22kW z przewodem Typu 2<\/strong> <strong>Cechy:<\/strong><\/p>\n<div>Przysz\u0142o\u015bciowe, wysokiej jako\u015bci i inteligentne:<\/div>\n<div><\/div>\n<div>Umo\u017cliwia to stacja \u0142aduj\u0105ca Webasto LIVE ze sta\u0142ym kablem \u0142aduj\u0105cym typu 2 (d\u0142ugo\u015b\u0107 kabla 4,5 m)<\/div>\n<div>do \u0142adowania pojazdu elektrycznego (regulowanego) o mocy od 3,7 kW do 22 kW.<\/div>\n<div><\/div>\n<div>Posiada inteligentn\u0105 \u0142\u0105czno\u015b\u0107 (modem 4G LTE) i licznik zgodny z MID.<\/div>\n<div>Dzi\u0119ki OCPP istnieje r\u00f3wnie\u017c mo\u017cliwo\u015b\u0107 rozliczenia poprzez systemy backendowe.<\/div>\n<div><\/div>\n<div><\/div>\n<div><strong>Webasto Live ma nast\u0119puj\u0105ce zalety:<\/strong><\/div>\n<ul>\n<li>Z\u0142\u0105cze typu 2, moc \u0142adowania do 22 kW<\/li>\n<li>Opcjonalnie z kablem 4,5 m jako wtyczk\u0105 (typ 2)<\/li>\n<li>Ekonomiczna instalacja dzi\u0119ki zintegrowanemu wykrywaniu usterek DC (\u2265 6 mA)<\/li>\n<li>Zintegrowany modem 4G zapewniaj\u0105cy du\u017c\u0105 szybko\u015b\u0107 przesy\u0142ania danych<\/li>\n<li>Obs\u0142uga \u0142adowania s\u0142onecznego i zoptymalizowanego pod k\u0105tem taryf poprzez dynamiczn\u0105 regulacj\u0119 mocy \u0142adowania<\/li>\n<li>Miernik zgodny z MID do skalibrowanego pomiaru<\/li>\n<li>Przysz\u0142o\u015bciowe aktualizacje online<\/li>\n<li>\u0141atwe uwierzytelnianie dzi\u0119ki Plug &amp; Charge (ISO 15118)<\/li>\n<li>Maksymalne bezpiecze\u0144stwo podczas korzystania z RFID dzi\u0119ki obs\u0142udze DESFire<\/li>\n<li>Kompatybilny ze standardowymi systemami zaplecza korzystaj\u0105cymi z OCPP 1.6<\/li>\n<li>Wysoka jako\u015b\u0107 przetwarzania \u201eMade in Germany\u201d<\/li>\n<\/ul>\n<p>&nbsp;<\/p>\n","protected":false},"excerpt":{"rendered":"<p>Niemiecka jako\u015b\u0107, ale przyst\u0119pna cena. Po\u0142\u0105czona stacja z 4G b\u0119dzie odpowiednia dla Twojej firmy. Regulowana moc \u0142adowania od 3,7 kW do 22 kW, a tak\u017ce 4,5 m pod\u0142\u0105czony na sta\u0142e kabel \u0142aduj\u0105cy. Prosta i wygodna obs\u0142uga oraz do dziesi\u0119ciu razy szybsze \u0142adowanie w por\u00f3wnaniu do gniazdka domowego. Najwy\u017csze bezpiecze\u0144stwo elektryczne dzi\u0119ki w\u0142asnemu bezpiecznikowi.<\/p>\n","protected":false},"featured_media":2940,"comment_status":"open","ping_status":"closed","template":"","meta":[],"product_brand":[],"product_cat":[348],"product_tag":[],"class_list":{"0":"post-3461","1":"product","2":"type-product","3":"status-publish","4":"has-post-thumbnail","6":"product_cat-ladowarki-wallbox","7":"pa_brand-webasto-pl","9":"first","10":"instock","11":"taxable","12":"shipping-taxable","13":"purchasable","14":"product-type-simple"},"_links":{"self":[{"href":"https:\/\/chargingshop.eu\/pl\/wp-json\/wp\/v2\/product\/3461","targetHints":{"allow":["GET"]}}],"collection":[{"href":"https:\/\/chargingshop.eu\/pl\/wp-json\/wp\/v2\/product"}],"about":[{"href":"https:\/\/chargingshop.eu\/pl\/wp-json\/wp\/v2\/types\/product"}],"replies":[{"embeddable":true,"href":"https:\/\/chargingshop.eu\/pl\/wp-json\/wp\/v2\/comments?post=3461"}],"wp:featuredmedia":[{"embeddable":true,"href":"https:\/\/chargingshop.eu\/pl\/wp-json\/wp\/v2\/media\/2940"}],"wp:attachment":[{"href":"https:\/\/chargingshop.eu\/pl\/wp-json\/wp\/v2\/media?parent=3461"}],"wp:term":[{"taxonomy":"product_brand","embeddable":true,"href":"https:\/\/chargingshop.eu\/pl\/wp-json\/wp\/v2\/product_brand?post=3461"},{"taxonomy":"product_cat","embeddable":true,"href":"https:\/\/chargingshop.eu\/pl\/wp-json\/wp\/v2\/product_cat?post=3461"},{"taxonomy":"product_tag","embeddable":true,"href":"https:\/\/chargingshop.eu\/pl\/wp-json\/wp\/v2\/product_tag?post=3461"}],"curies":[{"name":"wp","href":"https:\/\/api.w.org\/{rel}","templated":true}]}}