{"id":2963,"date":"2020-09-07T13:08:06","date_gmt":"2020-09-07T13:08:06","guid":{"rendered":"https:\/\/chargingshop.eu\/product\/webasto-pure-22kw-z-przewodem-typu-2\/"},"modified":"2020-09-08T09:11:42","modified_gmt":"2020-09-08T09:11:42","slug":"webasto-pure-22kw-z-przewodem-typu-2","status":"publish","type":"product","link":"https:\/\/chargingshop.eu\/pl\/produkt\/webasto-pure-22kw-z-przewodem-typu-2\/","title":{"rendered":"Webasto Pure 22kW z przewodem Typu 2"},"content":{"rendered":"<p><strong>Webasto Pure 22kW z przewodem Typu 2<\/strong><\/p>\n<p><strong>Cechy:<\/strong><\/p>\n<ul>\n<li>Regulowana moc \u0142adowania od 3,7 kW do 22 kW, a tak\u017ce 4,5 m pod\u0142\u0105czony na sta\u0142e kabel \u0142aduj\u0105cy ze z\u0142\u0105czem \u0142aduj\u0105cym typu 2 i zintegrowanym zawieszeniem kablowym<\/li>\n<li>Do dziesi\u0119ciu razy szybciej ni\u017c w przypadku standardowego gniazdka domowego<\/li>\n<li>Prosta i wygodna obs\u0142uga<\/li>\n<li>Najwy\u017csze bezpiecze\u0144stwo elektryczne dzi\u0119ki w\u0142asnemu bezpiecznikowi<\/li>\n<li>Przyst\u0119pna cena i fachowa obs\u0142uga<\/li>\n<li>Wysoka jako\u015b\u0107 \u201eMade in Germany\u201d<\/li>\n<\/ul>\n<p>Karta danych technicznych:<\/p>\n<p><a href=\"https:\/\/chargingshop.eu\/wp-content\/uploads\/2020\/09\/Datasheet_Webasto_PURE_BLACK_ENG_22kW_VIEW.pdf\">Datasheet_Webasto_PURE_BLACK_ENG_22kW_VIEW<\/a><\/p>\n<p>&nbsp;<\/p>\n","protected":false},"excerpt":{"rendered":"<p>Niemiecka jako\u015b\u0107, ale przyst\u0119pna cena. Regulowana moc \u0142adowania od 3,7 kW do 22 kW, a tak\u017ce 4,5 m pod\u0142\u0105czony na sta\u0142e kabel \u0142aduj\u0105cy. Prosta i wygodna obs\u0142uga oraz do dziesi\u0119ciu razy szybsze \u0142adowanie w por\u00f3wnaniu do gniazdka domowego. Najwy\u017csze bezpiecze\u0144stwo elektryczne dzi\u0119ki w\u0142asnemu bezpiecznikowi.<\/p>\n","protected":false},"featured_media":2940,"comment_status":"open","ping_status":"closed","template":"","meta":[],"product_brand":[],"product_cat":[348],"product_tag":[],"class_list":{"0":"post-2963","1":"product","2":"type-product","3":"status-publish","4":"has-post-thumbnail","6":"product_cat-ladowarki-wallbox","7":"pa_brand-webasto-pl","9":"first","10":"instock","11":"taxable","12":"shipping-taxable","13":"purchasable","14":"product-type-simple"},"_links":{"self":[{"href":"https:\/\/chargingshop.eu\/pl\/wp-json\/wp\/v2\/product\/2963","targetHints":{"allow":["GET"]}}],"collection":[{"href":"https:\/\/chargingshop.eu\/pl\/wp-json\/wp\/v2\/product"}],"about":[{"href":"https:\/\/chargingshop.eu\/pl\/wp-json\/wp\/v2\/types\/product"}],"replies":[{"embeddable":true,"href":"https:\/\/chargingshop.eu\/pl\/wp-json\/wp\/v2\/comments?post=2963"}],"wp:featuredmedia":[{"embeddable":true,"href":"https:\/\/chargingshop.eu\/pl\/wp-json\/wp\/v2\/media\/2940"}],"wp:attachment":[{"href":"https:\/\/chargingshop.eu\/pl\/wp-json\/wp\/v2\/media?parent=2963"}],"wp:term":[{"taxonomy":"product_brand","embeddable":true,"href":"https:\/\/chargingshop.eu\/pl\/wp-json\/wp\/v2\/product_brand?post=2963"},{"taxonomy":"product_cat","embeddable":true,"href":"https:\/\/chargingshop.eu\/pl\/wp-json\/wp\/v2\/product_cat?post=2963"},{"taxonomy":"product_tag","embeddable":true,"href":"https:\/\/chargingshop.eu\/pl\/wp-json\/wp\/v2\/product_tag?post=2963"}],"curies":[{"name":"wp","href":"https:\/\/api.w.org\/{rel}","templated":true}]}}