{"id":2918,"date":"2020-09-01T13:03:45","date_gmt":"2020-09-01T13:03:46","guid":{"rendered":"https:\/\/chargingshop.eu\/?post_type=product&#038;p=2918"},"modified":"2020-09-01T15:04:48","modified_gmt":"2020-09-01T15:04:48","slug":"adapter-ladujacy-16a-duosida-36-kw-typ-2-do-wtyczki-cee","status":"publish","type":"product","link":"https:\/\/chargingshop.eu\/pl\/produkt\/adapter-ladujacy-16a-duosida-36-kw-typ-2-do-wtyczki-cee\/","title":{"rendered":"Adapter \u0142aduj\u0105cy 16A DUOSIDA 3,6 kW Typ 2 do wtyczki CEE"},"content":{"rendered":"<div><strong>Adapter \u0142aduj\u0105cy 16A DUOSIDA 3,6 kW Typ 2 do wtyczki CEE (16A x1 &#8211; jednofazowe)<\/strong><\/div>\n<div><\/div>\n<div><strong>Kluczowe cechy:<\/strong><\/div>\n<div><\/div>\n<ul>\n<li>Moc \u0142adowania 3,6kW;<\/li>\n<li>Maksymalne napi\u0119cie 230V;<\/li>\n<li>Ampera\u017c 16\u0410;<\/li>\n<li>Z\u0142\u0105cze samochodowe TYPE2;<\/li>\n<li>zasilanie &#8211; 16A jednofazowe;<\/li>\n<li>D\u0142ugo\u015b\u0107 kabla 5 metr\u00f3w.<\/li>\n<li>Zakres temperatury roboczej -30 \u00b0 C do + 50 \u00b0 C<\/li>\n<li>Producent &#8211; DUOSIDA (Chiny)<\/li>\n<\/ul>\n","protected":false},"excerpt":{"rendered":"<div>rzeno\u015bna \u0142adowarka TYPE2 przeznaczona jest do \u0142adowania samochod\u00f3w elektrycznych z gniazda 230V.<\/div>\n<div><\/div>\n<div>Dzi\u0119ki \u0142adowarce TYPE2 mo\u017cesz zawsze na\u0142adowa\u0107 sw\u00f3j samoch\u00f3d elektryczny wsz\u0119dzie tam, gdzie jest dost\u0119p do domowego gniazdka 230V. Ka\u017cdy samoch\u00f3d elektryczny wyposa\u017cony jest w taki przeno\u015bny kabel do \u0142adowania.<\/div>\n","protected":false},"featured_media":2928,"comment_status":"open","ping_status":"closed","template":"","meta":[],"product_brand":[],"product_cat":[411],"product_tag":[],"class_list":{"0":"post-2918","1":"product","2":"type-product","3":"status-publish","4":"has-post-thumbnail","6":"product_cat-accessories-pl","8":"first","9":"outofstock","10":"taxable","11":"shipping-taxable","12":"purchasable","13":"product-type-simple"},"_links":{"self":[{"href":"https:\/\/chargingshop.eu\/pl\/wp-json\/wp\/v2\/product\/2918","targetHints":{"allow":["GET"]}}],"collection":[{"href":"https:\/\/chargingshop.eu\/pl\/wp-json\/wp\/v2\/product"}],"about":[{"href":"https:\/\/chargingshop.eu\/pl\/wp-json\/wp\/v2\/types\/product"}],"replies":[{"embeddable":true,"href":"https:\/\/chargingshop.eu\/pl\/wp-json\/wp\/v2\/comments?post=2918"}],"wp:featuredmedia":[{"embeddable":true,"href":"https:\/\/chargingshop.eu\/pl\/wp-json\/wp\/v2\/media\/2928"}],"wp:attachment":[{"href":"https:\/\/chargingshop.eu\/pl\/wp-json\/wp\/v2\/media?parent=2918"}],"wp:term":[{"taxonomy":"product_brand","embeddable":true,"href":"https:\/\/chargingshop.eu\/pl\/wp-json\/wp\/v2\/product_brand?post=2918"},{"taxonomy":"product_cat","embeddable":true,"href":"https:\/\/chargingshop.eu\/pl\/wp-json\/wp\/v2\/product_cat?post=2918"},{"taxonomy":"product_tag","embeddable":true,"href":"https:\/\/chargingshop.eu\/pl\/wp-json\/wp\/v2\/product_tag?post=2918"}],"curies":[{"name":"wp","href":"https:\/\/api.w.org\/{rel}","templated":true}]}}