{"id":2891,"date":"2020-08-31T12:13:20","date_gmt":"2020-08-31T12:13:20","guid":{"rendered":"https:\/\/chargingshop.eu\/product\/przenosne-zlacze-ladowania-duosida\/"},"modified":"2020-09-01T06:34:47","modified_gmt":"2020-09-01T06:34:47","slug":"przenosne-zlacze-ladowania-duosida","status":"publish","type":"product","link":"https:\/\/chargingshop.eu\/pl\/produkt\/przenosne-zlacze-ladowania-duosida\/","title":{"rendered":"Przeno\u015bne z\u0142\u0105cze \u0142adowania DUOSIDA 7 kW regulowane 8-32A Typ 1 na wtyczk\u0119 CEE"},"content":{"rendered":"<div><strong>Przeno\u015bne z\u0142\u0105cze \u0142adowania \/ adapter DUOSIDA 7 kW Typ 1 na wtyczk\u0119 CEE (32A x1 &#8211; jednofazowe)<\/strong><\/div>\n<div><\/div>\n<div><strong>Kluczowe cechy:<\/strong><\/div>\n<div><\/div>\n<ul>\n<li>Moc \u0142adowania od 2kW do 7,2kW (regulowana);<\/li>\n<li>Maksymalne napi\u0119cie 230V;<\/li>\n<li>Ampera\u017c 8\u0410, 10\u0410, 13\u0410, 16\u0410, 32\u0410 (mo\u017cliwo\u015b\u0107 regulacji na wy\u015bwietlaczu adaptera);<\/li>\n<li>Z\u0142\u0105cze samochodowe TYPE1;<\/li>\n<li>Stopie\u0144 ochrony \u015brodowiska &#8211; IP55 Pokrycie gumowe \/ plastikowe;<\/li>\n<li>zasilanie &#8211; 32A jednofazowe;<\/li>\n<li>Czujnik temperatury z\u0142\u0105cza zasilacza (temperatur\u0119 mo\u017cna odczyta\u0107 na wy\u015bwietlaczu);<\/li>\n<li>Pr\u0119dko\u015b\u0107 \u0142adowania (pokazana na wy\u015bwietlaczu);<\/li>\n<li>D\u0142ugo\u015b\u0107 kabla 5 metr\u00f3w.<\/li>\n<li>Zakres temperatury roboczej -30 \u00b0 C do + 50 \u00b0 C<\/li>\n<li>Producent &#8211; DUOSIDA (Chiny)<\/li>\n<\/ul>\n<div><\/div>\n","protected":false},"excerpt":{"rendered":"<p>DUOSIDA 7 kW przeno\u015bne i regulowane z\u0142\u0105cze \u0142adowania TYPE1. Umo\u017cliwia \u0142adowanie samochodu elektrycznego z domowego gniazdka 32A w jednej fazie. W razie potrzeby pr\u0105d \u0142adowania mo\u017cna zmniejszy\u0107 w przypadku niewystarczaj\u0105cej mocy na wej\u015bciu elektrycznym lub w przypadku starej i zawodnej instalacji elektrycznej. Na przyk\u0142ad, gdy u\u017cywane s\u0105 wszystkie urz\u0105dzenia elektryczne w domu (w godzinach szczytu), pr\u0105d \u0142adowania mo\u017cna zmniejszy\u0107, a gdy potrzebujesz szybko na\u0142adowa\u0107 samoch\u00f3d elektryczny, mo\u017cesz u\u017cy\u0107 tej \u0142adowarki do 7,2 kW i pr\u0105du \u0142adowania 32 A.<\/p>\n","protected":false},"featured_media":2856,"comment_status":"open","ping_status":"closed","template":"","meta":[],"product_brand":[],"product_cat":[411],"product_tag":[],"class_list":{"0":"post-2891","1":"product","2":"type-product","3":"status-publish","4":"has-post-thumbnail","6":"product_cat-accessories-pl","8":"first","9":"instock","10":"taxable","11":"shipping-taxable","12":"purchasable","13":"product-type-simple"},"_links":{"self":[{"href":"https:\/\/chargingshop.eu\/pl\/wp-json\/wp\/v2\/product\/2891","targetHints":{"allow":["GET"]}}],"collection":[{"href":"https:\/\/chargingshop.eu\/pl\/wp-json\/wp\/v2\/product"}],"about":[{"href":"https:\/\/chargingshop.eu\/pl\/wp-json\/wp\/v2\/types\/product"}],"replies":[{"embeddable":true,"href":"https:\/\/chargingshop.eu\/pl\/wp-json\/wp\/v2\/comments?post=2891"}],"wp:featuredmedia":[{"embeddable":true,"href":"https:\/\/chargingshop.eu\/pl\/wp-json\/wp\/v2\/media\/2856"}],"wp:attachment":[{"href":"https:\/\/chargingshop.eu\/pl\/wp-json\/wp\/v2\/media?parent=2891"}],"wp:term":[{"taxonomy":"product_brand","embeddable":true,"href":"https:\/\/chargingshop.eu\/pl\/wp-json\/wp\/v2\/product_brand?post=2891"},{"taxonomy":"product_cat","embeddable":true,"href":"https:\/\/chargingshop.eu\/pl\/wp-json\/wp\/v2\/product_cat?post=2891"},{"taxonomy":"product_tag","embeddable":true,"href":"https:\/\/chargingshop.eu\/pl\/wp-json\/wp\/v2\/product_tag?post=2891"}],"curies":[{"name":"wp","href":"https:\/\/api.w.org\/{rel}","templated":true}]}}