{"id":2646,"date":"2020-01-15T12:25:26","date_gmt":"2020-01-15T12:25:26","guid":{"rendered":"https:\/\/chargingshop.eu\/product\/ensto-efiller-11-kw-3x16a\/"},"modified":"2020-07-21T07:09:48","modified_gmt":"2020-07-21T07:09:48","slug":"ensto-stacja-ladowania-efiller-11-kw-3x16a","status":"publish","type":"product","link":"https:\/\/chargingshop.eu\/pl\/produkt\/ensto-stacja-ladowania-efiller-11-kw-3x16a\/","title":{"rendered":"ENSTO stacja \u0142adowania eFiller 11kW (3x16A)"},"content":{"rendered":"<div class=\"video video-fit mb\" style=\"padding-top:56.25%;\"><p><iframe title=\"Ensto Chago eFill installation\" width=\"1020\" height=\"574\" src=\"https:\/\/www.youtube.com\/embed\/fmbZv7cO4zg?feature=oembed\" frameborder=\"0\" allow=\"accelerometer; autoplay; encrypted-media; gyroscope; picture-in-picture\" allowfullscreen><\/iframe><\/p>\n<\/div>\n<p>&nbsp;<\/p>\n<div class=\"block comtextblock col-xs-12 col-sm-6 col-md-6 col-half\">\n<div class=\"text-block clearfix\">\n<p class=\"ng-scope\"><strong>ENSTO stacja \u0142adowania eFiller 11kW\u00a0<\/strong><\/p>\n<\/div>\n<\/div>\n<div class=\"block comtextblock col-xs-12 col-sm-6 col-md-6 col-half\">\n<div class=\"text-block clearfix\">\n<div>Idealny do ka\u017cdego \u015brodowiska<\/div>\n<div><\/div>\n<ul>\n<li>Mocne (11 kW) \u0142adowanie tr\u00f3jfazowe<\/li>\n<li>Niskie koszty cyklu \u017cycia<\/li>\n<li>Idealny do \u0142adowania domowego lub nawet floty dla klient\u00f3w biznesowych<\/li>\n<\/ul>\n<div>Warto\u015b\u0107 wynikaj\u0105ca z elegancji i trwa\u0142o\u015bci<\/div>\n<div><\/div>\n<ul>\n<li>Stylowy skandynawski design<\/li>\n<li>Wysokiej jako\u015bci komponenty przemys\u0142owe o eleganckiej i solidnej konstrukcji aluminiowej<\/li>\n<li>W pe\u0142ni zgodny z przepisami europejskimi<\/li>\n<\/ul>\n<div>Ciesz si\u0119 przyjaznym dla u\u017cytkownika do\u015bwiadczeniem<\/div>\n<div><\/div>\n<ul>\n<li>Pod\u0142\u0105cz kabel i \u0142aduj, aby u\u0142atwi\u0107 \u0142adowanie<\/li>\n<li>D\u0142ugo\u015b\u0107 kabla &#8211; 4,5 metra<\/li>\n<\/ul>\n<\/div>\n<\/div>\n","protected":false},"excerpt":{"rendered":"<p><strong>ENSTO stacja \u0142adowania<\/strong> eFiller 11kW (model EVH050.02H) &#8211; kompaktowy, \u015bcienny punkt \u0142adowania ze sta\u0142ym kablem \u0142aduj\u0105cym. Stylowa i trwa\u0142a konstrukcja, szczeg\u00f3lnie odpowiednia do prostego \u0142adowania w domu, gdy wbudowane zabezpieczenie nadpr\u0105dowe i r\u00f3\u017cnicowopr\u0105dowe lub po\u0142\u0105czenie z systemami zaplecza nie s\u0105 potrzebne.<\/p>\n","protected":false},"featured_media":0,"comment_status":"open","ping_status":"closed","template":"","meta":[],"product_brand":[],"product_cat":[348],"product_tag":[],"class_list":{"0":"post-2646","1":"product","2":"type-product","3":"status-publish","5":"product_cat-ladowarki-wallbox","6":"pa_brand-ensto-pl","8":"first","9":"instock","10":"sale","11":"taxable","12":"shipping-taxable","13":"purchasable","14":"product-type-simple"},"_links":{"self":[{"href":"https:\/\/chargingshop.eu\/pl\/wp-json\/wp\/v2\/product\/2646","targetHints":{"allow":["GET"]}}],"collection":[{"href":"https:\/\/chargingshop.eu\/pl\/wp-json\/wp\/v2\/product"}],"about":[{"href":"https:\/\/chargingshop.eu\/pl\/wp-json\/wp\/v2\/types\/product"}],"replies":[{"embeddable":true,"href":"https:\/\/chargingshop.eu\/pl\/wp-json\/wp\/v2\/comments?post=2646"}],"wp:attachment":[{"href":"https:\/\/chargingshop.eu\/pl\/wp-json\/wp\/v2\/media?parent=2646"}],"wp:term":[{"taxonomy":"product_brand","embeddable":true,"href":"https:\/\/chargingshop.eu\/pl\/wp-json\/wp\/v2\/product_brand?post=2646"},{"taxonomy":"product_cat","embeddable":true,"href":"https:\/\/chargingshop.eu\/pl\/wp-json\/wp\/v2\/product_cat?post=2646"},{"taxonomy":"product_tag","embeddable":true,"href":"https:\/\/chargingshop.eu\/pl\/wp-json\/wp\/v2\/product_tag?post=2646"}],"curies":[{"name":"wp","href":"https:\/\/api.w.org\/{rel}","templated":true}]}}