{"id":2402,"date":"2020-05-07T08:00:01","date_gmt":"2020-05-07T08:00:01","guid":{"rendered":"https:\/\/chargingshop.eu\/product\/abb-terra-ac-7-4-kw-32-a-type-2-gniazdko\/"},"modified":"2020-08-27T13:31:58","modified_gmt":"2020-08-27T13:31:58","slug":"abb-terra-ac-7-4-kw-32-a-type-2-gniazdko","status":"publish","type":"product","link":"https:\/\/chargingshop.eu\/pl\/produkt\/abb-terra-ac-7-4-kw-32-a-type-2-gniazdko\/","title":{"rendered":"ABB Terra AC 7.4 kW (32 A), Type 2 gniazdko"},"content":{"rendered":"<div class=\"video video-fit mb\" style=\"padding-top:56.25%;\"><p><iframe title=\"Terra AC wallbox -  High value quality\" width=\"1020\" height=\"574\" src=\"https:\/\/www.youtube.com\/embed\/ZapL_pinxY0?feature=oembed\" frameborder=\"0\" allow=\"accelerometer; autoplay; encrypted-media; gyroscope; picture-in-picture\" allowfullscreen><\/iframe><\/p>\n<\/div>\n<div><strong>ABB Terra AC 7,4 kW (32 A) &#8211; model 6AGC081278<\/strong><\/div>\n<div><\/div>\n<div><strong>Wysoka jako\u015b\u0107<\/strong><\/div>\n<div><\/div>\n<div>\u2022 Jedna z najlepszych na rynku \u0142adowarek<\/div>\n<div><\/div>\n<div>\u2022 Szeroki zakres opcji \u0142\u0105czno\u015bci<\/div>\n<div><\/div>\n<div>\u2022 Zajmuj\u0105ca ma\u0142o miejsca i \u0142atwa w instalacji konstrukcja<\/div>\n<div><\/div>\n<div><strong>Elastyczno\u015b\u0107 na przysz\u0142o\u015b\u0107<\/strong><\/div>\n<div><\/div>\n<div>\u2022 Inteligentna funkcjonalno\u015b\u0107 dla zoptymalizowanego \u0142adowania<\/div>\n<div><\/div>\n<div>\u2022 Integracja licznik\u00f3w energii w celu dynamicznego zarz\u0105dzania obci\u0105\u017ceniem<\/div>\n<div><\/div>\n<div>\u2022 Dedykowana aplikacja do kontroli i konfiguracji<\/div>\n<div><\/div>\n<div>\u2022 W\u0142\u0105czona zdalna aktualizacja oprogramowania<\/div>\n<div><\/div>\n<div><strong>Bezpiecze\u0144stwo i ochrona<\/strong><\/div>\n<div><\/div>\n<div>\u2022 Oceniony i przetestowany przez niezale\u017cn\u0105 stron\u0119 trzeci\u0105 w celu spe\u0142nienia najwy\u017cszych standard\u00f3w<\/div>\n<div><\/div>\n<div>\u2022 Zabezpieczenie ograniczaj\u0105ce pr\u0105d zapobiega niepo\u017c\u0105danemu wyzwalaniu i przet\u0119\u017ceniu w instalacji<\/div>\n<div><\/div>\n<div>\u2022 Zintegrowane zabezpieczenia, w tym zwarcie doziemne pr\u0105du sta\u0142ego i przepi\u0119cie<\/div>\n<div><\/div>\n<div><strong>Zarz\u0105dzanie obci\u0105\u017ceniem<\/strong><\/div>\n<div><\/div>\n<div>\u2022 Wbudowany licznik energii<\/div>\n<div><\/div>\n<div>\u2022 Konfiguracja integracji zewn\u0119trznego licznika energii w celu dynamicznego zarz\u0105dzania obci\u0105\u017ceniem<\/div>\n<div><\/div>\n<div>\u2022 Gotowy do integracji z zaawansowanym inteligentnym systemem energetycznym budynku<\/div>\n<div><\/div>\n<div><\/div>\n<div><\/div>\n<div><\/div>\n<div><\/div>\n<div><strong>ABB Terra AC 7,4 kW (32 A) &#8211; funkcje modelu 6AGC081278:<\/strong><\/div>\n<div><\/div>\n<div>-Type &#8211; Wallbox z gniazdem<\/div>\n<div>-Moc 7,4 kW<\/div>\n<div>-Maksymalny pr\u0105d 32A<\/div>\n<div>&#8211; Wpisz 2<\/div>\n<div>-Ethernet (RJ45)<\/div>\n<div>-Wifi<\/div>\n<div>-OCPP 1.6<\/div>\n<div>-Bluetooth<\/div>\n<div>-Modbus RTU (RS485)<\/div>\n<div><\/div>\n<div><em>Broszura produktu Terra AC:<\/em><\/div>\n<div><a href=\"https:\/\/chargingshop.eu\/pl\/?attachment_id=2067\" target=\"_blank\" rel=\"attachment noopener wp-att-2067 noreferrer\">ABB_Terra_AC_wallbox_Brochure_A4<\/a><\/div>\n","protected":false},"excerpt":{"rendered":"<p>Oczekuje si\u0119 wyj\u0105tkowej jako\u015bci od \u015bwiatowego lidera w dziedzinie \u0142adowania w op\u0142acalnym rozwi\u0105zaniu. ABB cieszy si\u0119 zaufaniem najwi\u0119kszych \u015bwiatowych marek w dostarczaniu inteligentniejszych rozwi\u0105za\u0144 w zakresie mobilno\u015bci od autostrady po dom. Wallbox AC Terra \u0142\u0105czy w sobie wiod\u0105c\u0105 pozycj\u0119 ABB w zakresie e-mobilno\u015bci i 130-letnie dziedzictwo innowacji w doskona\u0142ym rozwi\u0105zaniu do \u0142adowania \u015bciennego.<\/p>\n","protected":false},"featured_media":2403,"comment_status":"open","ping_status":"closed","template":"","meta":[],"product_brand":[],"product_cat":[348],"product_tag":[],"class_list":{"0":"post-2402","1":"product","2":"type-product","3":"status-publish","4":"has-post-thumbnail","6":"product_cat-ladowarki-wallbox","7":"pa_brand-abb-pl","9":"first","10":"outofstock","11":"sale","12":"taxable","13":"shipping-taxable","14":"purchasable","15":"product-type-simple"},"_links":{"self":[{"href":"https:\/\/chargingshop.eu\/pl\/wp-json\/wp\/v2\/product\/2402","targetHints":{"allow":["GET"]}}],"collection":[{"href":"https:\/\/chargingshop.eu\/pl\/wp-json\/wp\/v2\/product"}],"about":[{"href":"https:\/\/chargingshop.eu\/pl\/wp-json\/wp\/v2\/types\/product"}],"replies":[{"embeddable":true,"href":"https:\/\/chargingshop.eu\/pl\/wp-json\/wp\/v2\/comments?post=2402"}],"wp:featuredmedia":[{"embeddable":true,"href":"https:\/\/chargingshop.eu\/pl\/wp-json\/wp\/v2\/media\/2403"}],"wp:attachment":[{"href":"https:\/\/chargingshop.eu\/pl\/wp-json\/wp\/v2\/media?parent=2402"}],"wp:term":[{"taxonomy":"product_brand","embeddable":true,"href":"https:\/\/chargingshop.eu\/pl\/wp-json\/wp\/v2\/product_brand?post=2402"},{"taxonomy":"product_cat","embeddable":true,"href":"https:\/\/chargingshop.eu\/pl\/wp-json\/wp\/v2\/product_cat?post=2402"},{"taxonomy":"product_tag","embeddable":true,"href":"https:\/\/chargingshop.eu\/pl\/wp-json\/wp\/v2\/product_tag?post=2402"}],"curies":[{"name":"wp","href":"https:\/\/api.w.org\/{rel}","templated":true}]}}