{"id":2790,"date":"2020-08-27T13:29:15","date_gmt":"2020-08-27T13:29:15","guid":{"rendered":"https:\/\/chargingshop.eu\/?page_id=2790"},"modified":"2025-02-10T15:25:26","modified_gmt":"2025-02-10T15:25:26","slug":"samochody-elektryczne","status":"publish","type":"page","link":"https:\/\/chargingshop.eu\/pl\/samochody-elektryczne\/","title":{"rendered":"Firma"},"content":{"rendered":"\n  <div class=\"banner has-hover\" id=\"banner-1486146827\">\n          <div class=\"banner-inner fill\">\n        <div class=\"banner-bg fill\" >\n            <div class=\"bg fill bg-fill \"><\/div>\n                        <div class=\"overlay\"><\/div>            \n                    <\/div>\n\t\t\n        <div class=\"banner-layers container\">\n            <div class=\"fill banner-link\"><\/div>            \n   <div id=\"text-box-1747202021\" class=\"text-box banner-layer x50 md-x50 lg-x50 y50 md-y50 lg-y50 res-text\">\n                                <div class=\"text-box-content text dark text-shadow-3\">\n              \n              <div class=\"text-inner text-center\">\n                  \n<h3>NASZA MISJA<\/h3>\n<div><\/div>\n<div>Nasz\u0105 misj\u0105 jest przyczynienie si\u0119 do ci\u0105g\u0142ego przej\u015bcia na mobilno\u015b\u0107 w 100% elektryczn\u0105, dzi\u0119ki kt\u00f3rej \u0142adowanie pojazd\u00f3w elektrycznych b\u0119dzie dost\u0119pne dla wszystkich w spos\u00f3b powietrzny, wsz\u0119dzie.<\/div>\n<div><\/div>\n<h3>NASZA WIZJA<\/h3>\n<div><\/div>\n<div>Ma sta\u0107 si\u0119 najwi\u0119kszym punktem kompleksowej obs\u0142ugi i centrum wiedzy, pomagaj\u0105cym ka\u017cdemu kierowcy EV porusza\u0107 si\u0119 w ci\u0105gle zmieniaj\u0105cym si\u0119 sektorze mobilno\u015bci elektrycznej i inteligentnej energii<\/div>\n              <\/div>\n           <\/div>\n                            \n<style>\n#text-box-1747202021 {\n  width: 60%;\n}\n#text-box-1747202021 .text-box-content {\n  font-size: 100%;\n}\n<\/style>\n    <\/div>\n \n        <\/div>\n      <\/div>\n\n            \n<style>\n#banner-1486146827 {\n  padding-top: 496px;\n  background-color: rgb(174, 165, 165);\n}\n#banner-1486146827 .bg.bg-loaded {\n  background-image: 8903;\n}\n#banner-1486146827 .overlay {\n  background-color: rgba(0, 0, 0, 0.06);\n}\n#banner-1486146827 .bg {\n  background-position: 52% 2%;\n}\n#banner-1486146827 .ux-shape-divider--top svg {\n  height: 150px;\n  --divider-top-width: 100%;\n}\n#banner-1486146827 .ux-shape-divider--bottom svg {\n  height: 150px;\n  --divider-width: 100%;\n}\n<\/style>\n  <\/div>\n\n\n<div class=\"container section-title-container\" ><h3 class=\"section-title section-title-center\"><b><\/b><span class=\"section-title-main\" >CHRG Network platform<\/span><b><\/b><\/h3><\/div>\n<div class=\"row\"  id=\"row-1741405047\">\n\n\t<div id=\"col-577766237\" class=\"col medium-6 small-12 large-6\"  >\n\t\t\t\t<div class=\"col-inner\"  >\n\t\t\t\n\t\t\t\n\t<div class=\"img has-hover x md-x lg-x y md-y lg-y\" id=\"image_202507156\">\n\t\t\t\t\t\t\t\t<div class=\"img-inner dark\" >\n\t\t\t<img decoding=\"async\" width=\"800\" height=\"357\" src=\"https:\/\/chargingshop.eu\/wp-content\/uploads\/2020\/01\/green-charging-station_-800x357.jpg\" class=\"attachment-medium size-medium\" alt=\"Green energy ev charging\" srcset=\"https:\/\/chargingshop.eu\/wp-content\/uploads\/2020\/01\/green-charging-station_-800x357.jpg 800w, https:\/\/chargingshop.eu\/wp-content\/uploads\/2020\/01\/green-charging-station_-768x343.jpg 768w, https:\/\/chargingshop.eu\/wp-content\/uploads\/2020\/01\/green-charging-station_-510x228.jpg 510w, https:\/\/chargingshop.eu\/wp-content\/uploads\/2020\/01\/green-charging-station_.jpg 1343w\" sizes=\"(max-width: 800px) 100vw, 800px\" \/>\t\t\t\t\t\t\n\t\t\t\t\t<\/div>\n\t\t\t\t\t\t\t\t\n<style>\n#image_202507156 {\n  width: 100%;\n}\n<\/style>\n\t<\/div>\n\t\n\t\t<\/div>\n\t\t\t\t\t<\/div>\n\n\t\n\n\t<div id=\"col-1999731267\" class=\"col medium-6 small-12 large-6\"  >\n\t\t\t\t<div class=\"col-inner\"  >\n\t\t\t\n\t\t\t\n<h3>\u0141\u0105czymy przemys\u0142 motoryzacyjny i energetyczny<\/h3>\n<p>Obecna transformacja energetyczna zak\u0142\u00f3ca status quo. Pojawia si\u0119 nowe, ekologiczne \u017ar\u00f3d\u0142o energii, prowadz\u0105ce do strukturalnej i trwa\u0142ej zmiany poda\u017cy, popytu i cen.<\/p>\n<p>Po stronie poda\u017cy b\u0119dziemy mie\u0107 zdecentralizowan\u0105 sie\u0107 ma\u0142ych producent\u00f3w energii. Po stronie popytu b\u0119dziemy mieli do czynienia z ca\u0142kowit\u0105 transformacj\u0105 transportu paliw kopalnych w kierunku czystych pojazd\u00f3w, kt\u00f3re s\u0105 w pe\u0142ni zasilane energi\u0105 elektryczn\u0105. Odkryj, jak rewolucja samochod\u00f3w elektrycznych i transformacja energetyczna splataj\u0105 si\u0119 z ekskluzywnymi ofertami Media Expert. Skorzystaj z kod\u00f3w rabatowych <a href=\"https:\/\/www.dziennik.pl\/kody-rabatowe\/media-expert\" target=\"_blank\" rel=\"noopener\">dost\u0119pnych na Dziennik<\/a> aby oszcz\u0119dza\u0107 na nowoczesnych produktach technologicznych i rozwi\u0105zaniach dla zielonej przysz\u0142o\u015bci. Dzi\u0119ki tym promocjom zainwestujesz w innowacje i zr\u00f3wnowa\u017cony rozw\u00f3j, aktywnie przyczyniaj\u0105c si\u0119 do transformacji energetycznej. Nie przegap okazji, aby ulepszy\u0107 swoje do\u015bwiadczenia technologiczne i przyj\u0105\u0107 ekologiczny styl \u017cycia!<\/p>\n<p>Jeste\u015bmy tutaj, aby wspiera\u0107 ka\u017cd\u0105 osob\u0119 lub firm\u0119, kt\u00f3ra chce przyczyni\u0107 si\u0119 do tej transformacji.<\/p>\n<p>Stw\u00f3rzmy razem spo\u0142eczn\u0105 sie\u0107 CHRG!<\/p>\n<p style=\"text-align: center;\"><strong>GET IN CHRG!<\/strong><\/p>\n\t\t<\/div>\n\t\t\t\t\t<\/div>\n\n\t\n<\/div>\n","protected":false},"excerpt":{"rendered":"","protected":false},"author":1,"featured_media":0,"parent":0,"menu_order":18,"comment_status":"closed","ping_status":"closed","template":"page-blank.php","meta":{"footnotes":""},"class_list":["post-2790","page","type-page","status-publish","hentry"],"_links":{"self":[{"href":"https:\/\/chargingshop.eu\/pl\/wp-json\/wp\/v2\/pages\/2790","targetHints":{"allow":["GET"]}}],"collection":[{"href":"https:\/\/chargingshop.eu\/pl\/wp-json\/wp\/v2\/pages"}],"about":[{"href":"https:\/\/chargingshop.eu\/pl\/wp-json\/wp\/v2\/types\/page"}],"author":[{"embeddable":true,"href":"https:\/\/chargingshop.eu\/pl\/wp-json\/wp\/v2\/users\/1"}],"replies":[{"embeddable":true,"href":"https:\/\/chargingshop.eu\/pl\/wp-json\/wp\/v2\/comments?post=2790"}],"version-history":[{"count":0,"href":"https:\/\/chargingshop.eu\/pl\/wp-json\/wp\/v2\/pages\/2790\/revisions"}],"wp:attachment":[{"href":"https:\/\/chargingshop.eu\/pl\/wp-json\/wp\/v2\/media?parent=2790"}],"curies":[{"name":"wp","href":"https:\/\/api.w.org\/{rel}","templated":true}]}}