{"id":72287,"date":"2025-06-14T10:14:50","date_gmt":"2025-06-14T10:14:50","guid":{"rendered":"https:\/\/chargingshop.eu\/product\/sungrow-idc-180e-kw-120-150-180-kw-lader\/"},"modified":"2025-06-14T10:14:50","modified_gmt":"2025-06-14T10:14:50","slug":"sungrow-idc-180e-kw-120-150-180-kw-lader","status":"publish","type":"product","link":"https:\/\/chargingshop.eu\/no\/produkt\/sungrow-idc-180e-kw-120-150-180-kw-lader\/","title":{"rendered":"Sungrow IDC 180E kW 120\/150\/180 kW lader"},"content":{"rendered":"<h2>Sungrow IDC 180E kW 120\/150\/180 kW lader<\/h2>\n<ul class=\"prtextlist prtext m0aoto ovh ani swiper-slide-active\">\n<li class=\"MonLight f16 pt-page-delay100 animated fadeInUp\">\n<div class=\"f20 MonRegular ce97702\">P\u00c5LITELIG OG TRYGG<\/div>\n<p>IP65-beskyttelse og C5 anti-korrosjon<\/p>\n<p>Lang levetid p\u00e5 over 10 \u00e5r<\/p>\n<p>Bekymringsfritt vedlikehold uten \u00e5 bytte st\u00f8vfiltermatte<\/p>\n<p>Egenutviklede og egenproduserte kraftmoduler<\/li>\n<li class=\"MonLight f16 pt-page-delay300 animated fadeInUp\">\n<div class=\"f20 MonRegular ce97702\">BRUKERVENNLIG<\/div>\n<p>St\u00f8tter flere autentiserings- og betalingsalternativer<\/p>\n<p>System for h\u00e5ndtering av ladekabler for f\u00f8rsteklasses brukeropplevelse<\/li>\n<li class=\"MonLight f16 pt-page-delay500 animated fadeInUp\">\n<div class=\"f20 MonRegular ce97702\">EFFEKTIV OG SMART<\/div>\n<p>Maks. effektivitet opp til 96,5 %. <\/p>\n<p>Dynamisk laststyring for \u00e5 optimalisere lading av elbiler<\/li>\n<li class=\"MonLight f16 pt-page-delay700 animated fadeInUp\">\n<div class=\"f20 MonRegular ce97702\">FLEKSIBEL ANVENDELSE<\/div>\n<p>Adaptivt spenningsomr\u00e5de 200-920 Vdc<\/p>\n<p>Kompatibilitet med PV-ESS-system reservert<\/li>\n<\/ul>\n<div>Produktfordeler:<\/div>\n<div>&#8211; To ladepunkter med dynamisk lastfordeling<\/div>\n<div>&#8211; Komfortabel 10-tommers ber\u00f8ringsskjerm<\/div>\n<div>&#8211; Design i samsvar med kalibreringsloven<\/div>\n<div><\/div>\n<div>Produktfunksjoner:<\/div>\n<div>&#8211; Ladekapasitet per ladepunkt: 90 kW<\/div>\n<div>&#8211; Antall ladepunkter: 2<\/div>\n<div>&#8211; DC-tilkobling: CCS2<\/div>\n<div>&#8211; Lengde p\u00e5 ladekabelen: 5.0 m<\/div>\n<div>&#8211; DC-overskuddslading: nei<\/div>\n<div>&#8211; AC-tilkobling: 400V, 3-fase<\/div>\n<div>&#8211; Adgangskontroll: PTB \/ kalibreringslov<\/div>\n<div>&#8211; Kommunikasjon: Ethernet, 2G, 3G, 4G, Bluetooth<\/div>\n<div>&#8211; Protokoll: OCPP 2.0.1<\/div>\n<div>&#8211; Dimensjoner: 2000 x 900 x 750 mm (HxBxD)<\/div>\n<div>&#8211; Beskyttelsesklasse: IP65<\/div>\n<div>&#8211; Vekt: 450,0 kg<\/div>\n<div><\/div>\n<div><a href=\"https:\/\/chargingshop.eu\/wp-content\/uploads\/2024\/12\/DS_20241022_IDC180E_Datasheet_V3_EN.pdf\">DS_20241022_IDC180E_Datasheet_V3_EN<\/a><\/div>\n","protected":false},"excerpt":{"rendered":"<p>Med IDC180E tilbyr Sungrow n\u00e5 ogs\u00e5 en DC-lader for offentlig bruk. De to ladepunktene med fleksibel kabelh\u00e5ndtering og en ladekapasitet p\u00e5 opptil 180 kW kan aktiveres via en app, RFID eller betalingsterminalen, avhengig av versjon. Det er mulig \u00e5 utf\u00f8re effektm\u00e5lingen med en m\u00e5ler som er i samsvar med lovbestemt metrologi. Laderen er kompatibel med alle aktuelle bilmodeller.   <\/p>\n","protected":false},"featured_media":0,"comment_status":"closed","ping_status":"closed","template":"","meta":[],"product_brand":[],"product_cat":[296],"product_tag":[],"class_list":{"0":"post-72287","1":"product","2":"type-product","3":"status-publish","5":"product_cat-dc-chargers-no","6":"pa_brand-wallbox-ladestasjon","8":"first","9":"instock","10":"sale","11":"taxable","12":"shipping-taxable","13":"purchasable","14":"product-type-simple"},"_links":{"self":[{"href":"https:\/\/chargingshop.eu\/no\/wp-json\/wp\/v2\/product\/72287","targetHints":{"allow":["GET"]}}],"collection":[{"href":"https:\/\/chargingshop.eu\/no\/wp-json\/wp\/v2\/product"}],"about":[{"href":"https:\/\/chargingshop.eu\/no\/wp-json\/wp\/v2\/types\/product"}],"replies":[{"embeddable":true,"href":"https:\/\/chargingshop.eu\/no\/wp-json\/wp\/v2\/comments?post=72287"}],"wp:attachment":[{"href":"https:\/\/chargingshop.eu\/no\/wp-json\/wp\/v2\/media?parent=72287"}],"wp:term":[{"taxonomy":"product_brand","embeddable":true,"href":"https:\/\/chargingshop.eu\/no\/wp-json\/wp\/v2\/product_brand?post=72287"},{"taxonomy":"product_cat","embeddable":true,"href":"https:\/\/chargingshop.eu\/no\/wp-json\/wp\/v2\/product_cat?post=72287"},{"taxonomy":"product_tag","embeddable":true,"href":"https:\/\/chargingshop.eu\/no\/wp-json\/wp\/v2\/product_tag?post=72287"}],"curies":[{"name":"wp","href":"https:\/\/api.w.org\/{rel}","templated":true}]}}