{"id":72282,"date":"2025-06-14T10:14:42","date_gmt":"2025-06-14T10:14:42","guid":{"rendered":"https:\/\/chargingshop.eu\/product\/alfen-eve-single-pro-line-22kw-med-stikkontakt\/"},"modified":"2025-06-14T10:14:45","modified_gmt":"2025-06-14T10:14:45","slug":"alfen-eve-single-pro-line-22kw-med-stikkontakt","status":"publish","type":"product","link":"https:\/\/chargingshop.eu\/no\/produkt\/alfen-eve-single-pro-line-22kw-med-stikkontakt\/","title":{"rendered":"Alfen Eve Single Pro Line 22kW med stikkontakt"},"content":{"rendered":"<div class=\"video video-fit mb\" style=\"padding-top:56.25%;\"><p><iframe title=\"Alfen installatievideo Eve Single Pro-line (Nederlands) - Alfen Charging Equipment\" width=\"1020\" height=\"574\" src=\"https:\/\/www.youtube.com\/embed\/iq98ee6rMCM?feature=oembed\" frameborder=\"0\" allow=\"accelerometer; autoplay; clipboard-write; encrypted-media; gyroscope; picture-in-picture; web-share\" referrerpolicy=\"strict-origin-when-cross-origin\" allowfullscreen><\/iframe><\/p>\n<\/div>\n<p><strong>Alfen Eve Single Pro Line 22kW med stikkontakt n\u00f8kkelfunksjoner:<\/strong><\/p>\n<ul data-rte-list=\"default\">\n<li>\n<p class=\"\">Leverer opptil <strong> 22 kW vekselstr\u00f8m<\/strong><\/p>\n<\/li>\n<li><strong>DC-lekkasjebeskyttelse<\/strong> &#8211; Denne stasjonen har innebygd DC-lekkasjebeskyttelse, som oppdager likestr\u00f8mslekkasje (DC) og stopper den umiddelbart. Dette beskytter b\u00e5de elbilen og str\u00f8mnettet mot eventuelle elektriske feil eller skader. <\/li>\n<li><strong>Display<\/strong> &#8211; Brukergrensesnittet, med st\u00f8tte for flere spr\u00e5k, er enkelt \u00e5 bruke og gir all n\u00f8dvendig informasjon for b\u00e5de f\u00f8rstegangsbrukere og avanserte brukere.<\/li>\n<li><strong>Appkontroll<\/strong> &#8211; Med appen kan du fjernoverv\u00e5ke ladeprosessen, sette opp en ladeplan og se ladehistorikken.<\/li>\n<li><strong>RFID<\/strong> &#8211; Ladestasjonen er utstyrt med en brukeridentifikasjonsfunksjon ved hjelp av RFID (fysisk token) eller Charged-appen.<br \/>\nPro-line-modellen har ogs\u00e5 en integrert skjerm p\u00e5 ladestasjonen for \u00e5 overv\u00e5ke ladeprosessen.<\/li>\n<\/ul>\n<p>DATABLAD:<\/p>\n<p><strong><a href=\"https:\/\/chargingshop.eu\/wp-content\/uploads\/2025\/01\/Alfen-Eve-Single-Pro-Line_DATASHEET.pdf\">Alfen-Eve-Single-Pro-Line_DATASHEET<\/a><\/strong><\/p>\n","protected":false},"excerpt":{"rendered":"<div class=\"flex-shrink-0 flex flex-col relative items-end\">\n<div class=\"pt-0\">\n<div class=\"gizmo-bot-avatar flex h-8 w-8 items-center justify-center overflow-hidden rounded-full\">\n<div class=\"relative p-1 rounded-sm flex items-center justify-center bg-token-main-surface-primary text-token-text-primary h-8 w-8\">Alfen Eve Single Pro-line 22 kW 3-faset ladestasjon med DISPLAY &#8211; en f\u00f8rsteklasses l\u00f8sning for sikker og p\u00e5litelig lading hjemme eller p\u00e5 offentlige steder.<\/div>\n<div>OCPP-kompatible enheter kan derfor kobles til den nettbaserte plattformen &#8220;Charged&#8221; (back-end) og dermed styres via en mobilapp.<\/div>\n<\/div>\n<\/div>\n<\/div>\n<p>&nbsp;<\/p>\n","protected":false},"featured_media":0,"comment_status":"open","ping_status":"closed","template":"","meta":[],"product_brand":[],"product_cat":[210],"product_tag":[1545],"class_list":{"0":"post-72282","1":"product","2":"type-product","3":"status-publish","5":"product_cat-wallbox-chargers","6":"product_tag-etrel-inch-pro-no","7":"pa_brand-alfen-no","9":"first","10":"instock","11":"sale","12":"taxable","13":"shipping-taxable","14":"purchasable","15":"product-type-simple"},"_links":{"self":[{"href":"https:\/\/chargingshop.eu\/no\/wp-json\/wp\/v2\/product\/72282","targetHints":{"allow":["GET"]}}],"collection":[{"href":"https:\/\/chargingshop.eu\/no\/wp-json\/wp\/v2\/product"}],"about":[{"href":"https:\/\/chargingshop.eu\/no\/wp-json\/wp\/v2\/types\/product"}],"replies":[{"embeddable":true,"href":"https:\/\/chargingshop.eu\/no\/wp-json\/wp\/v2\/comments?post=72282"}],"wp:attachment":[{"href":"https:\/\/chargingshop.eu\/no\/wp-json\/wp\/v2\/media?parent=72282"}],"wp:term":[{"taxonomy":"product_brand","embeddable":true,"href":"https:\/\/chargingshop.eu\/no\/wp-json\/wp\/v2\/product_brand?post=72282"},{"taxonomy":"product_cat","embeddable":true,"href":"https:\/\/chargingshop.eu\/no\/wp-json\/wp\/v2\/product_cat?post=72282"},{"taxonomy":"product_tag","embeddable":true,"href":"https:\/\/chargingshop.eu\/no\/wp-json\/wp\/v2\/product_tag?post=72282"}],"curies":[{"name":"wp","href":"https:\/\/api.w.org\/{rel}","templated":true}]}}