{"id":72277,"date":"2025-06-14T10:14:36","date_gmt":"2025-06-14T10:14:36","guid":{"rendered":"https:\/\/chargingshop.eu\/product\/byd-hvs-5-1-fronius-symo-gen24-10-0-plus-hybrid-vekselretter\/"},"modified":"2025-06-14T10:14:39","modified_gmt":"2025-06-14T10:14:39","slug":"byd-hvs-5-1-fronius-symo-gen24-10-0-plus-hybrid-vekselretter","status":"publish","type":"product","link":"https:\/\/chargingshop.eu\/no\/produkt\/byd-hvs-5-1-fronius-symo-gen24-10-0-plus-hybrid-vekselretter\/","title":{"rendered":"BYD HVS 5.1 + Fronius Symo GEN24 10.0 Plus hybrid vekselretter"},"content":{"rendered":"<p>BYD HVS 5.1 + Fronius Symo GEN24 10.0 Plus hybrid vekselretter<\/p>\n<p>SETTET INKLUDERER:<\/p>\n<p>1 x Fronius Symo GEN24 10.0 Plus hybrid vekselretter<\/p>\n<p>1 x BYD Premium HV BCU+Base<\/p>\n<p>1 x BYD Battery-Box Premium HVS (25Ah) &#8211; Modul<\/p>\n<p>1 x Fronius Smart Meter 63A-3<\/p>\n<p>BYD HVS 5.1<\/p>\n<p>Fronius Symo GEN24 10.0 Plus Hybrid Solar Inverter<br \/>\nHybrid vekselretter med individuell reservestr\u00f8m<\/p>\n<p>Denne hybridomformeren kan drives med eller uten batteri. Fronius Symo GEN24 Plus leverer derfor den h\u00f8yeste grad av forsyningssikkerhet for hjemmebruk. <\/p>\n<p>Den innovative Fronius Symo GEN24 10.0 Plus tilbyr for f\u00f8rste gang en grunnleggende n\u00f8dstr\u00f8mforsyning. Det betyr at du har en backup selv om du ikke kj\u00f8per et batteri sammen med den. For de kundene som allerede har et batteri, tilbyr Fronius Symo GEN24 imidlertid en fullverdig reservel\u00f8sning (en velpr\u00f8vd l\u00f8sning) som kan forsyne hele husholdningen med n\u00f8dstr\u00f8m.<\/p>\n<div class=\"video video-fit mb\" style=\"padding-top:56.25%;\"><p><iframe title=\"Spotlight: Fronius GEN24 Plus - uniquely versatile\" width=\"1020\" height=\"574\" src=\"https:\/\/www.youtube.com\/embed\/fQ3dTXs3Q2U?feature=oembed\" frameborder=\"0\" allow=\"accelerometer; autoplay; clipboard-write; encrypted-media; gyroscope; picture-in-picture; web-share\" referrerpolicy=\"strict-origin-when-cross-origin\" allowfullscreen><\/iframe><\/p>\n<\/div>\n<p>Fronius GEN24 Plus hybridomformerne er derfor den ideelle l\u00f8sningen for ulike bruksomr\u00e5der og kundekrav. Den egner seg for de kundene som allerede har batteri fra dag \u00e9n. Fronius Ohmpilot-systemet gj\u00f8r det mulig \u00e5 bruke solcelleenergi til \u00e5 varme opp varmtvann hjemme. Du kan ogs\u00e5 velge \u00e5 integrere solcellesystemet i en hjemmeautomatiseringspakke. Fronius GEN24 Plus er en universell l\u00f8sning og vil alltid v\u00e6re det riktige valget &#8211; b\u00e5de for nye systemer og ved oppgradering og utvidelse av eksisterende solcelleanlegg.    <\/p>\n<p>Fronius omformere i GEN24-serien er dessuten sv\u00e6rt enkle \u00e5 installere, sette i drift og utf\u00f8re service p\u00e5. Den er universell og kan brukes i alle typer anlegg. Fronius GEN24-serien st\u00f8tter allerede velpr\u00f8vde Fronius-teknologier, f.eks. SuperFlex Design, som ogs\u00e5 finnes i Primo GEN24 Plus og Symo GEN24 Plus &#8211; enheter som tilbyr ideelle lagringsl\u00f8sninger for enfasede og store trefasede systemer.  <\/p>\n<p>Kompatible batterier:<\/p>\n<p>BYD Battery-Box Premium HVS 5.1<br \/>\nBYD Battery-Box Premium HVS 7.7<br \/>\nBYD Battery-Box Premium HVS 10.2<br \/>\nBYD Battery-Box Premium HVM 11.0<br \/>\nBYD Battery-Box Premium HVM 13.8<br \/>\nBYD Battery-Box Premium HVM 16.6<br \/>\nBYD Battery-Box Premium HVM 19.3<br \/>\nBYD Battery-Box Premium HVM 22.1<\/p>\n<p><a href=\"https:\/\/chargingshop.eu\/wp-content\/uploads\/2022\/12\/Fronius_Symo_GEN24_Plus_Datasheet.pdf\">Fronius_Symo_GEN24_Plus_Datablad<\/a><\/p>\n<h3><strong>Hovedspesifikasjoner:<\/strong><\/h3>\n<p>Netttilkobling (spenningsomr\u00e5de):3~NPE 400 V \/ 230 V eller 3~NPE 380 V \/ 220 V (+ 20 % \/ &#8211; 30 %)<\/p>\n<p>Omgivelsestemperatur 0 til 50 grader Celsius<\/p>\n<p>Maks. inngangsstr\u00f8m (Idc max MPPT1 \/ MPPT2) 25 A \/ 12,5 A <\/p>\n<p>Frekvensomr\u00e5de 50 Hz \/ 60 Hz (45 Hz &#8211; 66 Hz)<\/p>\n<p>Effekt 10 KW<\/p>\n<p>Nominell utgangseffekt PV Point \/ full backup 3 000 VA \/ 10 000 VA <\/p>\n<p>IP-klassifisering IP66<\/p>\n","protected":false},"excerpt":{"rendered":"<p>SUPER SALG UNITIL 10. februar 2025 ELLER S\u00c5 LENGE LAGERET REKKER!<\/p>\n<p>BYD HVS 5.1 + Fronius Symo GEN24 10.0 Plus hybrid inverter<\/p>\n<p>SETTET INKLUDERER:<\/p>\n<p>1 x Fronius Symo GEN24 10.0 Plus hybrid inverter<\/p>\n<p>1 x BYD Premium HV BCU+Base<\/p>\n<p>1 x BYD Battery-Box Premium HVS (25Ah) &#8211; Modul<\/p>\n<p>1 x Fronius Smart Meter 63A-3<\/p>\n<p>&nbsp;<\/p>\n","protected":false},"featured_media":0,"comment_status":"open","ping_status":"closed","template":"","meta":[],"product_brand":[],"product_cat":[811],"product_tag":[],"class_list":{"0":"post-72277","1":"product","2":"type-product","3":"status-publish","5":"product_cat-solar-panels-no","6":"pa_brand-fronius-no","8":"first","9":"instock","10":"taxable","11":"shipping-taxable","12":"purchasable","13":"product-type-simple"},"_links":{"self":[{"href":"https:\/\/chargingshop.eu\/no\/wp-json\/wp\/v2\/product\/72277","targetHints":{"allow":["GET"]}}],"collection":[{"href":"https:\/\/chargingshop.eu\/no\/wp-json\/wp\/v2\/product"}],"about":[{"href":"https:\/\/chargingshop.eu\/no\/wp-json\/wp\/v2\/types\/product"}],"replies":[{"embeddable":true,"href":"https:\/\/chargingshop.eu\/no\/wp-json\/wp\/v2\/comments?post=72277"}],"wp:attachment":[{"href":"https:\/\/chargingshop.eu\/no\/wp-json\/wp\/v2\/media?parent=72277"}],"wp:term":[{"taxonomy":"product_brand","embeddable":true,"href":"https:\/\/chargingshop.eu\/no\/wp-json\/wp\/v2\/product_brand?post=72277"},{"taxonomy":"product_cat","embeddable":true,"href":"https:\/\/chargingshop.eu\/no\/wp-json\/wp\/v2\/product_cat?post=72277"},{"taxonomy":"product_tag","embeddable":true,"href":"https:\/\/chargingshop.eu\/no\/wp-json\/wp\/v2\/product_tag?post=72277"}],"curies":[{"name":"wp","href":"https:\/\/api.w.org\/{rel}","templated":true}]}}