{"id":72269,"date":"2025-06-14T10:14:28","date_gmt":"2025-06-14T10:14:28","guid":{"rendered":"https:\/\/chargingshop.eu\/product\/h1029-a-etrel-inch-duo-reservedel-hovedkort-pcba\/"},"modified":"2025-06-14T10:14:28","modified_gmt":"2025-06-14T10:14:28","slug":"h1029-a-etrel-inch-duo-reservedel-hovedkort-pcba","status":"publish","type":"product","link":"https:\/\/chargingshop.eu\/no\/produkt\/h1029-a-etrel-inch-duo-reservedel-hovedkort-pcba\/","title":{"rendered":"H1029-A ETREL INCH DUO &#8211; RESERVEDEL &#8211; Hovedkort-PCBA"},"content":{"rendered":"<div class=\"wpb_text_column wpb_content_element \">\n<div class=\"wpb_wrapper\">\n<div class=\"wpb_text_column wpb_content_element \">\n<div class=\"wpb_wrapper\">\n<div class=\"wpb_text_column wpb_content_element \">\n<div class=\"wpb_wrapper\">\n<div class=\"wpb_text_column wpb_content_element \">\n<div class=\"wpb_wrapper\">\n<p>H1029-A &#8211; ETREL INCH DUO &#8211; RESERVEDEL &#8211; PCBA for hovedkort &#8211; H1029-A<\/p>\n<\/div>\n<p>3 enheter tilgjengelig<\/p>\n<\/div>\n<\/div>\n<\/div>\n<\/div>\n<\/div>\n<\/div>\n<\/div>\n","protected":false},"excerpt":{"rendered":"<p>Tilgjengelig p\u00e5 lager &#8211; kontakt sales@chargingshop.eu for \u00e5 f\u00e5 0 % mva-kvote<\/p>\n<p>&nbsp;<\/p>\n<p>&nbsp;<\/p>\n<p>&nbsp;<\/p>\n","protected":false},"featured_media":0,"comment_status":"open","ping_status":"closed","template":"","meta":[],"product_brand":[],"product_cat":[229],"product_tag":[],"class_list":{"0":"post-72269","1":"product","2":"type-product","3":"status-publish","5":"product_cat-post-chargers-no","6":"pa_brand-etrel-no","8":"first","9":"instock","10":"taxable","11":"shipping-taxable","12":"purchasable","13":"product-type-simple"},"_links":{"self":[{"href":"https:\/\/chargingshop.eu\/no\/wp-json\/wp\/v2\/product\/72269","targetHints":{"allow":["GET"]}}],"collection":[{"href":"https:\/\/chargingshop.eu\/no\/wp-json\/wp\/v2\/product"}],"about":[{"href":"https:\/\/chargingshop.eu\/no\/wp-json\/wp\/v2\/types\/product"}],"replies":[{"embeddable":true,"href":"https:\/\/chargingshop.eu\/no\/wp-json\/wp\/v2\/comments?post=72269"}],"wp:attachment":[{"href":"https:\/\/chargingshop.eu\/no\/wp-json\/wp\/v2\/media?parent=72269"}],"wp:term":[{"taxonomy":"product_brand","embeddable":true,"href":"https:\/\/chargingshop.eu\/no\/wp-json\/wp\/v2\/product_brand?post=72269"},{"taxonomy":"product_cat","embeddable":true,"href":"https:\/\/chargingshop.eu\/no\/wp-json\/wp\/v2\/product_cat?post=72269"},{"taxonomy":"product_tag","embeddable":true,"href":"https:\/\/chargingshop.eu\/no\/wp-json\/wp\/v2\/product_tag?post=72269"}],"curies":[{"name":"wp","href":"https:\/\/api.w.org\/{rel}","templated":true}]}}