{"id":72255,"date":"2025-06-14T10:13:58","date_gmt":"2025-06-14T10:13:58","guid":{"rendered":"https:\/\/chargingshop.eu\/product\/v2c-trydan-22kw-pro-rfid-4g-sim-inkl-skjerm-type-2-spring-kabel-svart\/"},"modified":"2025-06-14T10:14:00","modified_gmt":"2025-06-14T10:14:00","slug":"v2c-trydan-22kw-pro-rfid-4g-sim-inkl-skjerm-type-2-spring-kabel-svart","status":"publish","type":"product","link":"https:\/\/chargingshop.eu\/no\/produkt\/v2c-trydan-22kw-pro-rfid-4g-sim-inkl-skjerm-type-2-spring-kabel-svart\/","title":{"rendered":"V2C Trydan 22kW PRO &#8211; RFID, 4G SIM inkl, skjerm, Type 2 SPRING-kabel, svart"},"content":{"rendered":"<div class=\"elementor-element elementor-element-6d87fa2 elementor-widget elementor-widget-heading\" data-id=\"6d87fa2\" data-element_type=\"widget\" data-widget_type=\"heading.default\">\n<div class=\"elementor-widget-container\">\n<p>V2C Trydan 22kW PRO med SPRING CABLE &#8211; Innovativ og intelligent lading p\u00e5 jobben, hjemme, og den ultimate bruker- og ladekontrollen med app eller webdashboard.<br \/>\n4G SIM-kort inkludert for uavbrutt tilkobling!<br \/>\nRFID &#8211; standard for brukertilgangsadministrasjon!<\/p>\n<h4 class=\"elementor-heading-title elementor-size-default\">Trydan er synonymt med <b><i>Tri &#8211; <\/i>forbindelse<\/b><\/h4>\n<\/div>\n<\/div>\n<div class=\"elementor-element elementor-element-3efa5b8a elementor-position-left elementor-view-default elementor-vertical-align-top elementor-widget elementor-widget-icon-box\" data-id=\"3efa5b8a\" data-element_type=\"widget\" data-widget_type=\"icon-box.default\">\n<div class=\"elementor-widget-container\">\n<div class=\"elementor-icon-box-wrapper\">\n<div class=\"elementor-icon-box-content\">\n<h4 class=\"elementor-icon-box-title\"><em>Koble til telefonen din.<\/em><\/h4>\n<p>Nyt alle fordelene med V2C Cloud-appen som kobles til via WiFi eller Bluetooth: kontroller ladingen, sjekk statistikk og planlegg i henhold til dine behov.<\/p>\n<\/div>\n<\/div>\n<\/div>\n<\/div>\n<div class=\"elementor-element elementor-element-5f394a06 elementor-position-left elementor-view-default elementor-vertical-align-top elementor-widget elementor-widget-icon-box\" data-id=\"5f394a06\" data-element_type=\"widget\" data-widget_type=\"icon-box.default\">\n<div class=\"elementor-widget-container\">\n<div class=\"elementor-icon-box-wrapper\">\n<h4 class=\"elementor-icon-box-title\"><em>Koble til Alexa.<\/em><\/h4>\n<p class=\"elementor-icon-box-title\">Tenk deg \u00e5 si &#8220;Alexa, start ladingen av elbilen min&#8221;. Med Trydan er det en realitet. Stemmen din sender inn bestillinger, og Alexa utf\u00f8rer dem.  <\/p>\n<\/div>\n<\/div>\n<\/div>\n<div class=\"elementor-element elementor-element-49f5b55a elementor-position-left elementor-view-default elementor-vertical-align-top elementor-widget elementor-widget-icon-box\" data-id=\"49f5b55a\" data-element_type=\"widget\" data-widget_type=\"icon-box.default\">\n<div class=\"elementor-widget-container\">\n<div class=\"elementor-icon-box-wrapper\">\n<h4 class=\"elementor-icon-box-title\"><strong><em>Koble til solcelleomformeren og lad solcelleprodusert str\u00f8m til elbilen din<\/em><\/strong><\/h4>\n<div class=\"elementor-icon-box-content\">\n<p class=\"elementor-icon-box-description\">Trydan har det mest komplette solcelleintegreringssystemet som gj\u00f8r at du kan lade direkte fra solkraftverket.  <span style=\"font-size: 14.4px;\">En solcellelader for elbiler fungerer slik at du kan bruke overfl\u00f8dig solenergi til \u00e5 lade elbilen din direkte. Det betyr GRATIS energi til \u00e5 drive elbilen din! <\/span><\/p>\n<p>  Solar EV Charger er enkel \u00e5 installere og bruke, noe som \u00f8ker avkastningen p\u00e5 investeringen (ROI) for panelene og elbilen din. Men ikke bekymre deg hvis du ikke har solcellepaneler, for EV Charger vil fortsatt fungere som en konvensjonell lader som bruker str\u00f8m fra str\u00f8mnettet. <\/p>\n<p>* Trydan er kompatibel med alle solcelleomformere. Tr\u00e5dl\u00f8st etablerer den en direkte forbindelse til <strong>GoodWe<\/strong>, <strong>Fronius<\/strong>, <strong>Huawei,<\/strong> <strong>Ingeteam<\/strong>, <strong>Kostal<\/strong>,<strong> SolarEdge<\/strong>,<strong> SolaX<\/strong>, <strong>Victron<\/strong>, <strong>Shelly <\/strong>og<strong> Wibeee-m\u00e5lere<\/strong>. <\/p>\n<\/div>\n<\/div>\n<\/div>\n<\/div>\n<p>&nbsp;<\/p>\n<div class=\"video video-fit mb\" style=\"padding-top:56.25%;\"><p><iframe title=\"Trydan Pro - The perfect evolution\" width=\"1020\" height=\"574\" src=\"https:\/\/www.youtube.com\/embed\/TSnKat2HRcU?feature=oembed\" frameborder=\"0\" allow=\"accelerometer; autoplay; clipboard-write; encrypted-media; gyroscope; picture-in-picture; web-share\" referrerpolicy=\"strict-origin-when-cross-origin\" allowfullscreen><\/iframe><\/p>\n<\/div>\n<p>&nbsp;<\/p>\n<h3><strong><em>Viktige funksjoner<\/em><\/strong><\/h3>\n<p class=\"elementor-icon-box-title\">Dynamisk belastningsstyring &#8211; Den identifiserer det totale energiforbruket i sanntid og justerer ladingen for \u00e5 unng\u00e5 overbelastning.<\/p>\n<p class=\"elementor-icon-box-title\">Home Assistant-integrering &#8211; enest\u00e5ende ladeopplevelse takket v\u00e6re kompatibilitet med hjemmeautomatiseringssystemer.<\/p>\n<p class=\"elementor-icon-box-title\"><strong>Ubegrensede tilkoblingsmuligheter<\/strong> &#8211; Trydan er den eneste e-laderen som gir full kontroll via Telegram-appen takket v\u00e6re V2C Bot. St\u00f8tter kommunikasjon via <strong>OCPP<\/strong>. Trydan inkluderer ogs\u00e5 <strong>OPEN API<\/strong> for utviklere.  <\/p>\n<h3>V2C Cloud<\/h3>\n<p>Ladeopplevelsen l\u00f8ftes til h\u00f8yeste niv\u00e5.<\/p>\n<p>Programmer lasten i det tidsrommet du \u00f8nsker for \u00e5 maksimere besparelsene.<\/p>\n<p>Aktiver eller deaktiver lading, velg intensitet, blokker bruken av laderen og se all statistikk fra V2C Cloud.<\/p>\n<h3><strong>Spesifikasjoner &#8211; modell TRY32-3-L5-M<\/strong><\/h3>\n<ul>\n<li>Innend\u00f8rs og utend\u00f8rs monteringsplassering<\/li>\n<li>Utgangseffekt: 22 kW (3-faset)<\/li>\n<li>Nominell forsyningsspenning: 230 V AC enfaset eller 400 V AC trefaset (+\/- 10 %)<\/li>\n<li>Forsyningsfrekvens: 50\/60 Hz<\/li>\n<li>Farge: svart<\/li>\n<li>Type 2 utgangskabel, 5 m<\/li>\n<li>Nominell str\u00f8m: 32 A maks.<\/li>\n<li>LED med grafisk display<\/li>\n<li>Str\u00f8mforbruk i standby-modus: 3W<\/li>\n<li>Driftstemperatur: -25 \u00b0C til +50 \u00b0C<\/li>\n<li>RFID for kontroll av brukertilgang<\/li>\n<\/ul>\n<p>&nbsp;<\/p>\n<p>&nbsp;<\/p>\n","protected":false},"excerpt":{"rendered":"<p>Den nye V2C Trydan PRO er her!<\/p>\n<p>4G SIM-kort inkludert for uavbrutt tilkobling!<br \/>\nRFID &#8211; standard for styring av brukertilgang!<\/p>\n<p>Innovativ og intelligent lading hjemme, kombinert med elegant og funksjonell design.<\/p>\n<p>En av de smarteste elbilladerne p\u00e5 markedet med utmerket design og mange funksjoner<\/p>\n<ul>\n<li>Har mulighet til \u00e5 lade solenergi til elbilen din n\u00e5r den er tilstrekkelig forsynt via en vekselretter<\/li>\n<li>Dynamisk kraftbalansering &#8211; 3 CT-klemmer inkludert!<\/li>\n<li>Smart &#8211; kan styres med en app<\/li>\n<li>Har skjerm<\/li>\n<li>kan styres med stemmekommandoer via Alexa!<\/li>\n<li>RFID for kontroll av brukertilgang<\/li>\n<\/ul>\n","protected":false},"featured_media":0,"comment_status":"open","ping_status":"closed","template":"","meta":[],"product_brand":[],"product_cat":[1387,210],"product_tag":[1435],"class_list":{"0":"post-72255","1":"product","2":"type-product","3":"status-publish","5":"product_cat-salgstilbud-og-rabatter","6":"product_cat-wallbox-chargers","7":"product_tag-v2c-trydan-pro-no","8":"pa_brand-v2c-no","10":"first","11":"instock","12":"sale","13":"taxable","14":"shipping-taxable","15":"purchasable","16":"product-type-simple"},"_links":{"self":[{"href":"https:\/\/chargingshop.eu\/no\/wp-json\/wp\/v2\/product\/72255","targetHints":{"allow":["GET"]}}],"collection":[{"href":"https:\/\/chargingshop.eu\/no\/wp-json\/wp\/v2\/product"}],"about":[{"href":"https:\/\/chargingshop.eu\/no\/wp-json\/wp\/v2\/types\/product"}],"replies":[{"embeddable":true,"href":"https:\/\/chargingshop.eu\/no\/wp-json\/wp\/v2\/comments?post=72255"}],"wp:attachment":[{"href":"https:\/\/chargingshop.eu\/no\/wp-json\/wp\/v2\/media?parent=72255"}],"wp:term":[{"taxonomy":"product_brand","embeddable":true,"href":"https:\/\/chargingshop.eu\/no\/wp-json\/wp\/v2\/product_brand?post=72255"},{"taxonomy":"product_cat","embeddable":true,"href":"https:\/\/chargingshop.eu\/no\/wp-json\/wp\/v2\/product_cat?post=72255"},{"taxonomy":"product_tag","embeddable":true,"href":"https:\/\/chargingshop.eu\/no\/wp-json\/wp\/v2\/product_tag?post=72255"}],"curies":[{"name":"wp","href":"https:\/\/api.w.org\/{rel}","templated":true}]}}