{"id":72250,"date":"2025-06-14T10:13:53","date_gmt":"2025-06-14T10:13:53","guid":{"rendered":"https:\/\/chargingshop.eu\/product\/abb-smartmeter-d13-15-m-65-modbus\/"},"modified":"2025-06-14T10:13:53","modified_gmt":"2025-06-14T10:13:53","slug":"abb-smartmeter-d13-15-m-65-modbus","status":"publish","type":"product","link":"https:\/\/chargingshop.eu\/no\/produkt\/abb-smartmeter-d13-15-m-65-modbus\/","title":{"rendered":"ABB SmartMeter D13 15-M 65 Modbus"},"content":{"rendered":"<p>D13 15-M 65 Modbus er en trefaset energim\u00e5ler med Modbus RTU, direkte tilkobling opp til 65 A, firekvadrantm\u00e5ling, n\u00f8yaktighet i klasse B for aktiv energi i henhold til MID-direktivet og klasse 2 for reaktiv energi i henhold til IEC 62053-23, \u00e9n digital inngang og \u00e9n digital utgang, kun tre DIN-moduler i bredden og hus i resirkulert plast.<\/p>\n","protected":false},"excerpt":{"rendered":"<p>ABB SmartMeter D13 15-M 65 Modbus &#8211; er en trefaset energim\u00e5ler med Modbus RTU, direkte tilkobling opp til 65 A. kompatibel med alle ABB AC Terra-modeller.<\/p>\n","protected":false},"featured_media":0,"comment_status":"closed","ping_status":"closed","template":"","meta":[],"product_brand":[],"product_cat":[255,210],"product_tag":[],"class_list":{"0":"post-72250","1":"product","2":"type-product","3":"status-publish","5":"product_cat-ladekabel","6":"product_cat-wallbox-chargers","8":"first","9":"instock","10":"sale","11":"taxable","12":"shipping-taxable","13":"purchasable","14":"product-type-simple"},"_links":{"self":[{"href":"https:\/\/chargingshop.eu\/no\/wp-json\/wp\/v2\/product\/72250","targetHints":{"allow":["GET"]}}],"collection":[{"href":"https:\/\/chargingshop.eu\/no\/wp-json\/wp\/v2\/product"}],"about":[{"href":"https:\/\/chargingshop.eu\/no\/wp-json\/wp\/v2\/types\/product"}],"replies":[{"embeddable":true,"href":"https:\/\/chargingshop.eu\/no\/wp-json\/wp\/v2\/comments?post=72250"}],"wp:attachment":[{"href":"https:\/\/chargingshop.eu\/no\/wp-json\/wp\/v2\/media?parent=72250"}],"wp:term":[{"taxonomy":"product_brand","embeddable":true,"href":"https:\/\/chargingshop.eu\/no\/wp-json\/wp\/v2\/product_brand?post=72250"},{"taxonomy":"product_cat","embeddable":true,"href":"https:\/\/chargingshop.eu\/no\/wp-json\/wp\/v2\/product_cat?post=72250"},{"taxonomy":"product_tag","embeddable":true,"href":"https:\/\/chargingshop.eu\/no\/wp-json\/wp\/v2\/product_tag?post=72250"}],"curies":[{"name":"wp","href":"https:\/\/api.w.org\/{rel}","templated":true}]}}