{"id":6413,"date":"2022-01-23T14:07:17","date_gmt":"2022-01-23T14:07:17","guid":{"rendered":"https:\/\/chargingshop.eu\/product\/solcelle-carport\/"},"modified":"2022-01-23T14:07:17","modified_gmt":"2022-01-23T14:07:17","slug":"solcelle-carport","status":"publish","type":"product","link":"https:\/\/chargingshop.eu\/no\/produkt\/solcelle-carport\/","title":{"rendered":"Solcelle carport"},"content":{"rendered":"<p>Hvis du er en bileier eller noen som er en all-time PV-fanatiker og interessert i \u00e5 f\u00f8lge de nyeste teknologiske trendene, m\u00e5 du ha kommet over det siste tilskuddet under kategorien solcellepanel &#8211; en solcellecarport. En mer avansert versjon av de tradisjonelle carportene og bakkemonterte solcellepaneler.<\/p>\n<h2>Hva koster det \u00e5 ha solenergi-genererende carport?<\/h2>\n<p>Den er designet med teknologien for \u00e5 fange fotoner (lyspartikler) og dekker et parkeringsomr\u00e5de.<br \/>\nTrenden med \u00e5 bruke en solenergi-genererende carport og lade kj\u00f8ret\u00f8y med <a href=\"http:\/\/chrgsolar.lt\/\" target=\"_blank\" rel=\"noopener\">solenergi<\/a> er p\u00e5 en boom i disse dager. Enten du ser p\u00e5 en privat bilveranda eller en offentlig parkeringsplass i store kj\u00f8pesentre eller bysentrum, kan du se det.<br \/>\nSelvf\u00f8lgelig er en solcellecarport spesielt ment for lading av elektriske kj\u00f8ret\u00f8y, men funksjonen er ikke begrenset. Dessuten beskytter den mot UV-str\u00e5ler og nedb\u00f8r. Dessuten gir en port for solenergi ogs\u00e5 energi til n\u00e6rliggende bedrifter, hjem eller det lokale str\u00f8mnettet.<\/p>\n<h3>Hvordan fungerer det?<\/h3>\n<p>Funksjonen til en solcellecarport er ikke mer annerledes enn de typiske bakkemonterte eller taksolcellepanelene. Det fungerer p\u00e5 samme teknologi. Den forvandler energien til fotoner til elektrisitet, gjennom prosessen med fotovoltaisk effekt.<br \/>\nN\u00e5r et solcellepanel blir truffet med et foton, genererer energien elektroner som str\u00f8mmer gjennom solcellepanelene og genererer en elektrisk str\u00f8m.<\/p>\n<h3>Kostnad til carport med solcellepanel<\/h3>\n<p>Prisen med solcellepaneler avhenger av typen og st\u00f8rrelsen p\u00e5 solcellepanelet du velger.<br \/>\nTotalkostnaden avhenger av disse sp\u00f8rsm\u00e5lene:<br \/>\n1. Hvor mye kraft vil du produsere?<br \/>\n2. Hva er det totale arealet du vil dekke?<\/p>\n<p>3. Type\/modell <a href=\"https:\/\/chargingshop.eu\/product\/solar-inverter-huawei-sun2000-5ktl-m0\/\">omformer<\/a> brukt<\/p>\n<p>Typisk bilport kan holde 4 til 10kW solcellepaneler. Den kan generere 5000 til 20000 kWh i l\u00f8pet av et \u00e5r (avhengig av antall soldager i l\u00f8pet av et \u00e5r)<\/p>\n","protected":false},"excerpt":{"rendered":"<p>Generer solenergi i din private hage.<\/p>\n<ul>\n<li>beskytter bilen din mot sol, regn og sn\u00f8<\/li>\n<li>genererer energi til huset ditt eller elbilen din<\/li>\n<\/ul>\n","protected":false},"featured_media":0,"comment_status":"open","ping_status":"closed","template":"","meta":[],"product_brand":[],"product_cat":[840,811],"product_tag":[],"class_list":{"0":"post-6413","1":"product","2":"type-product","3":"status-publish","5":"product_cat-solar-carporter","6":"product_cat-solar-panels-no","8":"first","9":"instock","10":"taxable","11":"shipping-taxable","12":"product-type-simple"},"_links":{"self":[{"href":"https:\/\/chargingshop.eu\/no\/wp-json\/wp\/v2\/product\/6413","targetHints":{"allow":["GET"]}}],"collection":[{"href":"https:\/\/chargingshop.eu\/no\/wp-json\/wp\/v2\/product"}],"about":[{"href":"https:\/\/chargingshop.eu\/no\/wp-json\/wp\/v2\/types\/product"}],"replies":[{"embeddable":true,"href":"https:\/\/chargingshop.eu\/no\/wp-json\/wp\/v2\/comments?post=6413"}],"wp:attachment":[{"href":"https:\/\/chargingshop.eu\/no\/wp-json\/wp\/v2\/media?parent=6413"}],"wp:term":[{"taxonomy":"product_brand","embeddable":true,"href":"https:\/\/chargingshop.eu\/no\/wp-json\/wp\/v2\/product_brand?post=6413"},{"taxonomy":"product_cat","embeddable":true,"href":"https:\/\/chargingshop.eu\/no\/wp-json\/wp\/v2\/product_cat?post=6413"},{"taxonomy":"product_tag","embeddable":true,"href":"https:\/\/chargingshop.eu\/no\/wp-json\/wp\/v2\/product_tag?post=6413"}],"curies":[{"name":"wp","href":"https:\/\/api.w.org\/{rel}","templated":true}]}}