{"id":6404,"date":"2022-01-23T13:25:22","date_gmt":"2022-01-23T13:25:22","guid":{"rendered":"https:\/\/chargingshop.eu\/product\/huawei-sun2000-8kw-8ktl-solar-inverter\/"},"modified":"2022-12-13T13:53:53","modified_gmt":"2022-12-13T13:53:53","slug":"huawei-sun2000-8kw-8ktl-solar-inverter","status":"publish","type":"product","link":"https:\/\/chargingshop.eu\/no\/produkt\/huawei-sun2000-8kw-8ktl-solar-inverter\/","title":{"rendered":"Huawei SUN2000 8kW (8KTL) &#8211; Solar Inverter"},"content":{"rendered":"<p><strong>Huawei SUN2000-8KTL-M1 8kW<\/strong> omformer for nettverkstilkobling er klargjort for \u00e5 installeres i hjem som drives av trefasestr\u00f8m. Denne vekselretteren er en mellommodell innenfor det nye boligomr\u00e5det for nettverkstilkobling.<\/p>\n<p>Solcellepanel har DC-isolasjonsdeteksjon og gjenv\u00e6rende intensitetsoverv\u00e5kingsenhet. De mest effektive solenergisystemene som driver v\u00e5re apparater krever en h\u00f8ykvalitets inverter med et robust konveksjonskj\u00f8lesystem.<\/p>\n<p><strong>SUN2000-8KTL-M1 8kW inverter <\/strong>er forberedt for \u00e5 fungere p\u00e5 trefase nettverkstilkoblingsanlegg. Den er forberedt for \u00e5 muliggj\u00f8re muligheten for at batterier vil \u00f8ke sin grad av egenforbruk.<\/p>\n<h2>Huawei SUN2000-8KTL-M1-funksjoner:<\/h2>\n<p><span data-spm-anchor-id=\"a2g0o.detail.1000023.i1.76d84c51JufCUg\">Huawei SUN2000-8KTL-M0 8kW-omformeren har 2 MPPT som tillater installasjon av paneler i to formgrupper som hver av gruppene kan v\u00e6re installert med forskjellig helning, orientering eller forskjellige elektriske egenskaper. <b>SUN20008KTL<\/b>-omformeren maksimerer effektiviteten til <a href=\"https:\/\/chargingshop.eu\/no\/produktkategori\/solar-panels-no\/\"><strong>solcellepaneler<\/strong><\/a> slik at maksimal energi p\u00e5 opptil 99 % tilbys hjemmet til enhver tid.<\/span><\/p>\n<p>Den nyeste Huawei 8kw solcelle-omformeren er h\u00f8yt verdsatt i markedet med f\u00f8lgende spesifikasjoner som gj\u00f8r den verdt \u00e5 investere.<\/p>\n<p><strong>Spesifikasjoner:<\/strong><\/p>\n<ul>\n<li>Aktiv vekselstr\u00f8m 8000 W Maks.<\/li>\n<li>Tilsynelatende vekselstr\u00f8m 8 800 VA<\/li>\n<li>Maksimal inngangsspenning (Vmax) 1100V<\/li>\n<li>Maksimal intensitet per MPPT 11A<\/li>\n<li>Maks. kortslutningsintensitet per MPPT 15A<\/li>\n<li>Minste inngangsspenning 200V<\/li>\n<li>Spenningsomr\u00e5de i MPP 380V-850V<\/li>\n<li>Nominell spenning p\u00e5 maksimalt potensial 600V Maks.<\/li>\n<\/ul>\n<h4><strong>Effektivitet:<\/strong><\/h4>\n<ul>\n<li><strong>Maksimal omformereffektivitet:<\/strong> 98,6 %<\/li>\n<li><strong>Europeisk vektet effektivitet:<\/strong> 98,0 %<\/li>\n<\/ul>\n<h4><strong>Inndata:<\/strong><\/h4>\n<ul>\n<li><strong>Maks inngangsspenning:<\/strong> 1100V<\/li>\n<li><strong>Mini inngangsspenning:<\/strong> 200V<\/li>\n<li><strong>MpPT-spenningsomr\u00e5de:<\/strong> 140V &#8211; 980V<\/li>\n<li><strong>Nominell panelinngangsspenning:<\/strong> 600V<\/li>\n<li><strong>Maksimal inngangsstr\u00f8m per MPPT:<\/strong> 11A<\/li>\n<li><strong>Maksimal intensitet:<\/strong> 15A<\/li>\n<li><strong>MPPT-nummer:<\/strong> 2<\/li>\n<li><strong>MPPT-innganger:<\/strong> 1<\/li>\n<\/ul>\n<h4><strong>Utdata:<\/strong><\/h4>\n<ul>\n<li>Trefase vekselutgang<\/li>\n<li>Nominell utgangseffekt: 8kW &#8212; 8,8kVA<\/li>\n<li>Utgangsspenning: 220\/380V, 230\/400V, 3W+N+PE<\/li>\n<li>Nominell nettverksfrekvens: 50Hz \/60Hz<\/li>\n<li>Maksimal utgangsstr\u00f8m 13,5A<\/li>\n<\/ul>\n","protected":false},"excerpt":{"rendered":"<p>Huawei SUN2000-8KTL-M1 er den trygge, p\u00e5litelige og effektive. Denne solenergioppfinneren lover en av de beste solopplevelsene som finnes.<\/p>\n<ul>\n<li>H\u00f8yeffektiv vekselrettertopologi<\/li>\n<li>Integrert batterigrensesnitt<\/li>\n<li>AI-basert lysbuedeteksjon AFCI<\/li>\n<li>Innebygd batterigrensesnitt<\/li>\n<li>Rask installasjon<\/li>\n<li>WLAN-dongel i inverterpakke<\/li>\n<\/ul>\n","protected":false},"featured_media":6059,"comment_status":"open","ping_status":"closed","template":"","meta":[],"product_brand":[],"product_cat":[811],"product_tag":[],"class_list":{"0":"post-6404","1":"product","2":"type-product","3":"status-publish","4":"has-post-thumbnail","6":"product_cat-solar-panels-no","7":"pa_brand-huawei-no","9":"first","10":"instock","11":"taxable","12":"shipping-taxable","13":"purchasable","14":"product-type-simple"},"_links":{"self":[{"href":"https:\/\/chargingshop.eu\/no\/wp-json\/wp\/v2\/product\/6404","targetHints":{"allow":["GET"]}}],"collection":[{"href":"https:\/\/chargingshop.eu\/no\/wp-json\/wp\/v2\/product"}],"about":[{"href":"https:\/\/chargingshop.eu\/no\/wp-json\/wp\/v2\/types\/product"}],"replies":[{"embeddable":true,"href":"https:\/\/chargingshop.eu\/no\/wp-json\/wp\/v2\/comments?post=6404"}],"wp:featuredmedia":[{"embeddable":true,"href":"https:\/\/chargingshop.eu\/no\/wp-json\/wp\/v2\/media\/6059"}],"wp:attachment":[{"href":"https:\/\/chargingshop.eu\/no\/wp-json\/wp\/v2\/media?parent=6404"}],"wp:term":[{"taxonomy":"product_brand","embeddable":true,"href":"https:\/\/chargingshop.eu\/no\/wp-json\/wp\/v2\/product_brand?post=6404"},{"taxonomy":"product_cat","embeddable":true,"href":"https:\/\/chargingshop.eu\/no\/wp-json\/wp\/v2\/product_cat?post=6404"},{"taxonomy":"product_tag","embeddable":true,"href":"https:\/\/chargingshop.eu\/no\/wp-json\/wp\/v2\/product_tag?post=6404"}],"curies":[{"name":"wp","href":"https:\/\/api.w.org\/{rel}","templated":true}]}}