{"id":5938,"date":"2021-08-20T14:54:44","date_gmt":"2021-08-20T14:54:44","guid":{"rendered":"https:\/\/chargingshop.eu\/product\/efacec-qc45-hurtigladestasjon\/"},"modified":"2021-08-20T14:54:44","modified_gmt":"2021-08-20T14:54:44","slug":"efacec-qc45-hurtigladestasjon","status":"publish","type":"product","link":"https:\/\/chargingshop.eu\/no\/produkt\/efacec-qc45-hurtigladestasjon\/","title":{"rendered":"EFACEC QC45 hurtigladestasjon"},"content":{"rendered":"<div class = \"fusion-text fusion-text-1\">\n<h2 class = \"eshop-detail-title cf\"> <span class = \"product-title\"> <span class = \"product-title-content\"> Efacec <\/span> <\/span> QC45 er den beste beste lading stasjon, kompatibel med alle merker av elektriske kj\u00f8ret\u00f8yer <\/h2>\n<\/div>\n<p> QC45 hurtigladestasjon gir rask batterilading og st\u00f8tter 2 EV -er samtidig AC- og DC -lading med flere alternativer for utgangseffekt. Alle kombinerte utganger er integrert i et enkelt skap for sikker og enkel lading av alle passende elektriske biler. <\/p>\n<p> Hurtigladerens CHAdeMO-, CCS- og AC Type-2-kompatible ladekontakter kan tilby opptil 50 kW ladeeffekt. En AC -ladekontakt krever ikke en permanent ledning og kan lade opptil 22 kW. QC45 er designet for \u00e5 gi EV maksimal ladning med minst mulig tid. <\/p>\n<h3> <strong> Funksjoner p\u00e5 QC45 hurtigladestasjon <\/strong> <\/h3>\n<ul>\n<li> Hurtiglading opptil 80% p\u00e5 mindre enn 30 minutter <\/li>\n<li> AC og DC lades samtidig <\/li>\n<li> Multi-standard (kompatibel med CHAdeMO, CCS og AC Type-2) <\/li>\n<li> H\u00f8y effektivitet &#038; gt; 93%<\/li>\n<li> H\u00f8y effektfaktor 0,98 <\/li>\n<li> Innebygd kommunikasjon (3G; LAN; Wi-Fi) <\/li>\n<li> Likestr\u00f8m opptil 50 kW <\/li>\n<li> Vekselstr\u00f8m opptil 43 kVA <\/li>\n<li> H\u00f8y p\u00e5litelighet <\/li>\n<li> Easy Plug &#038; amp; Spillinstallasjon <\/li>\n<\/ul>\n<h4> <strong> Hurtiglading: <\/strong> <\/h4>\n<p> Hver enhet, som kan lade fra null til 80 prosent p\u00e5 under 30 minutter, kan v\u00e6re strategisk plassert som en del av et infrastrukturnettverk for hurtiglading. Produktene v\u00e5re er laget med tanke p\u00e5 sterk produksjon, holdbarhet og sikkerhet. Ladernes hovedlinjer og form gj\u00f8r at den kan passe inn i milj\u00f8et og naturen, og designet er ment \u00e5 gi kundene tillit til at lading av bil er b\u00e5de grei og trygg. <\/p>\n<h4> <strong> Nettverksintegrasjon <\/strong> <\/h4>\n<p> QC45 er en fleksibel og \u00e5pen ladestasjon som kan lade i frittst\u00e5ende modus eller integreres i ethvert nettverk med et hvilket som helst sentralt system. <\/p>\n<h4> <strong> Tilpasning &#038; amp; Vedlegg <\/strong> <\/h4>\n<p> QC45 har et h\u00f8ykvalitets og holdbart skall med korrosjonsbeskyttelse som kan sammenlignes med rustfritt st\u00e5l, noe som sikrer utstyrets lange levetid. For \u00e5 matche merkevarens generelle utseende, kan du tilpasse det med tilpassede bilder, logoer og farger. <\/p>\n<h4> <strong> Enkel \u00e5 installere <\/strong> <\/h4>\n<p> Denne kraftige QC45-hurtigladeren kommer i forskjellige farger. Den er enkel \u00e5 installere, og enkel \u00e5 bruke. Enhetene er testet og verifisert med alle kompatible elbiler. QC45 hurtiglader tilbyr en effekt p\u00e5 opptil 50kW DC og 43kW AC. <\/p>\n<h4> <strong> Programvare tilgjengelig <\/strong> <\/h4>\n<p> QC45 er kompatibel med Charge Lab, EV Connect og Green lots &#8216;kommersielle programvare for elektriske ladere. Kundefakturering, fl\u00e5testyring, laderoverv\u00e5king og til og med iPhone- og Android -applikasjoner for forbrukere \u00e5 finne laderne dine er alle mulige med disse programvarepakkene. <\/p>\n<p> &#038; nbsp; <\/p>\n","protected":false},"excerpt":{"rendered":"<p> Efacec har introdusert en ny ladestasjon som lader alle elbiler i en frittst\u00e5ende modus med minst mulig tid. Designet er unikt og har den beste effektfaktoren. <\/p>\n<ul>\n<li> Hurtiglading opptil 80%<\/li>\n<li> H\u00f8y effektivitet &#038; gt; 93%<\/li>\n<li> H\u00f8y effektfaktor 0,98 <\/li>\n<li> H\u00f8y p\u00e5litelighet <\/li>\n<li> Likestr\u00f8m opptil 50 KW <\/li>\n<li> Vekselstr\u00f8m opptil 43Kva <\/li>\n<li> Enkel \u00e5 installere <\/li>\n<li> Korrosjonsbeskyttelse <\/li>\n<\/ul>\n<p> ~ 2-3 m\u00e5neders leveringstid. <\/p>\n","protected":false},"featured_media":5853,"comment_status":"open","ping_status":"closed","template":"","meta":[],"product_brand":[],"product_cat":[296],"product_tag":[746,745,744,743],"class_list":{"0":"post-5938","1":"product","2":"type-product","3":"status-publish","4":"has-post-thumbnail","6":"product_cat-dc-chargers-no","7":"product_tag-50kw-hurtiglader","8":"product_tag-efacec-qc45-pris-no","9":"product_tag-qc45-hurtiglader","10":"product_tag-qc45-hurtigladestasjon","11":"pa_brand-efacec-no","13":"first","14":"instock","15":"taxable","16":"shipping-taxable","17":"purchasable","18":"product-type-simple"},"_links":{"self":[{"href":"https:\/\/chargingshop.eu\/no\/wp-json\/wp\/v2\/product\/5938","targetHints":{"allow":["GET"]}}],"collection":[{"href":"https:\/\/chargingshop.eu\/no\/wp-json\/wp\/v2\/product"}],"about":[{"href":"https:\/\/chargingshop.eu\/no\/wp-json\/wp\/v2\/types\/product"}],"replies":[{"embeddable":true,"href":"https:\/\/chargingshop.eu\/no\/wp-json\/wp\/v2\/comments?post=5938"}],"wp:featuredmedia":[{"embeddable":true,"href":"https:\/\/chargingshop.eu\/no\/wp-json\/wp\/v2\/media\/5853"}],"wp:attachment":[{"href":"https:\/\/chargingshop.eu\/no\/wp-json\/wp\/v2\/media?parent=5938"}],"wp:term":[{"taxonomy":"product_brand","embeddable":true,"href":"https:\/\/chargingshop.eu\/no\/wp-json\/wp\/v2\/product_brand?post=5938"},{"taxonomy":"product_cat","embeddable":true,"href":"https:\/\/chargingshop.eu\/no\/wp-json\/wp\/v2\/product_cat?post=5938"},{"taxonomy":"product_tag","embeddable":true,"href":"https:\/\/chargingshop.eu\/no\/wp-json\/wp\/v2\/product_tag?post=5938"}],"curies":[{"name":"wp","href":"https:\/\/api.w.org\/{rel}","templated":true}]}}