{"id":5927,"date":"2021-08-25T14:08:34","date_gmt":"2021-08-25T14:08:34","guid":{"rendered":"https:\/\/chargingshop.eu\/product\/efacec-qc24s-hurtiglader\/"},"modified":"2021-09-01T05:24:54","modified_gmt":"2021-09-01T05:24:54","slug":"efacec-qc24s-hurtiglader","status":"publish","type":"product","link":"https:\/\/chargingshop.eu\/no\/produkt\/efacec-qc24s-hurtiglader\/","title":{"rendered":"Efacec QC24S hurtiglader"},"content":{"rendered":"<p> Efacec QC24S Quick Charger er en ny kompakt hurtiglader med ett uttak som lader elbilen til 80% innen en time. Designet for \u00e5 samsvare med alle industristandard ladeprotokoller og grensesnitt. Den lette designen er lett \u00e5 montere p\u00e5 veggen der plassen er bekymret. QC24S er en hurtigladestasjon som kan lade alle CCS -kompatible elektriske kj\u00f8ret\u00f8yer. Ulike utgangsalternativer er tilgjengelige, for eksempel den enkle DC -utgangen p\u00e5 24 KW med CCS- eller CHadeMO -kontakt p\u00e5 en koblet ledning testet og akkreditert for alle kompatible kj\u00f8ret\u00f8yer. <\/p>\n<h2> <strong> Efacec QC24S lader Hovedfunksjoner og fordeler <\/strong> <\/h2>\n<ul>\n<li> Lad elbil p\u00e5 1 time H\u00f8y effektivitet &#038; gt; 94%<\/li>\n<li> Flere applikasjoner og enkelt vedlikehold <\/li>\n<li> Likestr\u00f8m opptil 24 kW <\/li>\n<li> Brukervennlig grensesnitt med valgfritt fargedisplay <\/li>\n<li> Status LED Farge kabelholder <\/li>\n<li> H\u00f8y effektfaktor 0,99 <\/li>\n<li> Lokal og ekstern overv\u00e5kingskontroll <\/li>\n<li> Uavhengig eller nettverksintegrasjon <\/li>\n<li> Valgfri innebygd kommunikasjon (3G; LAN; Wi-Fi) <\/li>\n<li> Tilpasset og merkevarebygging er tilgjengelig <\/li>\n<\/ul>\n<h3> <strong> Funksjoner i QC24S hurtiglader inkluderer: <\/strong> <\/h3>\n<h4> <strong> Rask lading: <\/strong> <\/h4>\n<p> Hver enhet, som kan lade fra null til 80 i l\u00f8pet av 60 minutter, kan plasseres strategisk som en del av et infrastrukturnettverk for hurtiglading. Det koster ber\u00f8rt veggmontert der plass er et problem. <\/p>\n<h4> <strong> Tilpasning &#038; amp; Vedlegg <\/strong> <\/h4>\n<p> QC24S har et slitesterkt skall av h\u00f8y kvalitet og korrosjonsbeskyttelse som kan sammenlignes med rustfritt st\u00e5l, noe som sikrer utstyrets lange levetid. Tilpass det med tilpasset grafikk, logoer og farger for \u00e5 f\u00e5 det generelle utseendet p\u00e5 merkevaren din. <\/p>\n<h4> <strong> Enkel \u00e5 installere <\/strong> <\/h4>\n<p> Denne kraftige, flerstrengede QC24S er en hurtiglader med innebygd 3G- og LAN-kommunikasjon og er tilgjengelig i en rekke farger. Det er enkelt \u00e5 installere og koble til et eksisterende ladeinfrastrukturnettverk. <\/p>\n<h4> <strong> Programvare tilgjengelig <\/strong> <\/h4>\n<p> Core CPMS er l\u00f8sningen ende-til-ende EV-ladestyringsplattform. Den best\u00e5r av et sett med unike og kraftige programvareverkt\u00f8y som effektivt svarer p\u00e5 behovene til Plug-in Electric Vehicle-markedet. <\/p>\n<h5> <strong> APPLIKASJONER: <\/strong> <\/h5>\n<ul>\n<li> Car-Share, Taxi og Rent-a-Car fl\u00e5ter <\/li>\n<li> EV -forhandlere og tjenesteleverand\u00f8rer <\/li>\n<li> Parkeringsplasser for ansatte <\/li>\n<li> EV -fl\u00e5ter (private og offentlige) <\/li>\n<li> Kj\u00f8pesentre <\/li>\n<li> Privat EV -infrastruktur og operat\u00f8r <\/li>\n<\/ul>\n","protected":false},"excerpt":{"rendered":"<p class = \"fusion-responsive-typography-calculated\" data-fontsize = \"24\" data-lineheight = \"36px\"> En \u00f8konomisk og rask ladestasjon. Lad alle typer EV med en hastighet p\u00e5 24 kW per time. <\/p>\n<ul>\n<li> Veggmontert <\/li>\n<li> H\u00f8y effektivitet &#038; gt; 94%<\/li>\n<li> Likestr\u00f8m opptil 24 kW <\/li>\n<li> Brukervennlig grensesnitt <\/li>\n<li> Innebygd kommunikasjon (3G; LAN; Wi-Fi) <\/li>\n<li> H\u00f8y effektfaktor 0,99 <\/li>\n<\/ul>\n","protected":false},"featured_media":5881,"comment_status":"open","ping_status":"closed","template":"","meta":[],"product_brand":[],"product_cat":[296],"product_tag":[],"class_list":{"0":"post-5927","1":"product","2":"type-product","3":"status-publish","4":"has-post-thumbnail","6":"product_cat-dc-chargers-no","7":"pa_brand-efacec-no","9":"first","10":"instock","11":"sale","12":"taxable","13":"shipping-taxable","14":"purchasable","15":"product-type-simple"},"_links":{"self":[{"href":"https:\/\/chargingshop.eu\/no\/wp-json\/wp\/v2\/product\/5927","targetHints":{"allow":["GET"]}}],"collection":[{"href":"https:\/\/chargingshop.eu\/no\/wp-json\/wp\/v2\/product"}],"about":[{"href":"https:\/\/chargingshop.eu\/no\/wp-json\/wp\/v2\/types\/product"}],"replies":[{"embeddable":true,"href":"https:\/\/chargingshop.eu\/no\/wp-json\/wp\/v2\/comments?post=5927"}],"wp:featuredmedia":[{"embeddable":true,"href":"https:\/\/chargingshop.eu\/no\/wp-json\/wp\/v2\/media\/5881"}],"wp:attachment":[{"href":"https:\/\/chargingshop.eu\/no\/wp-json\/wp\/v2\/media?parent=5927"}],"wp:term":[{"taxonomy":"product_brand","embeddable":true,"href":"https:\/\/chargingshop.eu\/no\/wp-json\/wp\/v2\/product_brand?post=5927"},{"taxonomy":"product_cat","embeddable":true,"href":"https:\/\/chargingshop.eu\/no\/wp-json\/wp\/v2\/product_cat?post=5927"},{"taxonomy":"product_tag","embeddable":true,"href":"https:\/\/chargingshop.eu\/no\/wp-json\/wp\/v2\/product_tag?post=5927"}],"curies":[{"name":"wp","href":"https:\/\/api.w.org\/{rel}","templated":true}]}}