{"id":5789,"date":"2021-08-03T11:07:08","date_gmt":"2021-08-03T11:07:08","guid":{"rendered":"https:\/\/chargingshop.eu\/product\/adapter-cee-16-400v-sikkerhetsadapter-for-juice-booster-2\/"},"modified":"2021-08-03T11:07:08","modified_gmt":"2021-08-03T11:07:08","slug":"adapter-cee-16-400v-sikkerhetsadapter-for-juice-booster-2","status":"publish","type":"product","link":"https:\/\/chargingshop.eu\/no\/produkt\/adapter-cee-16-400v-sikkerhetsadapter-for-juice-booster-2\/","title":{"rendered":"Adapter CEE 16, 400V, sikkerhetsadapter for Juice Booster 2"},"content":{"rendered":"<div class = \"content-title\">\n<h2 class = \"\" data-element = \"main\" data-content-type = \"heading\" data-looks = \"default\"> Du kan lade bilen din p\u00e5 hvilken som helst ladestasjon med den riktige adapteren for JUICE BOOSTER 2: Adapter CEE 16 <\/h2>\n<\/div>\n<div class = \"product-description\">\n<p> Sikkerhetsadapter for lading <strong> CEE 16\/400 V <\/strong>, kombinert med <a href = \"https:\/\/chargingshop.eu\/product\/juice-booster-2-mobile-ev-charger- 32-a-22kw-5m-kabel\/\"> JUICE BOOSTER 2 <\/a> kan du enkelt lade bilen din p\u00e5 hvilken som helst <span data-story-id =\" story_4e7a24029f09064f26dd915ae6c7e8bb \"data-room-id =\" room_0e3e85a5f5e53aea55030d99bda \" timestamp = \"1627986787312\" data-text = \"p\u00e5 en hvilken som helst CEE 16-kontakt over hele Europa med ladehastighet opptil 11 kW\" data-userid = \"638093783230025728\" data-orgid = \"638093783882313728\"> CEE 16-kontakt over hele Europa med ladningshastighet opptil 11 kW <\/span>. Tilkoblingen til Juice Booster 2 gj\u00f8res via den sikre og robuste Juice Connector. <\/p>\n<p> <span style = \"font-size: 20.16px; color: #333333;\"> Tekniske data <\/span> <\/p>\n<div id = \"product-technical-data\">\n<div class = \"flex justify-content-between mb-4\">\n<table width = \"294\">\n<kropp><\/p>\n<tr>\n<td width = \"142\"> <strong> Type <\/strong> <\/td>\n<td width = \"152\"> CEE -adapter <\/td>\n<\/tr>\n<tr>\n<td width = \"142\"> <strong> Lastgrense <\/strong> <\/td>\n<td width = \"152\"> 400 V \/ 16 A <\/td>\n<\/tr>\n<tr>\n<td width = \"142\"> <strong> Spenning <\/strong> <\/td>\n<td width = \"152\"> 400 V <\/td>\n<\/tr>\n<tr>\n<td width = \"142\"> <strong> Elektrisk str\u00f8m <\/strong> <\/td>\n<td width = \"152\"> 16 A <\/td>\n<\/tr>\n<tr>\n<td width = \"142\"> <strong> IP -vurdering <\/strong> <\/td>\n<td width = \"152\"> IP44 <\/td>\n<\/tr>\n<tr>\n<td width = \"142\"> <strong> Kabellengde <\/strong> <\/td>\n<td width = \"152\"> 1,5 m <\/td>\n<\/tr>\n<tr>\n<td width = \"142\"> <strong> Leads <\/strong> <\/td>\n<td width = \"152\"> 5 <\/td>\n<\/tr>\n<tr>\n<td width = \"142\"> <strong> Farge <\/strong> <\/td>\n<td width = \"152\"> R\u00f8d, svart <\/td>\n<\/tr>\n<\/tbody>\n<\/table>\n<\/div>\n<\/div>\n<\/div>\n<h3> Hvordan bruke adapteren? <\/h3>\n<p> Den er enkel \u00e5 bruke. Bare plugg og lad. Ingen teknisk kunnskap, oppl\u00e6ring eller ekspertise er n\u00f8dvendig. Fest den riktige adapteren til JUICE BOOSTER 2, koble den til og lad den med optimal effekt. <\/p>\n","protected":false},"excerpt":{"rendered":"<p> CEE16 industriell kontakt for Juice Booster 2 <\/p>\n<ul>\n<li> <span data-story-id = \"story_198812f55bd0bfb1558b07bd49b3416c\" data-room-id = \"room_0e3e85a5f5e53aea55030d99dbda7d31\" data-timestamp = \"1627986677844\" data-text = \"side 2\" data-text = \"Fra CEE userid = \"638093783230025728\" data-orgid = \"638093783882313728\"> Fra CEE 16-kontakt til Juice Booster 2 (bilsiden) <\/span> <\/li>\n<li> Kvalitetsprodukt fra Sveits <\/li>\n<\/ul>\n","protected":false},"featured_media":5762,"comment_status":"open","ping_status":"closed","template":"","meta":[],"product_brand":[],"product_cat":[498],"product_tag":[],"class_list":{"0":"post-5789","1":"product","2":"type-product","3":"status-publish","4":"has-post-thumbnail","6":"product_cat-ladekabler-adaptere-for-elbil","8":"first","9":"outofstock","10":"sale","11":"taxable","12":"shipping-taxable","13":"purchasable","14":"product-type-simple"},"_links":{"self":[{"href":"https:\/\/chargingshop.eu\/no\/wp-json\/wp\/v2\/product\/5789","targetHints":{"allow":["GET"]}}],"collection":[{"href":"https:\/\/chargingshop.eu\/no\/wp-json\/wp\/v2\/product"}],"about":[{"href":"https:\/\/chargingshop.eu\/no\/wp-json\/wp\/v2\/types\/product"}],"replies":[{"embeddable":true,"href":"https:\/\/chargingshop.eu\/no\/wp-json\/wp\/v2\/comments?post=5789"}],"wp:featuredmedia":[{"embeddable":true,"href":"https:\/\/chargingshop.eu\/no\/wp-json\/wp\/v2\/media\/5762"}],"wp:attachment":[{"href":"https:\/\/chargingshop.eu\/no\/wp-json\/wp\/v2\/media?parent=5789"}],"wp:term":[{"taxonomy":"product_brand","embeddable":true,"href":"https:\/\/chargingshop.eu\/no\/wp-json\/wp\/v2\/product_brand?post=5789"},{"taxonomy":"product_cat","embeddable":true,"href":"https:\/\/chargingshop.eu\/no\/wp-json\/wp\/v2\/product_cat?post=5789"},{"taxonomy":"product_tag","embeddable":true,"href":"https:\/\/chargingshop.eu\/no\/wp-json\/wp\/v2\/product_tag?post=5789"}],"curies":[{"name":"wp","href":"https:\/\/api.w.org\/{rel}","templated":true}]}}