{"id":5746,"date":"2021-07-23T13:01:37","date_gmt":"2021-07-23T13:01:37","guid":{"rendered":"https:\/\/chargingshop.eu\/product\/juice-booster-2-mobile-ev-lader-32-a-22kw-52m-kabel\/"},"modified":"2021-08-02T09:47:11","modified_gmt":"2021-08-02T09:47:11","slug":"juice-booster-2-mobile-ev-lader-32-a-22kw-52m-kabel","status":"publish","type":"product","link":"https:\/\/chargingshop.eu\/no\/produkt\/juice-booster-2-mobile-ev-lader-32-a-22kw-52m-kabel\/","title":{"rendered":"JUICE BOOSTER 2 Mobile EV -lader 32 A, 22kW, 5,2m kabel"},"content":{"rendered":"<h2><strong> JUICE BOOSTER 2 <\/strong> er en fantastisk mobil ladestasjon som leveres med flere adaptere for lading av elbiler p\u00e5 alle terminaler og kontakter tilgjengelig p\u00e5 markedet.<\/h2>\n<p>Laget av aluminiumslegering, er JUICE BOOSTER 2 en b\u00e6rbar lader av h\u00f8y kvalitet og veldig robust. Kontaktene til denne enheten er produsert med materialer som brukes innen romteknologi.<\/p>\n<p>Bevis p\u00e5 robusthet &#8211; laderen fungerer fortsatt selv etter \u00e5 ha blitt kj\u00f8rt over av en milit\u00e6r TANK!<\/p>\n<p><iframe src=\"https:\/\/www.youtube.com\/embed\/46I5NwEnRfo?t=28 rel=0\" width=\"640\" height=\"360\" frameborder=\"0\" allowfullscreen=\"allowfullscreen\"><\/iframe><\/p>\n<h3><strong> JUICE BOOSTER 2 Mobile EV -lader <\/strong><\/h3>\n<p>Den gir god EV -ladeeffekt, du kan lade bilen enten i en <strong> enkeltfase <\/strong> eller <strong> tre faser <\/strong>, opptil en effekt p\u00e5 <strong> 22kW <\/strong>(betyr at du kan reise 100 km hvis du lader bilen i en time).<\/p>\n<p><strong> <em> JUICE BOOSTER 2 <\/em> <\/strong> mobil ladestasjon er veldig nyttig ettersom den automatisk kan oppdage hvilken type adapter som er koblet til og lades p\u00e5 flotte <a href=\"https: \/\/chargingshop.eu\/product\/duosida-7-kw-portable-charging-connector-adjustable-8-32a-type-2-to-cee-plug-copy\/\"> ladeeffekt <\/a>. Du trenger ikke finne ut hvor mange kilowattimer du vil kunne lade, s\u00e5 du kan lade enheten din trygt mens du sparer verdifull tid.<\/p>\n<h3><strong> Spesifikasjoner og funksjoner <\/strong><\/h3>\n<ul>\n<li>Dimensjoner (Diameter &amp; lengde): 7cm &amp; amp; 22,5 cm henholdsvis<\/li>\n<li>Str\u00f8mforsyning: enfaset\/ trefaset &#8211; vekslende &#8211; 6 til 32A<\/li>\n<li>Utgangseffekt: 1,4 til 22kW (det avhenger av inngangseffekt)<\/li>\n<li>kabel og kontaktlengde: 5m<\/li>\n<li>Vekt (med kontakt og kabel): 3,2 kg<\/li>\n<li>Vekt (uten kabel): 1 kg<\/li>\n<li>Farge: svart kabel, metallisk antrasitt<\/li>\n<li>Slagfasthet: IK10 &#8211; starter motstand selv om et 3t kj\u00f8ret\u00f8y ruller over det<\/li>\n<li>Driftstemperatur: -25 \u00b0 C til + 45 \u00b0 C<\/li>\n<li>Samsvar: CE 62196, 62752, 61851, CEM, Mode 2\/3 og RoHS<\/li>\n<li>Deteksjon av lekkasjestr\u00f8m: ja (30mA)<\/li>\n<li>Tetting: IP67 (vanntett)<\/li>\n<li>Integrerte effektbrytere: ja<\/li>\n<\/ul>\n<h4><strong> Kompatibel med alle elektriske kj\u00f8ret\u00f8yer av type 2 -kontakt <\/strong><\/h4>\n<p>Uansett hvilken modell du har av type 2 -kj\u00f8ret\u00f8yet, finner du The JUICE BOOSTER 2&#8217;s <strong> type 2 socket <\/strong> helt kompatibel.<\/p>\n<h4><strong> Resistent og vanntett <\/strong><\/h4>\n<p>JUICE BOOSTER 2 sammen med komponentene er v\u00e6rbestandige og st\u00f8tsikre. Selv med en belastning p\u00e5 over treton, forblir elektronikken godt beskyttet.<\/p>\n<h4><strong> Raskere lading <\/strong><\/h4>\n<p>Sammenlignet med en vanlig stikkontakt i hjemmet, gir den <strong> 10 ganger raskere lading <\/strong>. Bare se p\u00e5 hvor raskt batteriet blir fulladet, slik at elbilen kan bli klar til \u00e5 bevege seg p\u00e5 kort tid.<\/p>\n<h4><strong> Automatisk str\u00f8mjustering <\/strong><\/h4>\n<p>JUICE BOOSTER 2 er veldig enkel \u00e5 bruke! Bare koble en <a href=\"https:\/\/chargingshop.eu\/product\/adapter-cee-16a-to-cee-32a\/\"> adapter <\/a> til den b\u00e6rbare terminalen, s\u00e5 blir ladeeffekten automatisk justert til maksimal ladeeffekt. Ladingen stopper automatisk n\u00e5r bilen er fulladet.<\/p>\n<p>Du trenger ikke \u00e5 slite med noen smarttelefonapplikasjoner. JUICE BOOSTER 2 kommer med en enkelt knapp for valg av ampere: den er enkel, sikker og p\u00e5litelig.<\/p>\n<h4><strong> Enkel \u00e5 velge ladeintensitet (6A-32A) <\/strong><\/h4>\n<p>N\u00e5r du trykker p\u00e5 <strong> SELECT <\/strong> -knappen, vil stasjonen redusere ladeeffekten uten \u00e5 \u00f8ke maksimal ladeeffekt som f\u00f8lger med adapteren.<\/p>\n<p>N\u00e5r du trykker p\u00e5 \u201cSELECT\u201d -knappen, kan du velge f\u00f8lgende str\u00f8mstyrker: 32A, 25A, 20A, 16A, 13A, 10A, 8A og 6A. Gjennom disse str\u00f8mstyrkene kan du f\u00e5 en ladeeffekt p\u00e5 mellom 1,3 og 22 kW.<\/p>\n<h4><strong> T2-T2-kabel er ikke n\u00f8dvendig <\/strong><\/h4>\n<p>Det er ikke behov for T2-T2-kabel da JUICE BOOSTER 2 selv erstatter en 3-faset 32A 22kW T2-T2-kabel. N\u00e5r T2-T2-adapteren er festet til JUICE BOOSTER, begynner den \u00e5 fungere som en 32A 22kW trefaset T2-T2-kabel.<\/p>\n<h4><strong> Lading fra en stikkontakt blir trygg <\/strong><\/h4>\n<p>Ved d\u00e5rlig installasjon eller til og med defekte ledninger, \u00f8ker sjansen for kabelbrann hvis du lader lenge gjennom en stikkontakt. JUICE -adapteren har en stikkontakt i hjemmet, samt to temperatursensorer som holder kabelen beskyttet selv ved overoppheting. Ved overoppheting stopper den b\u00e6rbare ladestasjonen.<\/p>\n<h4><strong> Sikkerhet fra integrert differensialbryter <\/strong><\/h4>\n<p>JUICE BOOSTER 2 er flott for \u00e5 oppfylle gjeldende IEC62752 -standarden. Den b\u00e6rbare ladestasjonen bruker en differensialbryter for AC- og DC -str\u00f8mmer (RCD DC 6mA, AC \/ DC 30 mA).<\/p>\n<h4><strong> Tyverisikring og feilh\u00e5ndtering <\/strong><\/h4>\n<p>JUICE BOOSTER 2 har de nyeste sikkerhetsfunksjonene. Du kan bare fjerne den n\u00e5r st\u00f8pselet er fjernet fra ditt elektriske kj\u00f8ret\u00f8y. Det er en moderne l\u00e5s som beskytter adapteren mot tyveri. For \u00e5 forhindre u\u00f8nsket justering l\u00e5ses ladeeffekten etter 30 sekunder.<\/p>\n<h4><strong> sveitsisk laget <\/strong><\/h4>\n<p>JUICE BOOSTER 2 er et velkjent produkt fra sveitsisk selskap som er navngitt som <a href=\"https:\/\/en.juice-world.com\/\" target=\"_blank\" rel=\"noopener\"> Juice Technology AG <\/a>. Selskapet lager kvalitetsprodukter med innovativ design, som utvikler og produserer alle enhetene sine i Europa for \u00e5 m\u00f8te de lokale kravene. Merket er veldig kjent som kan f\u00f8lge nye trender, og selv det er et skritt foran i forhold til konkurrentene.<\/p>\n<h4><strong> Enkel lagring <\/strong><\/h4>\n<p>Det rektangul\u00e6re etuiet best\u00e5r av alle komponentene i JUICE BOOSTER 2 -pakken. Du f\u00e5r ogs\u00e5 en sementborrel\u00e5s med deksel for \u00e5 oppn\u00e5 en optimal situasjon i oppbevaringsrommet til din elektriske bil.<\/p>\n","protected":false},"excerpt":{"rendered":"<p>JUICE BOOSTER er 3 enheter i \u00e9n l\u00f8sning:<\/p>\n<ul>\n<li>kan fungere som en wallbox<\/li>\n<li>er en b\u00e6rbar lader<\/li>\n<li>kan brukes som Type 2 -kabel<\/li>\n<\/ul>\n<p>Det er den mest robuste mobile ladestasjonen. Du kan lade fra hvilken som helst stikkontakt eller offentlig ladestasjon. Den er utrolig enkel \u00e5 bruke, v\u00e6rbestandig, tyverisikker, st\u00f8tter opptil 10 ganger raskere ladehastighet sammenlignet med stikkontakt. Et kvalitetsprodukt fra Sveits.<\/p>\n","protected":false},"featured_media":5287,"comment_status":"open","ping_status":"closed","template":"","meta":[],"product_brand":[],"product_cat":[498,255,210],"product_tag":[],"class_list":{"0":"post-5746","1":"product","2":"type-product","3":"status-publish","4":"has-post-thumbnail","6":"product_cat-ladekabler-adaptere-for-elbil","7":"product_cat-ladekabel","8":"product_cat-wallbox-chargers","9":"pa_brand-juice-no","11":"first","12":"outofstock","13":"taxable","14":"shipping-taxable","15":"purchasable","16":"product-type-simple"},"_links":{"self":[{"href":"https:\/\/chargingshop.eu\/no\/wp-json\/wp\/v2\/product\/5746","targetHints":{"allow":["GET"]}}],"collection":[{"href":"https:\/\/chargingshop.eu\/no\/wp-json\/wp\/v2\/product"}],"about":[{"href":"https:\/\/chargingshop.eu\/no\/wp-json\/wp\/v2\/types\/product"}],"replies":[{"embeddable":true,"href":"https:\/\/chargingshop.eu\/no\/wp-json\/wp\/v2\/comments?post=5746"}],"wp:featuredmedia":[{"embeddable":true,"href":"https:\/\/chargingshop.eu\/no\/wp-json\/wp\/v2\/media\/5287"}],"wp:attachment":[{"href":"https:\/\/chargingshop.eu\/no\/wp-json\/wp\/v2\/media?parent=5746"}],"wp:term":[{"taxonomy":"product_brand","embeddable":true,"href":"https:\/\/chargingshop.eu\/no\/wp-json\/wp\/v2\/product_brand?post=5746"},{"taxonomy":"product_cat","embeddable":true,"href":"https:\/\/chargingshop.eu\/no\/wp-json\/wp\/v2\/product_cat?post=5746"},{"taxonomy":"product_tag","embeddable":true,"href":"https:\/\/chargingshop.eu\/no\/wp-json\/wp\/v2\/product_tag?post=5746"}],"curies":[{"name":"wp","href":"https:\/\/api.w.org\/{rel}","templated":true}]}}