{"id":5733,"date":"2021-07-24T14:11:33","date_gmt":"2021-07-24T14:11:33","guid":{"rendered":"https:\/\/chargingshop.eu\/product\/juice-charger-me-11-kw-5m-kabel-rfid\/"},"modified":"2021-07-24T14:11:33","modified_gmt":"2021-07-24T14:11:33","slug":"juice-charger-me-11-kw-5m-kabel-rfid","status":"publish","type":"product","link":"https:\/\/chargingshop.eu\/no\/produkt\/juice-charger-me-11-kw-5m-kabel-rfid\/","title":{"rendered":"JUICE CHARGER me, 11 KW, 5m kabel, RFID"},"content":{"rendered":"<h2><strong> JUICE CHARGER me <\/strong> er en intelligent veggladestasjon med ladeeffekt p\u00e5 opptil 11 kW<\/h2>\n<p>JUICE CHARGER me er forh\u00e5ndskonfigurert p\u00e5 fabrikken og kan brukes umiddelbart p\u00e5 stedet. Ingen ytterligere innstillinger kreves.<\/p>\n<p><b> JUICE CHARGER <\/b> er en av de f\u00f8rste veggmonterte ladeboksene, designet for \u00e5 fungere som en &#8220;plug and play&#8221; -standard, fremtidens ladestandard for alle europeiske land og andre regioner.\u00a0<\/p>\n<p>JUICE CHARGER er finansiert av KfW (Tyskland) og er ideelt for garasjer, private parkeringsplasser eller carport. Som en enkelt ladestasjon i privat sektor er det bare elektriske tilkoblinger som kreves. Som en liten, enkel og rimelig variant, er den ogs\u00e5 egnet for hoteller, golf\/tennis\/sportsparkeringsplasser. Fleksibiliteten i bruk gj\u00f8r dem ogs\u00e5 attraktive for garasjer og parkeringsplasser i flere etasjer. \/Charge control mode, <strong> JUICE CHARGER <\/strong> trenger bare LAN -tilkobling. <b> <\/b><\/p>\n<p>St\u00e5 opp, plugg inn, lad: P\u00e5 offentlige steder kan bilen l\u00e5ses opp via RFID, uten at du trenger &#8220;plug and charge&#8221;<\/p>\n<h3>JUICE CHARGER meg er:<\/h3>\n<ul>\n<li><strong> En plug-and-play-enhet: <\/strong> ladestasjonen er fullstendig konfigurert p\u00e5 fabrikken og kan brukes umiddelbart uten ytterligere innstillinger.<\/li>\n<li>Utstyrt med funksjonen <strong> \u201ckoble til og lade opp\u201d <\/strong> i bilen i henhold til ISO 15118. Etter at laderen er koblet til bilstikkontakten, aktiveres <strong> JUICE CHARGER <\/strong> og ladeprosessen starter.<\/li>\n<li>Utstyrt med en <strong> RFID-leser <\/strong> som passer for alle andre kj\u00f8ret\u00f8yer og utstyrt med to forh\u00e5ndsprogrammerte RFID-kort.<\/li>\n<li>Utviklet for \u00e5 betjene 2 til 250 master- og slaveenheter. I dette tilfellet er en enhet ansvarlig for jevn fordeling av tilgjengelig str\u00f8m til alle andre stasjoner. Imidlertid gir smart JUICE sin omni-retningsbestemte ladekontroll st\u00f8rre fleksibilitet, for eksempel kan individuelle kj\u00f8ret\u00f8yer prioriteres.<\/li>\n<li>De er allerede utstyrt med standardiserte grensesnitt (Modbus\/TCP, Modbus\/RTU, EEBUS) for den siste generasjonen smarte hjem, for eksempel kan de drives fra vanlige fotovoltaiske husholdningssystemer. P\u00e5 grunn av IP54 er det ikke n\u00f8dvendig \u00e5 kontrollere h\u00e5ndteringen av eksterne belastninger.<\/li>\n<li>den er egnet for innend\u00f8rs og utend\u00f8rs bruk.<\/li>\n<li>Den kan installeres p\u00e5 veggen alene, eller p\u00e5 en sokkel som kan n\u00e5s enkeltvis eller i par. For veggmontering er dokkingbraketten for kj\u00f8ret\u00f8yer av type 2 inkludert i leveringsomfanget; den frittst\u00e5ende braketten kan leveres separat. <b> <\/b><\/li>\n<\/ul>\n<h3>Spesifikasjon:<\/h3>\n<section class=\"content-main container block-group\">\n<table border=\"0\">\n<tbody>\n<tr>\n<td><strong>Dimensjoner<\/strong><\/td>\n<td>240 x 240 x 120 mm (H x B x D)<\/td>\n<\/tr>\n<tr>\n<td><strong> Kabellengde <\/strong><\/td>\n<td>5 m<\/td>\n<\/tr>\n<tr>\n<td><strong>Vekt<\/strong><\/td>\n<td>ca. 6,5 kg (inkl. Ladekabel)<\/td>\n<\/tr>\n<tr>\n<td><strong> Inngangsstr\u00f8m <\/strong><\/td>\n<td>230 V, 6 &#8211; 32 A (1 fase) AC eller 400 V, 6 &#8211; 32 A (3 fase) AC<\/td>\n<\/tr>\n<tr>\n<td><strong> Utgangseffekt <\/strong><\/td>\n<td>22 kW (32 A, trefaset); regulert versjon for KfW -tilskudd: maks. 11 kW (16 A, trefaset)<\/td>\n<\/tr>\n<tr>\n<td><strong> Materiale, farge <\/strong><\/td>\n<td>ramme b\u00f8rstet rustfritt st\u00e5l, frontpanel svart UV-bestandig polykarbonatglass<\/td>\n<\/tr>\n<tr>\n<td><strong>Tilkobling<\/strong><\/td>\n<td>Rettet<\/td>\n<\/tr>\n<tr>\n<td><strong> CE -samsvar <\/strong><\/td>\n<td>IEC 61851, IEC 61439-7, EMC RoHS \/ IEC EN 50470, EMC RoHS (for valgfri MID-kompatibel m\u00e5ler)<\/td>\n<\/tr>\n<tr>\n<td><strong> Beskyttelsesklasse <\/strong><\/td>\n<td>IP54<\/td>\n<\/tr>\n<tr>\n<td><strong> RCD -sikkerhet <\/strong><\/td>\n<td>RCD DC 6 mA, AC 30 mA &#8211; Temperaturoverv\u00e5king<\/td>\n<\/tr>\n<tr>\n<td><strong> Kobling til bilsiden <\/strong><\/td>\n<td>Type 2 (IEC 62196)<\/td>\n<\/tr>\n<\/tbody>\n<\/table>\n<div>\u00a0<\/div>\n<div class=\"product-info\"><strong style=\"font-size: 14.4px;\"> JUICE CHARGER me er det beste valget for: <\/strong><\/div>\n<\/section>\n<ol>\n<li>For prisbevisste brukere som ikke vil g\u00e5 p\u00e5 kompromiss med design og funksjonalitet.<\/li>\n<li>Bruk n\u00e5v\u00e6rende og fremtidige ladestandarder &#8220;plug and play&#8221; for \u00e5 gj\u00f8re lading enklere.<\/li>\n<li>Jobb innend\u00f8rs og utend\u00f8rs. Skjermen er ikke forvrengt, men tre opplyste fargeikoner angir gjeldende status. <b> <\/b><\/li>\n<\/ol>\n<p>Har du noen sp\u00f8rsm\u00e5l? <a href=\"https:\/\/chargingshop.eu\/no\/knowledge-center\/\"> V\u00e5rt kunnskapssenter <\/a> inneholder alt du trenger \u00e5 vite om lading av elbil.<\/p>\n","protected":false},"excerpt":{"rendered":"<p> JUICE CHARGER me er spesielt kompakt med en kantlengde p\u00e5 24 cm og en dybde p\u00e5 12 cm og ogs\u00e5 veldig lett med en vekt p\u00e5 bare 6,5 kg (inkludert kabel). <\/p>\n<ul>\n<li> KFW -finansiert 11kW wallbox <\/li>\n<li> Aktivering via RFID <\/li>\n<li> Plug and Charge &#8211; LAGT I TYSKLAND <\/li>\n<\/ul>\n","protected":false},"featured_media":5424,"comment_status":"open","ping_status":"closed","template":"","meta":[],"product_brand":[],"product_cat":[210],"product_tag":[],"class_list":{"0":"post-5733","1":"product","2":"type-product","3":"status-publish","4":"has-post-thumbnail","6":"product_cat-wallbox-chargers","7":"pa_brand-juice-no","9":"first","10":"outofstock","11":"sale","12":"taxable","13":"shipping-taxable","14":"purchasable","15":"product-type-simple"},"_links":{"self":[{"href":"https:\/\/chargingshop.eu\/no\/wp-json\/wp\/v2\/product\/5733","targetHints":{"allow":["GET"]}}],"collection":[{"href":"https:\/\/chargingshop.eu\/no\/wp-json\/wp\/v2\/product"}],"about":[{"href":"https:\/\/chargingshop.eu\/no\/wp-json\/wp\/v2\/types\/product"}],"replies":[{"embeddable":true,"href":"https:\/\/chargingshop.eu\/no\/wp-json\/wp\/v2\/comments?post=5733"}],"wp:featuredmedia":[{"embeddable":true,"href":"https:\/\/chargingshop.eu\/no\/wp-json\/wp\/v2\/media\/5424"}],"wp:attachment":[{"href":"https:\/\/chargingshop.eu\/no\/wp-json\/wp\/v2\/media?parent=5733"}],"wp:term":[{"taxonomy":"product_brand","embeddable":true,"href":"https:\/\/chargingshop.eu\/no\/wp-json\/wp\/v2\/product_brand?post=5733"},{"taxonomy":"product_cat","embeddable":true,"href":"https:\/\/chargingshop.eu\/no\/wp-json\/wp\/v2\/product_cat?post=5733"},{"taxonomy":"product_tag","embeddable":true,"href":"https:\/\/chargingshop.eu\/no\/wp-json\/wp\/v2\/product_tag?post=5733"}],"curies":[{"name":"wp","href":"https:\/\/api.w.org\/{rel}","templated":true}]}}