{"id":4805,"date":"2021-03-07T08:30:46","date_gmt":"2021-03-07T08:30:47","guid":{"rendered":"https:\/\/chargingshop.eu\/?post_type=product&#038;p=4805"},"modified":"2021-03-07T09:02:31","modified_gmt":"2021-03-07T09:02:31","slug":"ladekabel-til-elbil-type-1-til-type-2-1-fase-32a-5m","status":"publish","type":"product","link":"https:\/\/chargingshop.eu\/no\/produkt\/ladekabel-til-elbil-type-1-til-type-2-1-fase-32a-5m\/","title":{"rendered":"Ladekabel til elbil &#8211; Type 1 til Type 2, 1 fase, 32A, 5m"},"content":{"rendered":"<h1>Ladekabel til elbil &#8211; Type 1 til Type 2, 1 fase, 32A, 5m<\/h1>\n<p>Med denne kabelen kan du lade Elbil \/ PHEV som har Type 1-port (bilkontakt) med en Elbil ladestasjon som har Type 2-kontakt. Kabelen er 16 Amp, enfaset, kan lade din EV opptil 7,2 kW. Produktet er designet for enkel bruk og er enkelt \u00e5 plugge. Arbeidslengden er 5 meter og er laget av termoplastisk materiale. Den har beskyttelsesniv\u00e5 IP55, er antiflammende, trykkbestandig, slitesterk og st\u00f8tsikker.<\/p>\n<h1>Hvordan du oppbevarer:<\/h1>\n<div>Vi anbefaler \u00e5 oppbevare kabelen p\u00e5 et t\u00f8rt sted. Det anbefales at du oppbevarer den i oppbevaringspose. Hvis kabelen f\u00e5r fuktighet i kontaktene, vil det f\u00f8re til feil. Hvis dette skjer, legg kabelen p\u00e5 et varmt og t\u00f8rt sted i 8-12 timer. Unng\u00e5 \u00e5 legge kabelen utend\u00f8rs der sol, vind, st\u00f8v eller regn kan komme til den. St\u00f8v og smuss i kontaktene kan f\u00f8re til at kabelen ikke lades. For lang levetid m\u00e5 du s\u00f8rge for at EV-ladekabelen ikke er vridd eller for b\u00f8yd under lagringen.<\/div>\n<div><\/div>\n<div>EV-ladekabel Type 1 til Type 2 32A 1 Phase 5m er veldig enkel \u00e5 bruke og lagre. Kabelen er designet for b\u00e5de utend\u00f8rs og innend\u00f8rs lading, og den har IP55 (Ingress Protection). Dette betyr at den har beskyttelse mot st\u00f8v og vannsprut fra alle retninger.<\/div>\n","protected":false},"excerpt":{"rendered":"<p>Ladekabel til elbil &#8211; Type 1 til Type 2, 1 fase, 32A, 5m<\/p>\n<p>Lett og ultrafleksibel, noe som er veldig enkelt \u00e5 bruke, lagre og transportere. IP55 klassifisert.<\/p>\n","protected":false},"featured_media":4770,"comment_status":"open","ping_status":"closed","template":"","meta":[],"product_brand":[],"product_cat":[498],"product_tag":[],"class_list":{"0":"post-4805","1":"product","2":"type-product","3":"status-publish","4":"has-post-thumbnail","6":"product_cat-ladekabler-adaptere-for-elbil","8":"first","9":"instock","10":"sale","11":"taxable","12":"shipping-taxable","13":"purchasable","14":"product-type-simple"},"_links":{"self":[{"href":"https:\/\/chargingshop.eu\/no\/wp-json\/wp\/v2\/product\/4805","targetHints":{"allow":["GET"]}}],"collection":[{"href":"https:\/\/chargingshop.eu\/no\/wp-json\/wp\/v2\/product"}],"about":[{"href":"https:\/\/chargingshop.eu\/no\/wp-json\/wp\/v2\/types\/product"}],"replies":[{"embeddable":true,"href":"https:\/\/chargingshop.eu\/no\/wp-json\/wp\/v2\/comments?post=4805"}],"wp:featuredmedia":[{"embeddable":true,"href":"https:\/\/chargingshop.eu\/no\/wp-json\/wp\/v2\/media\/4770"}],"wp:attachment":[{"href":"https:\/\/chargingshop.eu\/no\/wp-json\/wp\/v2\/media?parent=4805"}],"wp:term":[{"taxonomy":"product_brand","embeddable":true,"href":"https:\/\/chargingshop.eu\/no\/wp-json\/wp\/v2\/product_brand?post=4805"},{"taxonomy":"product_cat","embeddable":true,"href":"https:\/\/chargingshop.eu\/no\/wp-json\/wp\/v2\/product_cat?post=4805"},{"taxonomy":"product_tag","embeddable":true,"href":"https:\/\/chargingshop.eu\/no\/wp-json\/wp\/v2\/product_tag?post=4805"}],"curies":[{"name":"wp","href":"https:\/\/api.w.org\/{rel}","templated":true}]}}