{"id":3597,"date":"2021-01-05T18:00:37","date_gmt":"2021-01-05T18:00:37","guid":{"rendered":"https:\/\/chargingshop.eu\/product\/spark-line-32-red-kabel-med-22kw-kontrollboks-type2-cee-32a-x-3faser-5m\/"},"modified":"2021-01-06T09:51:26","modified_gmt":"2021-01-06T09:51:26","slug":"spark-line-32-red-kabel-med-22kw-kontrollboks-type2-cee-32a-x-3faser-5m","status":"publish","type":"product","link":"https:\/\/chargingshop.eu\/no\/produkt\/spark-line-32-red-kabel-med-22kw-kontrollboks-type2-cee-32a-x-3faser-5m\/","title":{"rendered":"SPARK LINE 32 red &#8211; kabel med 22kW kontrollboks TYPE2-CEE, 32A x 3faser, 5m"},"content":{"rendered":"<p>SPARK LINE 32 red &#8211; b\u00e6rbar ladel\u00f8sning av topp kvalitet. Produsert i EU. St\u00f8tter 3-fase 32A lading (opptil 22kW). Industriuttak &#8211; CEE 16A \/ 5PIN er den mest praktiske m\u00e5ten \u00e5 lade ditt elektriske kj\u00f8ret\u00f8y, uansett hvor du er. De fleste elektriske biler p\u00e5 markedet st\u00f8tter 1x32A eller 3x32A lading, men leveres ikke med n\u00f8dvendig tilbeh\u00f8r. Spark Line 32 tilbyr f\u00f8lgende fordeler:<\/p>\n<ul>\n<li>F\u00f8rsteklasses sikkerhet og brukervennlig<\/li>\n<li>Koblingselementer er dimensjonert for mer enn 150% av nominell kontinuerlig belastning.<\/li>\n<li>Kontrollelektronikken utf\u00f8rer selvdiagnostikk med hver st\u00f8psel &#8211; Indikerer problemer (etter tilkobling og under lading) med riktig feilkode: &#8211; Stigende temperaturer eller overoppheting i enheten eller CEE-kontakten &#8211; Koblingselementer smeltet av varme eller defekte transistorbrytere &#8211; Overspenning eller underspenning &#8211; Kontroll av PE- og N-linjer &#8211; Lekkasjestr\u00f8mdeteksjon &#8211; Frakobling av kj\u00f8ret\u00f8y ved lekkasjedeteksjon (30mA AC, 6mA DC) &#8211; Ikke-st\u00f8ttet lademodus<\/li>\n<li>Innstillingsfunksjon for maksimal ladestr\u00f8m &#8211; fordelaktig for biler som ikke kan gj\u00f8re dette p\u00e5 egenh\u00e5nd (innstillingen gj\u00f8res ganske enkelt med en knapp med en signal LED-diode)<\/li>\n<li>Kompatibilitet med den nye versjonen p\u00e5 TN-S (det meste av Europa) og IT (Norge, Italia, Ukraina) nettverk<\/li>\n<li>Bruk av riktig dimensjonert leder av h\u00f8y kvalitet, T\u00dcV-sertifisering<\/li>\n<li>Elektronikkens solide aluminiumshus med IP65-beskyttelse er i stand til \u00e5 overleve regn, fall eller bli p\u00e5kj\u00f8rt av en bil<\/li>\n<\/ul>\n<p>Imidlertid er ingen av disse beskyttelsene ment \u00e5 erstatte en d\u00e5rlig tilkoblet str\u00f8mforsyning, og brukeren er fortsatt p\u00e5lagt \u00e5 bruke kun stikkontakter som oppfyller alle sikkerhetskrav og standarder. Beskyttelsene nevnt ovenfor fungerer som et ekstra beskyttende lag. Spesielt egnet for eiere av <strong>Tesla Model S, (X)<\/strong> (med TwinCharger eller med en forbedret lader), <strong>Smart ED<\/strong> (med 22 kW lader), <strong>Renault Zoe<\/strong> og BYD e6, fordi disse bilene kan lade opp til 22 kW. Kabelen er ogs\u00e5 kompatibel med alle biler som bruker den europeisk-amerikanske standarden IEC 62196-2 type 2 (s\u00e5kalt Mennekes). Inkludert f\u00f8lgende biler, for eksempel Tesla Model 3, Nissan Leaf, BMW i3, VW e-up!, VW e-Golf, Hyundai Ioniq, Kia Soul EV, Mercedes B-class ED, Jaguar I-Pace og mange andre &#8230; <strong>SPARK LINE 32 red &#8211; nominell str\u00f8m: maks 32A (22kW) &#8211; begrenset av forskrifter<\/strong> <strong>Justerbar str\u00f8m: 6A \/ 10A \/ 13A \/ 16A \/ 20A \/ 25A \/ 32A<\/strong> <strong>Brukte faser: 1, 2 eller 3 avhengig av tilkoblet bil<\/strong> <strong>Lengde: 5m<\/strong> <strong>Tillatt omgivelsestemperatur: -30 \u00b0 C til + 50 \u00b0 C<\/strong> <strong>Reststr\u00f8msenhet: A-EV (30mA AC, 6mA DC)<\/strong> <strong>4 \u00e5rs garanti<\/strong><\/p>\n","protected":false},"excerpt":{"rendered":"<p><strong>Den kraftigste b\u00e6rbare og smarte<\/strong> kabelen med kontrollelektronikk for lading av elektriske biler fra CEE 32A-stikkontakter med en maksimal effekt p\u00e5 opptil 22kW (3x32A). Laget i EU. 4 \u00e5rs produsentgaranti.<\/p>\n","protected":false},"featured_media":3541,"comment_status":"open","ping_status":"closed","template":"","meta":[],"product_brand":[],"product_cat":[255],"product_tag":[],"class_list":{"0":"post-3597","1":"product","2":"type-product","3":"status-publish","4":"has-post-thumbnail","6":"product_cat-ladekabel","8":"first","9":"instock","10":"sale","11":"featured","12":"taxable","13":"shipping-taxable","14":"purchasable","15":"product-type-simple"},"_links":{"self":[{"href":"https:\/\/chargingshop.eu\/no\/wp-json\/wp\/v2\/product\/3597","targetHints":{"allow":["GET"]}}],"collection":[{"href":"https:\/\/chargingshop.eu\/no\/wp-json\/wp\/v2\/product"}],"about":[{"href":"https:\/\/chargingshop.eu\/no\/wp-json\/wp\/v2\/types\/product"}],"replies":[{"embeddable":true,"href":"https:\/\/chargingshop.eu\/no\/wp-json\/wp\/v2\/comments?post=3597"}],"wp:featuredmedia":[{"embeddable":true,"href":"https:\/\/chargingshop.eu\/no\/wp-json\/wp\/v2\/media\/3541"}],"wp:attachment":[{"href":"https:\/\/chargingshop.eu\/no\/wp-json\/wp\/v2\/media?parent=3597"}],"wp:term":[{"taxonomy":"product_brand","embeddable":true,"href":"https:\/\/chargingshop.eu\/no\/wp-json\/wp\/v2\/product_brand?post=3597"},{"taxonomy":"product_cat","embeddable":true,"href":"https:\/\/chargingshop.eu\/no\/wp-json\/wp\/v2\/product_cat?post=3597"},{"taxonomy":"product_tag","embeddable":true,"href":"https:\/\/chargingshop.eu\/no\/wp-json\/wp\/v2\/product_tag?post=3597"}],"curies":[{"name":"wp","href":"https:\/\/api.w.org\/{rel}","templated":true}]}}