{"id":3430,"date":"2020-12-17T13:51:29","date_gmt":"2020-12-17T13:51:29","guid":{"rendered":"https:\/\/chargingshop.eu\/?post_type=product&#038;p=3430"},"modified":"2020-12-17T15:15:22","modified_gmt":"2020-12-17T15:15:22","slug":"abb-elbil-ladekabel-22kw-type-2-3p-32a-7meter","status":"publish","type":"product","link":"https:\/\/chargingshop.eu\/no\/produkt\/abb-elbil-ladekabel-22kw-type-2-3p-32a-7meter\/","title":{"rendered":"ABB Elbil Ladekabel 22kW Type 2  3P 32A  &#8211; 7meter"},"content":{"rendered":"<div><strong>ABB Elbil Ladekabel 22kW Type 2 3P 32A &#8211; 7meter<\/strong><\/div>\n<div><\/div>\n<div><strong>Egenskaper:<\/strong><\/div>\n<div><\/div>\n<ul>\n<li>Original ABB ladekontakt for elektriske biler<\/li>\n<li>Robust design. Den strukturelle styrken er tilstrekkelig til \u00e5 st\u00f8tte rullingen av en elbil.<\/li>\n<li>Unik lysbue-slukkingsteknikk s\u00f8rger for at det ikke er elektriske gnister n\u00e5r du kobler til og plugger ut.<\/li>\n<li>Trygt og p\u00e5litelig. Kabelen er laget av flammehemmende TPE (TPU) materiale, som t\u00e5ler direkte brannforbrenning p\u00e5 en sikker tid.<\/li>\n<li>Varig. Den avanserte Crimping-teknologien sikrer forlenget arbeidsliv.<\/li>\n<li>Driftsspenning 400VAC<\/li>\n<li>Driftstemperaturomr\u00e5de -30 \u00b0 C til + 60 \u00b0 C<\/li>\n<li>Kontaktpersoner i kobberlegering<\/li>\n<li>Produsent &#8211; ABB<\/li>\n<\/ul>\n","protected":false},"excerpt":{"rendered":"<p>ABB Elbil Ladekabel 22kW Type 2 (32A x3 &#8211; trefase) &#8211; egnet til daglig ladebehov.<\/p>\n","protected":false},"featured_media":3441,"comment_status":"open","ping_status":"closed","template":"","meta":[],"product_brand":[],"product_cat":[498,255],"product_tag":[],"class_list":{"0":"post-3430","1":"product","2":"type-product","3":"status-publish","4":"has-post-thumbnail","6":"product_cat-ladekabler-adaptere-for-elbil","7":"product_cat-ladekabel","9":"first","10":"instock","11":"sale","12":"taxable","13":"shipping-taxable","14":"purchasable","15":"product-type-simple"},"_links":{"self":[{"href":"https:\/\/chargingshop.eu\/no\/wp-json\/wp\/v2\/product\/3430","targetHints":{"allow":["GET"]}}],"collection":[{"href":"https:\/\/chargingshop.eu\/no\/wp-json\/wp\/v2\/product"}],"about":[{"href":"https:\/\/chargingshop.eu\/no\/wp-json\/wp\/v2\/types\/product"}],"replies":[{"embeddable":true,"href":"https:\/\/chargingshop.eu\/no\/wp-json\/wp\/v2\/comments?post=3430"}],"wp:featuredmedia":[{"embeddable":true,"href":"https:\/\/chargingshop.eu\/no\/wp-json\/wp\/v2\/media\/3441"}],"wp:attachment":[{"href":"https:\/\/chargingshop.eu\/no\/wp-json\/wp\/v2\/media?parent=3430"}],"wp:term":[{"taxonomy":"product_brand","embeddable":true,"href":"https:\/\/chargingshop.eu\/no\/wp-json\/wp\/v2\/product_brand?post=3430"},{"taxonomy":"product_cat","embeddable":true,"href":"https:\/\/chargingshop.eu\/no\/wp-json\/wp\/v2\/product_cat?post=3430"},{"taxonomy":"product_tag","embeddable":true,"href":"https:\/\/chargingshop.eu\/no\/wp-json\/wp\/v2\/product_tag?post=3430"}],"curies":[{"name":"wp","href":"https:\/\/api.w.org\/{rel}","templated":true}]}}