{"id":2898,"date":"2020-09-01T06:38:28","date_gmt":"2020-09-01T06:38:29","guid":{"rendered":"https:\/\/chargingshop.eu\/?post_type=product&#038;p=2898"},"modified":"2020-09-01T07:01:21","modified_gmt":"2020-09-01T07:01:21","slug":"duosida-7-kw-baerbar-ladekontakt-justerbar-8-32a-type-2-til-cee-plugg-copy","status":"publish","type":"product","link":"https:\/\/chargingshop.eu\/no\/produkt\/duosida-7-kw-baerbar-ladekontakt-justerbar-8-32a-type-2-til-cee-plugg-copy\/","title":{"rendered":"DUOSIDA 7 kW b\u00e6rbar ladekontakt justerbar 8- 32A Type 2 til CEE-plugg"},"content":{"rendered":"<div><strong>DUOSIDA 7 kW b\u00e6rbar ladekontakt justerbar (32A x1)<\/strong><\/div>\n<div><\/div>\n<div><strong>Egenskaper:<\/strong><\/div>\n<div><\/div>\n<ul>\n<li>Ladekraft fra 2kW til 7,2kW (justerbar);<\/li>\n<li>Maks spenning 230V;<\/li>\n<li>Str\u00f8mstyrke 8A, 10A, 13A, 16A, 32A (kan justeres p\u00e5 adapterskjerm);<\/li>\n<li>Bilkontakt TYPE2;<\/li>\n<li>Milj\u00f8beskyttelsesgrad &#8211; IP55 Gummi \/ plastbelegg;<\/li>\n<li>Str\u00f8mforsyning &#8211; 32A en fase;<\/li>\n<li>Str\u00f8mforsyningskontakt temperaturf\u00f8ler (temperatur kan sees p\u00e5 skjermen);<\/li>\n<li>Ladehastighet (vist p\u00e5 skjermen);<\/li>\n<li>Kabellengde 5 meter.<\/li>\n<li>Driftstemperaturomr\u00e5de -30 \u00b0 C til + 50 \u00b0 C<\/li>\n<li>Produsent &#8211; DUOSIDA (Kina)<\/li>\n<\/ul>\n","protected":false},"excerpt":{"rendered":"<p>DUOSIDA 7 kW b\u00e6rbar og justerbar TYPE2-kontakt. Tillater \u00e5 lade elbilen fra husstandens 32A stikkontakt i en fase. Om n\u00f8dvendig kan ladestr\u00f8mmen reduseres i tilfelle utilstrekkelig str\u00f8m ved den elektriske inngangen, eller i tilfelle en gammel og up\u00e5litelig elektrisk installasjon. For eksempel, n\u00e5r alle elektriske apparater i hjemmet brukes (i topptimer), kan ladestr\u00f8mmen reduseres, og n\u00e5r du trenger \u00e5 lade en elbil raskt, kan du bruke denne laderen opp til 7,2 kW og 32A ladestr\u00f8m.<\/p>\n","protected":false},"featured_media":2906,"comment_status":"open","ping_status":"closed","template":"","meta":[],"product_brand":[],"product_cat":[255],"product_tag":[],"class_list":{"0":"post-2898","1":"product","2":"type-product","3":"status-publish","4":"has-post-thumbnail","6":"product_cat-ladekabel","8":"first","9":"instock","10":"taxable","11":"shipping-taxable","12":"purchasable","13":"product-type-simple"},"_links":{"self":[{"href":"https:\/\/chargingshop.eu\/no\/wp-json\/wp\/v2\/product\/2898","targetHints":{"allow":["GET"]}}],"collection":[{"href":"https:\/\/chargingshop.eu\/no\/wp-json\/wp\/v2\/product"}],"about":[{"href":"https:\/\/chargingshop.eu\/no\/wp-json\/wp\/v2\/types\/product"}],"replies":[{"embeddable":true,"href":"https:\/\/chargingshop.eu\/no\/wp-json\/wp\/v2\/comments?post=2898"}],"wp:featuredmedia":[{"embeddable":true,"href":"https:\/\/chargingshop.eu\/no\/wp-json\/wp\/v2\/media\/2906"}],"wp:attachment":[{"href":"https:\/\/chargingshop.eu\/no\/wp-json\/wp\/v2\/media?parent=2898"}],"wp:term":[{"taxonomy":"product_brand","embeddable":true,"href":"https:\/\/chargingshop.eu\/no\/wp-json\/wp\/v2\/product_brand?post=2898"},{"taxonomy":"product_cat","embeddable":true,"href":"https:\/\/chargingshop.eu\/no\/wp-json\/wp\/v2\/product_cat?post=2898"},{"taxonomy":"product_tag","embeddable":true,"href":"https:\/\/chargingshop.eu\/no\/wp-json\/wp\/v2\/product_tag?post=2898"}],"curies":[{"name":"wp","href":"https:\/\/api.w.org\/{rel}","templated":true}]}}