{"id":2486,"date":"2020-06-27T12:48:20","date_gmt":"2020-06-27T12:48:21","guid":{"rendered":"https:\/\/chargingshop.eu\/?post_type=product&#038;p=2486"},"modified":"2020-06-27T13:53:31","modified_gmt":"2020-06-27T13:53:31","slug":"etrel-inch-home-stikkontakt-22-kw-type-2-modell-g-hb1v7cy10-gra-copy","status":"publish","type":"product","link":"https:\/\/chargingshop.eu\/no\/produkt\/etrel-inch-home-stikkontakt-22-kw-type-2-modell-g-hb1v7cy10-gra-copy\/","title":{"rendered":"Etrel INCH Home stikkontakt 22 kW Type 2, modell &#8211; G-HB1Y7CY10 (gr\u00e5)"},"content":{"rendered":"<p><strong>Etrel INCH Home stikkontakt (model &#8211; G-HB1Y7CY10) <\/strong><strong>viktige funksjoner::<\/strong><\/p>\n<ul>\n<li>Leverer opptil 22 kW vekselstr\u00f8m<\/li>\n<li>Programmerbar skjerm &#8211; angi en PIN-kode for tilgang, eller programmer en tidtaker for \u00e5 unng\u00e5 lading i peak hour.<\/li>\n<li><strong>Avansert elektrisk lastkontroll.<\/strong> &#8216;Load Guard&#8217;-sensoren (kj\u00f8pes separat) &#8211; en sensor som g\u00e5r p\u00e5 sikringsbrettet for \u00e5 overv\u00e5ke den totale aktive kraften som brukes av hjemmet &#8211; vil justere mengden str\u00f8m den gir bilen din, avhengig av de andre str\u00f8mkravene i hjemmet, som oppvarming. Ved \u00e5 legge til Load Guard vil du kunne glede deg over raskest mulig lading, og aldri bl\u00e5se sikringen.<\/li>\n<li><strong>Intelligens.<\/strong> Laderen l\u00e6rer og sp\u00e5r avreisetid. N\u00e5r du har det travelt, velg hurtiglading med fingeren.<\/li>\n<li><strong>Kraft-pris vennlig.<\/strong> Still laderen til \u00e5 reagere og varier ladehastighetene n\u00e5r str\u00f8mprisen er h\u00f8y eller lav.<\/li>\n<li>Etrel Inch Home er <strong>sole energi klar<\/strong> for \u00e5 lede str\u00f8m til EV n\u00e5r solcellepanelet produserer mer enn hjemmet trenger.<\/li>\n<li><strong>Tilkoblingsalternativer<\/strong> &#8211; denne modellen har Ethernet-kabel-tilkobling og st\u00f8tte for \u00e5pen protokoll &#8211; noe som betyr at den kan kobles til fremtidige ladeplattformer &#8211; laderen kan s\u00f8ml\u00f8st integreres i ditt smarte hjem eller anlegg. Velg dyrere Etrel Home Inch-modell for 3G- og Wifi tilkobling.<\/li>\n<li><strong>Varig<\/strong>. Denne laderen er v\u00e6rbestandig og designet for \u00e5 vare. Med et aluminiumshus i st\u00f8pt aluminium er laderen klar for selv de t\u00f8ffeste milj\u00f8ene og inkluderer en knustfast akrylglassplate.<\/li>\n<\/ul>\n<p>Med Etrel INCH Home stikkontakt har du muligheten til \u00e5 lade bilen din med en hastighet p\u00e5 22 kW med trygghet om at du ikke kommer til \u00e5 overbelaste hjemets sikringsplate. Du har ogs\u00e5 muligheten til \u00e5 reagere p\u00e5 overfl\u00f8dig solenergi fra din n\u00e5v\u00e6rende (eller fremtidige) solarray og direkte str\u00f8m til bilen din i stedet for til nettet. Du kan ogs\u00e5 spare penger n\u00e5r du setter lading i l\u00f8pet av nattetid, og unng\u00e5 h\u00f8stprising og h\u00f8yere str\u00f8mregning. Disse funksjonene alene hjelper deg med \u00e5 spare 10-30% avslag p\u00e5 str\u00f8mregningen regelmessig.<\/p>\n<p>Tekniske spesifikasjoner:<\/p>\n<p><a href=\"https:\/\/chargingshop.eu\/wp-content\/uploads\/2020\/04\/Etrel-INCH-PRO-General-Data-Sheet.pdf\" target=\"_blank\" rel=\"attachment noopener wp-att-2029 noreferrer\">Etrel INCH PRO General Data Sheet<\/a><\/p>\n<p><em>INCH PRO Brochure:<\/em><\/p>\n<p><strong><a href=\"https:\/\/chargingshop.eu\/wp-content\/uploads\/2020\/04\/2020_04_06-INCH-PRO-brochure.pdf\" target=\"_blank\" rel=\"attachment noopener wp-att-2022 noreferrer\">Etrel INCH PRO brochure<\/a><\/strong><\/p>\n<p>&nbsp;<\/p>\n","protected":false},"excerpt":{"rendered":"<p>Etrel INCH Home er en av de smarteste EV-laderne i markedet for private hjem eller fasiliteter.<\/p>\n","protected":false},"featured_media":1989,"comment_status":"open","ping_status":"closed","template":"","meta":[],"product_brand":[],"product_cat":[210],"product_tag":[],"class_list":{"0":"post-2486","1":"product","2":"type-product","3":"status-publish","4":"has-post-thumbnail","6":"product_cat-wallbox-chargers","7":"pa_brand-etrel-no","9":"first","10":"outofstock","11":"sale","12":"taxable","13":"shipping-taxable","14":"purchasable","15":"product-type-simple"},"_links":{"self":[{"href":"https:\/\/chargingshop.eu\/no\/wp-json\/wp\/v2\/product\/2486","targetHints":{"allow":["GET"]}}],"collection":[{"href":"https:\/\/chargingshop.eu\/no\/wp-json\/wp\/v2\/product"}],"about":[{"href":"https:\/\/chargingshop.eu\/no\/wp-json\/wp\/v2\/types\/product"}],"replies":[{"embeddable":true,"href":"https:\/\/chargingshop.eu\/no\/wp-json\/wp\/v2\/comments?post=2486"}],"wp:featuredmedia":[{"embeddable":true,"href":"https:\/\/chargingshop.eu\/no\/wp-json\/wp\/v2\/media\/1989"}],"wp:attachment":[{"href":"https:\/\/chargingshop.eu\/no\/wp-json\/wp\/v2\/media?parent=2486"}],"wp:term":[{"taxonomy":"product_brand","embeddable":true,"href":"https:\/\/chargingshop.eu\/no\/wp-json\/wp\/v2\/product_brand?post=2486"},{"taxonomy":"product_cat","embeddable":true,"href":"https:\/\/chargingshop.eu\/no\/wp-json\/wp\/v2\/product_cat?post=2486"},{"taxonomy":"product_tag","embeddable":true,"href":"https:\/\/chargingshop.eu\/no\/wp-json\/wp\/v2\/product_tag?post=2486"}],"curies":[{"name":"wp","href":"https:\/\/api.w.org\/{rel}","templated":true}]}}