{"id":2415,"date":"2020-06-08T08:03:35","date_gmt":"2020-06-08T08:03:35","guid":{"rendered":"https:\/\/chargingshop.eu\/?post_type=product&#038;p=2415"},"modified":"2021-03-03T04:35:47","modified_gmt":"2021-03-03T04:35:47","slug":"ensto-efiller-11-kw-3x16a-med-380v-kontakt","status":"publish","type":"product","link":"https:\/\/chargingshop.eu\/no\/produkt\/ensto-efiller-11-kw-3x16a-med-380v-kontakt\/","title":{"rendered":"ENSTO eFiller 11 kW (3x16A) med 380v-kontakt"},"content":{"rendered":"<p><strong>ENSTO eFiller 11kW med 380v-kontakt<\/strong><\/p>\n<p>Ingen behov for elektrisk installasjon n\u00e5r du har 380v 5-pinners stikkontakt! (Se produktbilde)<\/p>\n<div><strong>Ideell for ethvert milj\u00f8<\/strong><\/div>\n<div><\/div>\n<ul>\n<li>Kraftig (11 kW) trefase-lading<\/li>\n<li>Lave livssykluskostnader<\/li>\n<li>Perfekt til hjemme- eller til og med fl\u00e5telading for bedriftskunder<\/li>\n<\/ul>\n<div><strong>Verdi fra eleganse og holdbarhet<\/strong><\/div>\n<div><\/div>\n<ul>\n<li>Stilig skandinavisk design<\/li>\n<li>Industrikomponenter av h\u00f8y kvalitet med elegant og robust aluminiumsstruktur<\/li>\n<li>Fullstendig samsvar med europeiske forskrifter<\/li>\n<\/ul>\n<div><strong>Nyt en brukervennlig opplevelse<\/strong><\/div>\n<div><\/div>\n<ul>\n<li>Plugg en kabel og lading for en enkel ladeopplevelse<\/li>\n<li>Kabellengde &#8211; 4,5 meter<\/li>\n<\/ul>\n<p>&nbsp;<\/p>\n<p>&nbsp;<\/p>\n<p>&nbsp;<\/p>\n","protected":false},"excerpt":{"rendered":"<p>ENSTO eFiller (<strong>med 380v-kontakt<\/strong>) &#8211; et kompakt veggmontert ladepunkt med fast ladekabel. Ingen behov for elektrisk installasjon n\u00e5r du har 380v 5-pinners stikkontakt!\u00a0Stilig og slitesterk design som er spesielt egnet for enkel hjemmelading, n\u00e5r det ikke er n\u00f8dvendig med innebygd overstr\u00f8m og reststr\u00f8mbeskyttelse eller kobling til backend-systemer.<\/p>\n","protected":false},"featured_media":2421,"comment_status":"open","ping_status":"closed","template":"","meta":[],"product_brand":[],"product_cat":[210],"product_tag":[],"class_list":{"0":"post-2415","1":"product","2":"type-product","3":"status-publish","4":"has-post-thumbnail","6":"product_cat-wallbox-chargers","7":"pa_brand-ensto-no","9":"first","10":"instock","11":"taxable","12":"shipping-taxable","13":"purchasable","14":"product-type-simple"},"_links":{"self":[{"href":"https:\/\/chargingshop.eu\/no\/wp-json\/wp\/v2\/product\/2415","targetHints":{"allow":["GET"]}}],"collection":[{"href":"https:\/\/chargingshop.eu\/no\/wp-json\/wp\/v2\/product"}],"about":[{"href":"https:\/\/chargingshop.eu\/no\/wp-json\/wp\/v2\/types\/product"}],"replies":[{"embeddable":true,"href":"https:\/\/chargingshop.eu\/no\/wp-json\/wp\/v2\/comments?post=2415"}],"wp:featuredmedia":[{"embeddable":true,"href":"https:\/\/chargingshop.eu\/no\/wp-json\/wp\/v2\/media\/2421"}],"wp:attachment":[{"href":"https:\/\/chargingshop.eu\/no\/wp-json\/wp\/v2\/media?parent=2415"}],"wp:term":[{"taxonomy":"product_brand","embeddable":true,"href":"https:\/\/chargingshop.eu\/no\/wp-json\/wp\/v2\/product_brand?post=2415"},{"taxonomy":"product_cat","embeddable":true,"href":"https:\/\/chargingshop.eu\/no\/wp-json\/wp\/v2\/product_cat?post=2415"},{"taxonomy":"product_tag","embeddable":true,"href":"https:\/\/chargingshop.eu\/no\/wp-json\/wp\/v2\/product_tag?post=2415"}],"curies":[{"name":"wp","href":"https:\/\/api.w.org\/{rel}","templated":true}]}}