{"id":2322,"date":"2020-05-01T08:07:21","date_gmt":"2020-05-01T08:07:21","guid":{"rendered":"https:\/\/chargingshop.eu\/product\/abb-terra-dc-wallbox-24-kw-ccs2\/"},"modified":"2020-05-06T11:05:05","modified_gmt":"2020-05-06T11:05:05","slug":"abb-terra-dc-wallbox-24-kw-ccs2","status":"publish","type":"product","link":"https:\/\/chargingshop.eu\/no\/produkt\/abb-terra-dc-wallbox-24-kw-ccs2\/","title":{"rendered":"ABB Terra DC Wallbox 24 kW CCS2"},"content":{"rendered":"<p><strong>ABB Terra DC Wallbox 24 kW CCS2 med 3.5m kabel (model &#8211; 6AGC077815)\u00a0<\/strong><\/p>\n<h3 class=\"p1\">DC wallbox foretrukket fremfor AC wallbox<\/h3>\n<p class=\"p1\">N\u00e5r du lader med vekselstr\u00f8msutstyr, begrenses ladekraften ofte av ombordomformeren til EV. Ombord omformere er vanligvis vurdert til 3 til 7 kW. Eventuell ekstra str\u00f8m AC-ladestasjonen kan gi, forblir ubrukt. Med DC-veggboksen leveres 24 kW DC DC-str\u00f8m direkte til batteriet, uten \u00e5 omg\u00e5 begrensningene til EVs ombord omformer. Med Terra DC Wallbox kan du sikre 24 kW str\u00f8mforsyning uansett hvilken EV-modell som lades og om den har AC-omformer eller ikke.<\/p>\n<h3 class=\"p1\"><em>Intelligent design: kompakt, praktisk, tilkoblet<\/em><\/h3>\n<p>\u2022 Plassbesparelser med enkel \u00e5 installere design<\/p>\n<p>\u2022 Brukervennlig grensesnitt for praktisk lading med 7 tommers LCD ber\u00f8ringsskjerm<\/p>\n<p>\u2022 Bredt utvalg av tilkoblingsalternativer<\/p>\n<h3 class=\"p1\"><em>Futureproof: ROI maksimert<\/em><\/h3>\n<p>\u2022 Fullt kompatibel med n\u00e5v\u00e6rende og fremtidige EV-er<\/p>\n<p>\u2022 Ekstern programvareoppdatering<\/p>\n<p>\u2022 Smart funksjonalitet betyr optimalisert og kostnadseffektiv lading<\/p>\n<h3 class=\"p1\"><em>Sikkerhet: innebygd beskyttelse<\/em><\/h3>\n<p>\u2022 Evaluert og testet til de h\u00f8yeste uavhengige standarder<\/p>\n<p>\u2022 Trygt \u00e5 bruke i boliginnstillinger<\/p>\n<p>\u2022 Integrert jordfeil og turbeskyttelse<\/p>\n<p>\u2022 Utend\u00f8rs og innend\u00f8rs installasjon NEMA 3 &amp; IP54<\/p>\n<h3 class=\"p1\">Laststyring<\/h3>\n<div>\u2022 Smart lading via OCPP<\/div>\n<div><\/div>\n<div>\u2022 Oppsett for integrering av ekstern energimeter for dynamisk belastningsstyring<\/div>\n<div><\/div>\n<div>\u2022 Klar for integrasjon med avansert smart bygningsenergisystem<\/div>\n<h3 class=\"p1\">Innebygd sikkerhet<\/h3>\n<div>\u2022 Overstr\u00f8m<\/div>\n<div><\/div>\n<div>\u2022 Overspenning og underspenning<\/div>\n<div><\/div>\n<div>\u2022 Jordfeil<\/div>\n<div><\/div>\n<div>\u2022 Overspenningsvern<\/div>\n<div><\/div>\n<div>\u2022 PE (beskyttende jord) kontinuitetsoverv\u00e5king<\/div>\n<div><\/div>\n<div>\u2022 Beskyttelse mot lekkasjestr\u00f8m<\/div>\n<h3 class=\"p1\"><em>Tilkobling<\/em><\/h3>\n<p class=\"p1\">\u2022 GSM \/ 3G \/ 4G<\/p>\n<p class=\"p1\">\u2022 Ethernet<\/p>\n<p class=\"p1\">\u2022 RFID<\/p>\n<h3><em>Elektrisk kraftuttak<\/em><\/h3>\n<p class=\"p1\">\u2022\u00a00\u201322.5 kW, 24 kW (peak) \/ 60 A<\/p>\n<p class=\"p1\">\u2022 Ladespenning: CCS: 150 \u2013 920 V DC<\/p>\n<p>&nbsp;<\/p>\n<p>Leveringstid: 8 uker etter bestilling<\/p>\n<p>Merk &#8211; CCS kontaktholder (som er p\u00e5 produktbildet) er ikke inkludert og b\u00f8r bestilles separat her.<\/p>\n<p>Modell med doble CCS2- og Chademo-kontakter tilgjengelig.<\/p>\n<p>Produkt brosjyrer:<\/p>\n<ul>\n<li><a href=\"https:\/\/chargingshop.eu\/wp-content\/uploads\/2020\/05\/9AKK107680A3888_Terra_DC_wallbox_A5_technical_Leaflet_screen.pdf\">ABB Terra DC Wallbox brochure<\/a><\/li>\n<li><a href=\"https:\/\/chargingshop.eu\/wp-content\/uploads\/2020\/05\/9AKK107680A4480_Terra_DC_wallbox_Brochure_A4-Rev-A_screen.pdf\">ABB Terra DC Wallbox brochure 2<\/a><\/li>\n<li><a href=\"https:\/\/chargingshop.eu\/wp-content\/uploads\/2020\/05\/9AKK107680A3889_ABB_Infographic_DC_Wallbox_english_screen.pdf\">ABB Terra DC Wallbox Infographic<\/a><\/li>\n<\/ul>\n<p>&nbsp;<\/p>\n","protected":false},"excerpt":{"rendered":"<p>ABB Terra DC Wallbox 24 kW &#8211; utviklet med ledende produsenter av elektriske biler, klarert av energileverand\u00f8rer og myndigheter, Terra DC veggboksen gj\u00f8r hurtiglading trygg, smart og fremtidig kompatibel. St\u00f8ttet av 130 \u00e5r med innovasjon og et ti\u00e5r innen e-mobilitet, st\u00f8tter DC-wallbox kontinuerlig fremdrift av elektriske kj\u00f8ret\u00f8yer.<\/p>\n","protected":false},"featured_media":2319,"comment_status":"open","ping_status":"closed","template":"","meta":[],"product_brand":[],"product_cat":[296,210],"product_tag":[],"class_list":{"0":"post-2322","1":"product","2":"type-product","3":"status-publish","4":"has-post-thumbnail","6":"product_cat-dc-chargers-no","7":"product_cat-wallbox-chargers","8":"pa_brand-abb-no","10":"first","11":"outofstock","12":"sale","13":"taxable","14":"shipping-taxable","15":"purchasable","16":"product-type-simple"},"_links":{"self":[{"href":"https:\/\/chargingshop.eu\/no\/wp-json\/wp\/v2\/product\/2322","targetHints":{"allow":["GET"]}}],"collection":[{"href":"https:\/\/chargingshop.eu\/no\/wp-json\/wp\/v2\/product"}],"about":[{"href":"https:\/\/chargingshop.eu\/no\/wp-json\/wp\/v2\/types\/product"}],"replies":[{"embeddable":true,"href":"https:\/\/chargingshop.eu\/no\/wp-json\/wp\/v2\/comments?post=2322"}],"wp:featuredmedia":[{"embeddable":true,"href":"https:\/\/chargingshop.eu\/no\/wp-json\/wp\/v2\/media\/2319"}],"wp:attachment":[{"href":"https:\/\/chargingshop.eu\/no\/wp-json\/wp\/v2\/media?parent=2322"}],"wp:term":[{"taxonomy":"product_brand","embeddable":true,"href":"https:\/\/chargingshop.eu\/no\/wp-json\/wp\/v2\/product_brand?post=2322"},{"taxonomy":"product_cat","embeddable":true,"href":"https:\/\/chargingshop.eu\/no\/wp-json\/wp\/v2\/product_cat?post=2322"},{"taxonomy":"product_tag","embeddable":true,"href":"https:\/\/chargingshop.eu\/no\/wp-json\/wp\/v2\/product_tag?post=2322"}],"curies":[{"name":"wp","href":"https:\/\/api.w.org\/{rel}","templated":true}]}}