{"id":2283,"date":"2020-04-27T13:21:31","date_gmt":"2020-04-27T13:21:31","guid":{"rendered":"https:\/\/chargingshop.eu\/?post_type=product&#038;p=2283"},"modified":"2020-04-27T13:27:01","modified_gmt":"2020-04-27T13:27:01","slug":"load-guard-for-etrel-stasjoner-400a","status":"publish","type":"product","link":"https:\/\/chargingshop.eu\/no\/produkt\/load-guard-for-etrel-stasjoner-400a\/","title":{"rendered":"Load guard for Etrel-stasjoner 400A"},"content":{"rendered":"<h2><div class=\"video video-fit mb\" style=\"padding-top:56.25%;\"><p><iframe title=\"Interactive Charging Explained\" width=\"1020\" height=\"574\" src=\"https:\/\/www.youtube.com\/embed\/kzWdPGViz6A?feature=oembed\" frameborder=\"0\" allow=\"accelerometer; autoplay; encrypted-media; gyroscope; picture-in-picture\" allowfullscreen><\/iframe><\/p>\n<\/div><\/h2>\n<p>&nbsp;<\/p>\n<h2 class=\"vc_custom_heading vc_custom_1571907671781\">MED &#8216;LOAD GUARD&#8217; &#8211; SIKKERT OG KOSTNADS EFFEKTIVT HJEMMET LADE<\/h2>\n<p class=\"vc_custom_heading vc_custom_1571907671781\">Load Guard hjelper til med \u00e5 forhindre overbelastning av installasjonen ved \u00e5 senke ladekraften n\u00e5r husholdningenes forbruk topper. Ved \u00e5 skifte ladetid til lavere husholdningsforbruksperioder, reduserer INCH-ladere ladekostnadene.<\/p>\n<div class=\"wpb_text_column wpb_content_element \">\n<h2 class=\"vc_custom_heading vc_custom_1571109147393\">LADRE DIREKT FRA DIN FOTOVOLTAIKK. INGEN TILLEGGSINTEGRASJONER TRENGER<\/h2>\n<div class=\"wpb_text_column wpb_content_element \">\n<div class=\"wpb_wrapper\">\n<p>N\u00e5r Load Guard m\u00e5ler elektrisk str\u00f8m i begge retninger, er den i stand til \u00e5 registrere noe overskudd generert av lokale fornybare energikilder, for eksempel solceller. Gr\u00f8nn energi kan brukes til raskere og billigere lading, takket v\u00e6re algoritmer i INCH ladestasjoner.<\/p>\n<h2 class=\"vc_custom_heading vc_custom_1571109147393\">INTELLIGENT LADENDE L\u00d8SNING FORHINDRER OVERBLASTNING VED \u00c5 JUSTERE BILENS LADEKRAFT I EKTE TID<\/h2>\n<p>Smart metering device monitors the building consumption. Charging power dynamically adjusts to stay below the consumption limit and preserve the main fuse.<\/p>\n<h2 class=\"vc_custom_heading vc_custom_1571109147393\">DESIGNET FOR \u00c5 ST\u00d8TE BEDRIFTEN DIN OGS\u00c5<\/h2>\n<h2 class=\"vc_custom_heading vc_custom_1571109147393\"><\/h2>\n<p>\u00d8k ladeklyngen din etter hvert som fl\u00e5ten \/ brukerbehovet \u00f8ker. Forhindre overbelastning ved automatisk \u00e5 skifte ladetid fra peak timer og stille inn maks effekt for klyngen. \u00d8k str\u00f8mtilkoblingspunktets str\u00f8m bare n\u00e5r det er n\u00f8dvendig.<\/p>\n<table width=\"305\">\n<tbody>\n<tr>\n<td width=\"122\"><strong>Dimension<\/strong><\/td>\n<td width=\"183\">9,1\u00a0 x 5,4 x 6,2 cm or 3 DIN rail slots<\/td>\n<\/tr>\n<tr>\n<td width=\"122\"><strong>Clamp cable length<\/strong><\/td>\n<td width=\"183\">70 cm<\/td>\n<\/tr>\n<tr>\n<td width=\"122\"><strong>Clamp diameter<\/strong><\/td>\n<td width=\"183\">Small: 16 mm, Large: 24 mm<\/td>\n<\/tr>\n<tr>\n<td width=\"122\"><strong>Connection<\/strong><\/td>\n<td width=\"183\">1-phase or 3-phase<\/td>\n<\/tr>\n<tr>\n<td width=\"122\"><strong>Max Rated Current<\/strong><\/td>\n<td width=\"183\">400 A<\/td>\n<\/tr>\n<tr>\n<td width=\"122\"><strong>Communication<\/strong><\/td>\n<td width=\"183\">Ethernet<\/td>\n<\/tr>\n<tr>\n<td width=\"122\"><strong>Configuration and monitoring<\/strong><\/td>\n<td width=\"183\">Charger Web interface<\/td>\n<\/tr>\n<\/tbody>\n<\/table>\n<\/div>\n<\/div>\n<\/div>\n<p><em>Produktbrosjyre:<\/em><\/p>\n<p><a href=\"https:\/\/chargingshop.eu\/wp-content\/uploads\/2020\/04\/LOAD-GUARD-brochure.pdf\"><em>LOAD-GUARD-brochure.pdf<\/em><\/a><\/p>\n<p>&nbsp;<\/p>\n","protected":false},"excerpt":{"rendered":"<p>Load Guard er en sensor installert i bygningens elektriske skap hvor den m\u00e5ler de elektriske str\u00f8mningene og sender sanntidsdata til ladestasjonen. Det er spesielt viktig i situasjoner hvor ladestasjoner ikke har en egen str\u00f8mforsyning, men heller deler tilgjengelig str\u00f8m med andre forbrukere i bygningen. INCH ladestasjoner reagerer p\u00e5 mottatte data ved \u00e5 redusere ladekraften for \u00e5 holde en total belastning p\u00e5 installasjonen under installasjonsverdien, eller ved \u00e5 \u00f8ke den for \u00e5 utnytte den gjenv\u00e6rende tilgjengelige kraften for raskere lading.<\/p>\n","protected":false},"featured_media":2253,"comment_status":"open","ping_status":"closed","template":"","meta":[],"product_brand":[],"product_cat":[255],"product_tag":[],"class_list":{"0":"post-2283","1":"product","2":"type-product","3":"status-publish","4":"has-post-thumbnail","6":"product_cat-ladekabel","8":"first","9":"outofstock","10":"sale","11":"taxable","12":"shipping-taxable","13":"purchasable","14":"product-type-simple"},"_links":{"self":[{"href":"https:\/\/chargingshop.eu\/no\/wp-json\/wp\/v2\/product\/2283","targetHints":{"allow":["GET"]}}],"collection":[{"href":"https:\/\/chargingshop.eu\/no\/wp-json\/wp\/v2\/product"}],"about":[{"href":"https:\/\/chargingshop.eu\/no\/wp-json\/wp\/v2\/types\/product"}],"replies":[{"embeddable":true,"href":"https:\/\/chargingshop.eu\/no\/wp-json\/wp\/v2\/comments?post=2283"}],"wp:featuredmedia":[{"embeddable":true,"href":"https:\/\/chargingshop.eu\/no\/wp-json\/wp\/v2\/media\/2253"}],"wp:attachment":[{"href":"https:\/\/chargingshop.eu\/no\/wp-json\/wp\/v2\/media?parent=2283"}],"wp:term":[{"taxonomy":"product_brand","embeddable":true,"href":"https:\/\/chargingshop.eu\/no\/wp-json\/wp\/v2\/product_brand?post=2283"},{"taxonomy":"product_cat","embeddable":true,"href":"https:\/\/chargingshop.eu\/no\/wp-json\/wp\/v2\/product_cat?post=2283"},{"taxonomy":"product_tag","embeddable":true,"href":"https:\/\/chargingshop.eu\/no\/wp-json\/wp\/v2\/product_tag?post=2283"}],"curies":[{"name":"wp","href":"https:\/\/api.w.org\/{rel}","templated":true}]}}