{"id":2224,"date":"2020-04-24T07:41:27","date_gmt":"2020-04-24T07:41:27","guid":{"rendered":"https:\/\/chargingshop.eu\/?post_type=product&#038;p=2224"},"modified":"2020-04-24T08:31:54","modified_gmt":"2020-04-24T08:31:54","slug":"ensto-home-one-7-4-kw-5m-type-2-cable","status":"publish","type":"product","link":"https:\/\/chargingshop.eu\/no\/produkt\/ensto-home-one-7-4-kw-5m-type-2-cable\/","title":{"rendered":"ENSTO HOME ONE 7.4 kW, 5m Type 2 cable"},"content":{"rendered":"<div class=\"video video-fit mb\" style=\"padding-top:56.25%;\"><p><iframe title=\"Ensto One Home \u2013 Super Electric Driving Experience\" width=\"1020\" height=\"574\" src=\"https:\/\/www.youtube.com\/embed\/tiPzkaBSWt0?feature=oembed\" frameborder=\"0\" allow=\"accelerometer; autoplay; encrypted-media; gyroscope; picture-in-picture\" allowfullscreen><\/iframe><\/p>\n<\/div>\n<div><strong>ENSTO HOME ONE 7,4 kW med Type 2-kabel<\/strong> (modell EVH321-HCR00) kontrolltilkobling tilgjengelig via Bluetooth-app<\/div>\n<div><\/div>\n<div>7,4 kW 1x32A lading &#8211; for dine daglige ladebehov<\/div>\n<div><\/div>\n<div><strong>Ideell for ethvert milj\u00f8<\/strong><\/div>\n<ul>\n<li>Lave livssykluskostnader<\/li>\n<li>Perfekt til hjemme- eller til og med fl\u00e5telading for bedriftskunder<\/li>\n<\/ul>\n<p><strong>Verdi fra eleganse og holdbarhet<\/strong><\/p>\n<ul>\n<li>Stilig skandinavisk design<\/li>\n<li>Industrikomponenter av h\u00f8y kvalitet<\/li>\n<li>Fullstendig samsvar med europeiske forskrifter<\/li>\n<\/ul>\n<p><strong>Nyt en brukervennlig opplevelse<\/strong><\/p>\n<div><\/div>\n<ul>\n<li>Plugg en kabel og lading for en enkel ladeopplevelse<\/li>\n<li>Kabellengde &#8211; 5 meter<\/li>\n<\/ul>\n<div><strong>Bluetooth-app<\/strong><\/div>\n<div><\/div>\n<ul>\n<li>Start \/ Stopp via app (n\u00e5r valgt autorisasjonsmodus)<\/li>\n<li>Valg av appspr\u00e5k<\/li>\n<li>Still inn ladestr\u00f8m fra 6 til 32A via app<\/li>\n<\/ul>\n","protected":false},"excerpt":{"rendered":"<p>Ensto One Home gj\u00f8r EV-ladingen enkel og trygg. Elegant og holdbar ladeenhet har fast, 5m type 2 ladekabel alltid inkludert. Innebygd reststr\u00f8moverv\u00e5kningsmodul for likestr\u00f8mdeteksjon av likestr\u00f8m (RDC-DD, 6mA) og ogs\u00e5, avhengig av modell, reststr\u00f8mstyrt effektbryter med integrert overstr\u00f8msbeskyttelse (RCBO, 30mA) er inkludert for enkel installasjon.<\/p>\n","protected":false},"featured_media":2230,"comment_status":"open","ping_status":"closed","template":"","meta":[],"product_brand":[],"product_cat":[210],"product_tag":[],"class_list":{"0":"post-2224","1":"product","2":"type-product","3":"status-publish","4":"has-post-thumbnail","6":"product_cat-wallbox-chargers","7":"pa_brand-ensto-no","9":"first","10":"instock","11":"taxable","12":"shipping-taxable","13":"purchasable","14":"product-type-simple"},"_links":{"self":[{"href":"https:\/\/chargingshop.eu\/no\/wp-json\/wp\/v2\/product\/2224","targetHints":{"allow":["GET"]}}],"collection":[{"href":"https:\/\/chargingshop.eu\/no\/wp-json\/wp\/v2\/product"}],"about":[{"href":"https:\/\/chargingshop.eu\/no\/wp-json\/wp\/v2\/types\/product"}],"replies":[{"embeddable":true,"href":"https:\/\/chargingshop.eu\/no\/wp-json\/wp\/v2\/comments?post=2224"}],"wp:featuredmedia":[{"embeddable":true,"href":"https:\/\/chargingshop.eu\/no\/wp-json\/wp\/v2\/media\/2230"}],"wp:attachment":[{"href":"https:\/\/chargingshop.eu\/no\/wp-json\/wp\/v2\/media?parent=2224"}],"wp:term":[{"taxonomy":"product_brand","embeddable":true,"href":"https:\/\/chargingshop.eu\/no\/wp-json\/wp\/v2\/product_brand?post=2224"},{"taxonomy":"product_cat","embeddable":true,"href":"https:\/\/chargingshop.eu\/no\/wp-json\/wp\/v2\/product_cat?post=2224"},{"taxonomy":"product_tag","embeddable":true,"href":"https:\/\/chargingshop.eu\/no\/wp-json\/wp\/v2\/product_tag?post=2224"}],"curies":[{"name":"wp","href":"https:\/\/api.w.org\/{rel}","templated":true}]}}