{"id":2221,"date":"2020-04-23T07:59:13","date_gmt":"2020-04-23T07:59:13","guid":{"rendered":"https:\/\/chargingshop.eu\/product\/elinta-charge-homebox-slim-go-7-2-kw-med-type-2-kabel\/"},"modified":"2020-04-23T07:59:13","modified_gmt":"2020-04-23T07:59:13","slug":"elinta-charge-homebox-slim-go-7-2-kw-med-type-2-kabel","status":"publish","type":"product","link":"https:\/\/chargingshop.eu\/no\/produkt\/elinta-charge-homebox-slim-go-7-2-kw-med-type-2-kabel\/","title":{"rendered":"ELINTA CHARGE HOMEBOX SLIM Go 7.2 kW, med Type 2 kabel"},"content":{"rendered":"<div><strong>ELINTA CHARGE HomeBox Slim Go-funksjoner:<\/strong><\/div>\n<div><\/div>\n<ul>\n<li>Enkel og profesjonell design<\/li>\n<li>7,2 kW<\/li>\n<li>Integrert energim\u00e5ler med bakgrunnsbelysning<\/li>\n<li>Enkel installasjon<\/li>\n<li>5m Type 2-kabel<\/li>\n<\/ul>\n<div>HomeBox Slim Go er designet for \u00e5 v\u00e6re en enkel og kostnadseffektiv l\u00f8sning med 7,2 kW EV-lading. Elinta Charge HomeBox Slim kan brukes i privat garasje, parkeringsplass eller andre private omr\u00e5der. Med integrert beskyttelse mot str\u00f8m og lekkasje kan den installeres som en frittst\u00e5ende enhet.<\/div>\n","protected":false},"excerpt":{"rendered":"<p>ELINTA CHARGE HomeBox Slim Go er designet for \u00e5 brukes hjemme eller p\u00e5 kontoret med topp industriell kvalitet, og sikrer lang levetid og h\u00f8y p\u00e5litelighet. HomeBox Slim Go ladestasjon er tilgjengelig i 3 eller 1-fase og 16A eller 32A versjoner, avhengig av str\u00f8mkilden som f\u00f8lger med.<\/p>\n","protected":false},"featured_media":0,"comment_status":"open","ping_status":"closed","template":"","meta":[],"product_brand":[],"product_cat":[210],"product_tag":[],"class_list":{"0":"post-2221","1":"product","2":"type-product","3":"status-publish","5":"product_cat-wallbox-chargers","6":"pa_brand-elinta-charge-no","8":"first","9":"instock","10":"sale","11":"taxable","12":"shipping-taxable","13":"purchasable","14":"product-type-simple"},"_links":{"self":[{"href":"https:\/\/chargingshop.eu\/no\/wp-json\/wp\/v2\/product\/2221","targetHints":{"allow":["GET"]}}],"collection":[{"href":"https:\/\/chargingshop.eu\/no\/wp-json\/wp\/v2\/product"}],"about":[{"href":"https:\/\/chargingshop.eu\/no\/wp-json\/wp\/v2\/types\/product"}],"replies":[{"embeddable":true,"href":"https:\/\/chargingshop.eu\/no\/wp-json\/wp\/v2\/comments?post=2221"}],"wp:attachment":[{"href":"https:\/\/chargingshop.eu\/no\/wp-json\/wp\/v2\/media?parent=2221"}],"wp:term":[{"taxonomy":"product_brand","embeddable":true,"href":"https:\/\/chargingshop.eu\/no\/wp-json\/wp\/v2\/product_brand?post=2221"},{"taxonomy":"product_cat","embeddable":true,"href":"https:\/\/chargingshop.eu\/no\/wp-json\/wp\/v2\/product_cat?post=2221"},{"taxonomy":"product_tag","embeddable":true,"href":"https:\/\/chargingshop.eu\/no\/wp-json\/wp\/v2\/product_tag?post=2221"}],"curies":[{"name":"wp","href":"https:\/\/api.w.org\/{rel}","templated":true}]}}