{"id":2194,"date":"2020-04-23T07:37:39","date_gmt":"2020-04-23T07:37:40","guid":{"rendered":"https:\/\/chargingshop.eu\/?post_type=product&#038;p=2194"},"modified":"2020-04-28T12:30:33","modified_gmt":"2020-04-28T12:30:33","slug":"elinta-citycharge-v2-plus-2x22-kw-3g-lan-wifi-rfid-copy","status":"publish","type":"product","link":"https:\/\/chargingshop.eu\/no\/produkt\/elinta-citycharge-v2-plus-2x22-kw-3g-lan-wifi-rfid-copy\/","title":{"rendered":"ELINTA CHARGE CITYCHARGE V2 Plus &#8211; 2\u00d722 kW Type 2 cables, 3G \/ LAN \/ Wifi \/ RFID"},"content":{"rendered":"<div><strong>Elinta CityCharge V2 Plus Funksjoner:<\/strong><\/div>\n<div><\/div>\n<ul>\n<li>2 x modus 3, type 2 kabel<\/li>\n<li>Begge sider tilgjengelige<\/li>\n<li>Opptil 2&#215;22 kW<\/li>\n<li>Lader opptil 2 biler<\/li>\n<li>Integrert energim\u00e5ler<\/li>\n<li>Robust foringsr\u00f8r av aluminium<\/li>\n<li>RFID-autorisasjon<\/li>\n<li>OCPP kommunikasjonssystem<\/li>\n<li>Lys LED-skjerm<\/li>\n<\/ul>\n<p>Elinta CHARGE CityCharge V2 Plus er godt egnet for ethvert kommersielt eller offentlig sted. Den eksklusive designen passer perfekt til forretningssentre, kj\u00f8pesentre, restauranter, hoteller og andre offentlige parkeringsomr\u00e5der.<br \/>\nCityCharge V2 Plus er klassifisert som hurtig modus 3 ladestasjon med evne til \u00e5 lade 2 biler og gi opptil 44 kW str\u00f8m.<\/p>\n<p>CityCharge V2 Plus er produsert med bare materialer av h\u00f8yeste kvalitet. Det faste huset er laget av ekstrudert CNC-maskinert og pulverlakkert aluminiumsdeler som ble designet for \u00e5 vare. Elektronikk av topp kvalitet med integrert klimakontroll sikrer h\u00f8yeste p\u00e5litelighet selv i de verste v\u00e6rforholdene.<br \/>\nLys animert LED-skjerm og sidestenger er synlige selv i direkte sollys, mens de gir futuristisk inntrykk og evne til \u00e5 bli sett p\u00e5 lang avstand om natten.<br \/>\nTilgjengelig som frittst\u00e5ende modell med en brukervennlig RFID-identifikasjon for lite, lokalt ladenett, eller det kan integreres i eksisterende ladenettverk med integrert GSM og 3G-modul.<\/p>\n","protected":false},"excerpt":{"rendered":"<div>ELINTA CHARGE CityCharge V2 plus er en EV-lader av poltype klassifisert som hurtigmodus 3 ladestasjon med mulighet for \u00e5 gi opptil 2&#215;22 kW str\u00f8m ved bruk av to type 2 kabel.<\/div>\n<div><\/div>\n<p>&nbsp;<\/p>\n","protected":false},"featured_media":2200,"comment_status":"open","ping_status":"closed","template":"","meta":[],"product_brand":[],"product_cat":[229],"product_tag":[],"class_list":{"0":"post-2194","1":"product","2":"type-product","3":"status-publish","4":"has-post-thumbnail","6":"product_cat-post-chargers-no","7":"pa_brand-elinta-charge-no","9":"first","10":"instock","11":"taxable","12":"shipping-taxable","13":"purchasable","14":"product-type-simple"},"_links":{"self":[{"href":"https:\/\/chargingshop.eu\/no\/wp-json\/wp\/v2\/product\/2194","targetHints":{"allow":["GET"]}}],"collection":[{"href":"https:\/\/chargingshop.eu\/no\/wp-json\/wp\/v2\/product"}],"about":[{"href":"https:\/\/chargingshop.eu\/no\/wp-json\/wp\/v2\/types\/product"}],"replies":[{"embeddable":true,"href":"https:\/\/chargingshop.eu\/no\/wp-json\/wp\/v2\/comments?post=2194"}],"wp:featuredmedia":[{"embeddable":true,"href":"https:\/\/chargingshop.eu\/no\/wp-json\/wp\/v2\/media\/2200"}],"wp:attachment":[{"href":"https:\/\/chargingshop.eu\/no\/wp-json\/wp\/v2\/media?parent=2194"}],"wp:term":[{"taxonomy":"product_brand","embeddable":true,"href":"https:\/\/chargingshop.eu\/no\/wp-json\/wp\/v2\/product_brand?post=2194"},{"taxonomy":"product_cat","embeddable":true,"href":"https:\/\/chargingshop.eu\/no\/wp-json\/wp\/v2\/product_cat?post=2194"},{"taxonomy":"product_tag","embeddable":true,"href":"https:\/\/chargingshop.eu\/no\/wp-json\/wp\/v2\/product_tag?post=2194"}],"curies":[{"name":"wp","href":"https:\/\/api.w.org\/{rel}","templated":true}]}}