{"id":2180,"date":"2020-04-22T13:33:40","date_gmt":"2020-04-22T13:33:40","guid":{"rendered":"https:\/\/chargingshop.eu\/?post_type=product&#038;p=2180"},"modified":"2020-04-28T12:48:35","modified_gmt":"2020-04-28T12:48:35","slug":"etrel-inch-lite-22-kw-kabel-grey-copy","status":"publish","type":"product","link":"https:\/\/chargingshop.eu\/no\/produkt\/etrel-inch-lite-22-kw-kabel-grey-copy\/","title":{"rendered":"Etrel INCH Lite kabel 22 kW (Grey)"},"content":{"rendered":"<div><strong>Etrel INCH Lite 22kW (modell &#8211; G-LA1Y3CY00) viktige funksjoner:<\/strong><\/div>\n<div><\/div>\n<ul>\n<li>Leverer opptil 22 kW vekselstr\u00f8m<\/li>\n<\/ul>\n<div><\/div>\n<ul>\n<li><strong>Prisvennlig.<\/strong> Sannsynligvis best pris og verdi lader for dine ladebehov hjemme.<\/li>\n<\/ul>\n<div><\/div>\n<ul>\n<li><strong>Varig<\/strong>. Denne laderen er v\u00e6rbestandig og designet for \u00e5 vare. Med et aluminiumshus i st\u00f8pt aluminium er laderen klar for selv de t\u00f8ffeste milj\u00f8ene og inkluderer en knustfast akrylglassplate.<\/li>\n<li>5m kabel<\/li>\n<\/ul>\n<div><\/div>\n<div>Med Etrel INCH Lite har du muligheten til \u00e5 lade bilen din med en hastighet p\u00e5 22 kW<\/div>\n<div><\/div>\n<div>Tekniske spesifikasjoner:<\/div>\n<div><\/div>\n<div><a href=\"https:\/\/chargingshop.eu\/wp-content\/uploads\/2020\/04\/Technical_Specifications_INCH_general_v1.6.pdf\" rel=\"attachment wp-att-2002\">Technical_Specifications_INCH_general_v1.6<\/a><\/div>\n","protected":false},"excerpt":{"rendered":"<p>Etrel INCH Lite 22 kW er en av de beste pris og verdi lader for ditt ladebehov hjemme.<\/p>\n","protected":false},"featured_media":2185,"comment_status":"open","ping_status":"closed","template":"","meta":[],"product_brand":[],"product_cat":[210],"product_tag":[],"class_list":{"0":"post-2180","1":"product","2":"type-product","3":"status-publish","4":"has-post-thumbnail","6":"product_cat-wallbox-chargers","8":"first","9":"instock","10":"sale","11":"taxable","12":"shipping-taxable","13":"purchasable","14":"product-type-simple"},"_links":{"self":[{"href":"https:\/\/chargingshop.eu\/no\/wp-json\/wp\/v2\/product\/2180","targetHints":{"allow":["GET"]}}],"collection":[{"href":"https:\/\/chargingshop.eu\/no\/wp-json\/wp\/v2\/product"}],"about":[{"href":"https:\/\/chargingshop.eu\/no\/wp-json\/wp\/v2\/types\/product"}],"replies":[{"embeddable":true,"href":"https:\/\/chargingshop.eu\/no\/wp-json\/wp\/v2\/comments?post=2180"}],"wp:featuredmedia":[{"embeddable":true,"href":"https:\/\/chargingshop.eu\/no\/wp-json\/wp\/v2\/media\/2185"}],"wp:attachment":[{"href":"https:\/\/chargingshop.eu\/no\/wp-json\/wp\/v2\/media?parent=2180"}],"wp:term":[{"taxonomy":"product_brand","embeddable":true,"href":"https:\/\/chargingshop.eu\/no\/wp-json\/wp\/v2\/product_brand?post=2180"},{"taxonomy":"product_cat","embeddable":true,"href":"https:\/\/chargingshop.eu\/no\/wp-json\/wp\/v2\/product_cat?post=2180"},{"taxonomy":"product_tag","embeddable":true,"href":"https:\/\/chargingshop.eu\/no\/wp-json\/wp\/v2\/product_tag?post=2180"}],"curies":[{"name":"wp","href":"https:\/\/api.w.org\/{rel}","templated":true}]}}