{"id":2094,"date":"2020-04-16T15:36:55","date_gmt":"2020-04-16T15:36:54","guid":{"rendered":"https:\/\/chargingshop.eu\/?post_type=product&#038;p=2094"},"modified":"2020-08-07T08:54:32","modified_gmt":"2020-08-07T08:54:32","slug":"abb-terra-ac-22-kw-type-2-socket-med-rfid","status":"publish","type":"product","link":"https:\/\/chargingshop.eu\/no\/produkt\/abb-terra-ac-22-kw-type-2-socket-med-rfid\/","title":{"rendered":"ABB Terra AC 22 kW, Type 2 socket med RFID, wifi"},"content":{"rendered":"<div class=\"video video-fit mb\" style=\"padding-top:56.25%;\"><p><iframe title=\"Terra AC wallbox -  High value quality\" width=\"1020\" height=\"574\" src=\"https:\/\/www.youtube.com\/embed\/ZapL_pinxY0?feature=oembed\" frameborder=\"0\" allow=\"accelerometer; autoplay; encrypted-media; gyroscope; picture-in-picture\" allowfullscreen><\/iframe><\/p>\n<\/div>\n<p><em><strong>ABB Terra AC 22 kW socket med RFID<\/strong><\/em><\/p>\n<p><strong>H\u00f8y kvalitet<\/strong><\/p>\n<ul>\n<li>En av markedets mest prisgunstige lader<\/li>\n<\/ul>\n<div><\/div>\n<ul>\n<li>Bredt utvalg av tilkoblingsalternativer<\/li>\n<\/ul>\n<div><\/div>\n<ul>\n<li>Plassbesparende og enkel \u00e5 installere design<\/li>\n<\/ul>\n<div><\/div>\n<div><strong>Framtidssikker fleksibilitet<\/strong><\/div>\n<div><\/div>\n<ul>\n<li>Smart funksjonalitet for optimal optimal lading<\/li>\n<\/ul>\n<div><\/div>\n<ul>\n<li>Integrering av energim\u00e5ler for dynamisk belastningsstyring<\/li>\n<\/ul>\n<div><\/div>\n<ul>\n<li>Dedikert app for kontroll og konfigurasjon<\/li>\n<li>Ekstern programvareoppdatering aktivert<\/li>\n<\/ul>\n<div><\/div>\n<div><strong>Sikkerhet og beskyttelse<\/strong><\/div>\n<div><\/div>\n<ul>\n<li>Evaluert og testet av uavhengig tredjepart for \u00e5 oppfylle de h\u00f8yeste standarder<\/li>\n<li>Str\u00f8mbegrensende beskyttelse forhindrer mot uttreden av plager og overstr\u00f8m til installasjonen<\/li>\n<li>Integrerte beskyttelser inkludert DC jordfeil og overspenning<\/li>\n<\/ul>\n<div><\/div>\n<div><strong>Laststyring<\/strong><\/div>\n<div><\/div>\n<ul>\n<li>Innebygd energim\u00e5ler<\/li>\n<li>Oppsett for integrering av ekstern energimeter for dynamisk belastningsstyring<\/li>\n<li>Klar for integrasjon med avansert smart bygningsenergisystem<\/li>\n<\/ul>\n<div><strong>ChargeSync brukerapp for Terra AC-kontroll, status og konfigurasjon<\/strong><\/div>\n<div><\/div>\n<div>Stasjonsoppsett:<\/div>\n<div><\/div>\n<div><div class=\"video video-fit mb\" style=\"padding-top:56.25%;\"><p><iframe title=\"ABB Terra AC station setup\" width=\"1020\" height=\"574\" src=\"https:\/\/www.youtube.com\/embed\/9tBaVWj7mHI?feature=oembed\" frameborder=\"0\" allow=\"accelerometer; autoplay; encrypted-media; gyroscope; picture-in-picture\" allowfullscreen><\/iframe><\/p>\n<\/div><\/div>\n<div><\/div>\n<div>Ladestatus:<\/div>\n<div><\/div>\n<div><div class=\"video video-fit mb\" style=\"padding-top:56.25%;\"><p><iframe title=\"ABB Terra AC APP charging process\" width=\"1020\" height=\"574\" src=\"https:\/\/www.youtube.com\/embed\/ZDbrLx06yh0?feature=oembed\" frameborder=\"0\" allow=\"accelerometer; autoplay; encrypted-media; gyroscope; picture-in-picture\" allowfullscreen><\/iframe><\/p>\n<\/div><\/div>\n<div><\/div>\n<p><strong>ABB Terra AC 22 kW (modell 6AGC082152) funksjonalitet:<\/strong><\/p>\n<p>-Type &#8211; Wallbox med socket &amp; RFID<br \/>\n-Power 22kW<br \/>\n-Three-phase<br \/>\n-Max current 32A<br \/>\n-Type 2<br \/>\n-Ethernet (RJ45)<br \/>\n-Wifi<br \/>\n-OCPP 1.6<br \/>\n-Bluetooth<br \/>\n-Modbus RTU (RS485)<\/p>\n<p>&#8211; RFID autentisering<\/p>\n<p><em>Terra AC produkt Brosjyre:<\/em><\/p>\n<p><a href=\"https:\/\/chargingshop.eu\/no\/?attachment_id=2067\" target=\"_blank\" rel=\"attachment noopener wp-att-2067 noreferrer\">ABB_Terra_AC_wallbox_Brochure_A4<\/a><\/p>\n<p>&nbsp;<\/p>\n<p>&nbsp;<\/p>\n","protected":false},"excerpt":{"rendered":"<p>Eksepsjonell kvalitet forventes av verdensledende n\u00e5r det gjelder \u00e5 lade inn en kostnadseffektiv l\u00f8sning. ABB er klarert av verdens st\u00f8rste merkevarer for \u00e5 tilby smartere mobilitetsl\u00f8sninger fra motorvei til hjemmet. Terra AC-veggboksen kombinerer ABBs ledelse innen e-mobilitet og 130 \u00e5r gammel innovasjonsarv i en overlegen veggladel\u00f8sning.<\/p>\n","protected":false},"featured_media":2074,"comment_status":"open","ping_status":"closed","template":"","meta":[],"product_brand":[],"product_cat":[210],"product_tag":[],"class_list":{"0":"post-2094","1":"product","2":"type-product","3":"status-publish","4":"has-post-thumbnail","6":"product_cat-wallbox-chargers","7":"pa_brand-abb-no","9":"first","10":"instock","11":"sale","12":"taxable","13":"shipping-taxable","14":"purchasable","15":"product-type-simple"},"_links":{"self":[{"href":"https:\/\/chargingshop.eu\/no\/wp-json\/wp\/v2\/product\/2094","targetHints":{"allow":["GET"]}}],"collection":[{"href":"https:\/\/chargingshop.eu\/no\/wp-json\/wp\/v2\/product"}],"about":[{"href":"https:\/\/chargingshop.eu\/no\/wp-json\/wp\/v2\/types\/product"}],"replies":[{"embeddable":true,"href":"https:\/\/chargingshop.eu\/no\/wp-json\/wp\/v2\/comments?post=2094"}],"wp:featuredmedia":[{"embeddable":true,"href":"https:\/\/chargingshop.eu\/no\/wp-json\/wp\/v2\/media\/2074"}],"wp:attachment":[{"href":"https:\/\/chargingshop.eu\/no\/wp-json\/wp\/v2\/media?parent=2094"}],"wp:term":[{"taxonomy":"product_brand","embeddable":true,"href":"https:\/\/chargingshop.eu\/no\/wp-json\/wp\/v2\/product_brand?post=2094"},{"taxonomy":"product_cat","embeddable":true,"href":"https:\/\/chargingshop.eu\/no\/wp-json\/wp\/v2\/product_cat?post=2094"},{"taxonomy":"product_tag","embeddable":true,"href":"https:\/\/chargingshop.eu\/no\/wp-json\/wp\/v2\/product_tag?post=2094"}],"curies":[{"name":"wp","href":"https:\/\/api.w.org\/{rel}","templated":true}]}}