{"id":1764,"date":"2019-12-20T12:35:38","date_gmt":"2019-12-20T12:35:38","guid":{"rendered":"https:\/\/chargingshop.eu\/product\/elinta-citycharge-mini2\/"},"modified":"2020-05-05T14:39:37","modified_gmt":"2020-05-05T14:39:37","slug":"elinta-citycharge-mini2","status":"publish","type":"product","link":"https:\/\/chargingshop.eu\/no\/produkt\/elinta-citycharge-mini2\/","title":{"rendered":"ELINTA CHARGE CITYCHARGE MINI2 &#8211; 2\u00d722 kW, 3G, LAN, Wifi, RFID"},"content":{"rendered":"<div><strong>Elinta CHARGE CityCharge Mini2 Funksjoner:<\/strong><\/div>\n<div><\/div>\n<ul>\n<li>Robust foringsr\u00f8r av aluminium<\/li>\n<li>RFID-autorisasjon<\/li>\n<li>OCPP kommunikasjonssystem &#8211; kompatibel med CHRG Network management system<\/li>\n<li>Lys LED-skjerm<\/li>\n<li>Profesjonell design<\/li>\n<li>Opptil 2&#215;22 kW<\/li>\n<li>Integrert energim\u00e5ler med bakgrunnsbelysning<\/li>\n<li>Enkel installasjon<\/li>\n<\/ul>\n<p>ELINTA CHARGE CityCharge Mini2 er designet for \u00e5 v\u00e6re enkel og kostnadseffektiv l\u00f8sning for rask opp til 2&#215;22 kW EV-lading. Den kan brukes i garasjer, parkeringsplasser og andre private omr\u00e5der. Med integrert beskyttelse mot str\u00f8m og lekkasje kan den installeres som en frittst\u00e5ende enhet.<\/p>\n","protected":false},"excerpt":{"rendered":"<p>ELINTA CHARGE CityCharge Mini2 er designet for \u00e5 brukes hjemme, p\u00e5 kontor eller i offentlige omr\u00e5der med topp industriell kvalitet, og sikrer lang levetid og h\u00f8y p\u00e5litelighet. CityCharge Mini2 ladestasjon er klassifisert som hurtigmodus 3 ladestasjon med mulighet for \u00e5 gi opptil 44 kW str\u00f8m ved hjelp av to Type 2 ladeuttak.<\/p>\n<a href=\"https:\/\/chargingshop.eu\/elements\/pages\/contact\/\" class=\"button primary is-primary is-medium\"  >\n    <span>Get a quote<\/span>\n  <\/a>\n\n","protected":false},"featured_media":1662,"comment_status":"open","ping_status":"closed","template":"","meta":[],"product_brand":[],"product_cat":[229,210,98],"product_tag":[],"class_list":{"0":"post-1764","1":"product","2":"type-product","3":"status-publish","4":"has-post-thumbnail","6":"product_cat-post-chargers-no","7":"product_cat-wallbox-chargers","8":"product_cat-post-chargers","9":"pa_brand-elinta-charge-no","11":"first","12":"instock","13":"taxable","14":"shipping-taxable","15":"purchasable","16":"product-type-simple"},"_links":{"self":[{"href":"https:\/\/chargingshop.eu\/no\/wp-json\/wp\/v2\/product\/1764","targetHints":{"allow":["GET"]}}],"collection":[{"href":"https:\/\/chargingshop.eu\/no\/wp-json\/wp\/v2\/product"}],"about":[{"href":"https:\/\/chargingshop.eu\/no\/wp-json\/wp\/v2\/types\/product"}],"replies":[{"embeddable":true,"href":"https:\/\/chargingshop.eu\/no\/wp-json\/wp\/v2\/comments?post=1764"}],"wp:featuredmedia":[{"embeddable":true,"href":"https:\/\/chargingshop.eu\/no\/wp-json\/wp\/v2\/media\/1662"}],"wp:attachment":[{"href":"https:\/\/chargingshop.eu\/no\/wp-json\/wp\/v2\/media?parent=1764"}],"wp:term":[{"taxonomy":"product_brand","embeddable":true,"href":"https:\/\/chargingshop.eu\/no\/wp-json\/wp\/v2\/product_brand?post=1764"},{"taxonomy":"product_cat","embeddable":true,"href":"https:\/\/chargingshop.eu\/no\/wp-json\/wp\/v2\/product_cat?post=1764"},{"taxonomy":"product_tag","embeddable":true,"href":"https:\/\/chargingshop.eu\/no\/wp-json\/wp\/v2\/product_tag?post=1764"}],"curies":[{"name":"wp","href":"https:\/\/api.w.org\/{rel}","templated":true}]}}