{"id":1756,"date":"2019-12-20T13:19:22","date_gmt":"2019-12-20T13:19:22","guid":{"rendered":"https:\/\/chargingshop.eu\/product\/elinta-citycharge-v2-2x22-kw-no\/"},"modified":"2020-10-27T09:09:44","modified_gmt":"2020-10-27T09:09:44","slug":"elinta-citycharge-v2-2x22-kw-no","status":"publish","type":"product","link":"https:\/\/chargingshop.eu\/no\/produkt\/elinta-citycharge-v2-2x22-kw-no\/","title":{"rendered":"ELINTA CITYCHARGE V2 &#8211; 2\u00d722 kW, 3G \/ LAN \/ Wifi \/ RFID"},"content":{"rendered":"<div><strong>Elinta CityCharge V2 Funksjoner:<\/strong><\/div>\n<div>\u00a0<\/div>\n<ul>\n<li>2 x modus 3, type 2<\/li>\n<li>Begge sider tilgjengelige<\/li>\n<li>Opptil 2&#215;22 kW<\/li>\n<li>Lader opptil 2 biler<\/li>\n<li>Integrert energim\u00e5ler<\/li>\n<li>Robust foringsr\u00f8r av aluminium<\/li>\n<li>RFID-autorisasjon<\/li>\n<li>OCPP kommunikasjonssystem<\/li>\n<li>Lys LED-skjerm<\/li>\n<\/ul>\n<div class=\"video video-fit mb\" style=\"padding-top:56.25%;\"><p><iframe title=\"Elinta Charge beautiful &amp; smart charging stations for electric vehicles \ud83d\ude98\u26a1\ufe0f\ud83d\udd0c\u26fd\ufe0f\" width=\"1020\" height=\"574\" src=\"https:\/\/www.youtube.com\/embed\/dXiFvkjvtX8?feature=oembed\" frameborder=\"0\" allow=\"accelerometer; autoplay; clipboard-write; encrypted-media; gyroscope; picture-in-picture\" allowfullscreen><\/iframe><\/p>\n<\/div>\n<p>Elinta CHARGE CityCharge V2 er godt egnet for ethvert kommersielt eller offentlig sted. Den eksklusive designen passer perfekt til forretningssentre, kj\u00f8pesentre, restauranter, hoteller og andre offentlige parkeringsomr\u00e5der. CityCharge V2 er klassifisert som hurtig modus 3 ladestasjon med evne til \u00e5 lade opptil 4 biler og gi opptil 44 kW str\u00f8m. ELINTA CHARGE CityCharge V2 er produsert med bare materialer av h\u00f8yeste kvalitet. Det faste huset er laget av ekstrudert CNC-maskinert og pulverlakkert aluminiumsdeler som ble designet for \u00e5 vare. Elektronikk av topp kvalitet med integrert klimakontroll sikrer h\u00f8yeste p\u00e5litelighet selv i de verste v\u00e6rforholdene. Lys animert LED-skjerm og sidestenger er synlige selv i direkte sollys, mens de gir futuristisk inntrykk og evne til \u00e5 bli sett p\u00e5 lang avstand om natten. Tilgjengelig som frittst\u00e5ende modell med en brukervennlig RFID-identifikasjon for lite, lokalt ladenett, eller det kan integreres i eksisterende ladenettverk med integrert GSM og 3G-modul.<\/p>\n","protected":false},"excerpt":{"rendered":"<div>ELINTA CHARGE CityCharge V2 er en EV-lader av poltype klassifisert som hurtigmodus 3 ladestasjon med mulighet for \u00e5 gi opptil 2&#215;22 kW str\u00f8m ved bruk av to type 2 ladeuttak.<\/div>\n<div><\/div>\n<p>&nbsp;<\/p>\n","protected":false},"featured_media":1757,"comment_status":"open","ping_status":"closed","template":"","meta":[],"product_brand":[],"product_cat":[229],"product_tag":[],"class_list":{"0":"post-1756","1":"product","2":"type-product","3":"status-publish","4":"has-post-thumbnail","6":"product_cat-post-chargers-no","7":"pa_brand-elinta-charge-no","9":"first","10":"instock","11":"taxable","12":"shipping-taxable","13":"purchasable","14":"product-type-simple"},"_links":{"self":[{"href":"https:\/\/chargingshop.eu\/no\/wp-json\/wp\/v2\/product\/1756","targetHints":{"allow":["GET"]}}],"collection":[{"href":"https:\/\/chargingshop.eu\/no\/wp-json\/wp\/v2\/product"}],"about":[{"href":"https:\/\/chargingshop.eu\/no\/wp-json\/wp\/v2\/types\/product"}],"replies":[{"embeddable":true,"href":"https:\/\/chargingshop.eu\/no\/wp-json\/wp\/v2\/comments?post=1756"}],"wp:featuredmedia":[{"embeddable":true,"href":"https:\/\/chargingshop.eu\/no\/wp-json\/wp\/v2\/media\/1757"}],"wp:attachment":[{"href":"https:\/\/chargingshop.eu\/no\/wp-json\/wp\/v2\/media?parent=1756"}],"wp:term":[{"taxonomy":"product_brand","embeddable":true,"href":"https:\/\/chargingshop.eu\/no\/wp-json\/wp\/v2\/product_brand?post=1756"},{"taxonomy":"product_cat","embeddable":true,"href":"https:\/\/chargingshop.eu\/no\/wp-json\/wp\/v2\/product_cat?post=1756"},{"taxonomy":"product_tag","embeddable":true,"href":"https:\/\/chargingshop.eu\/no\/wp-json\/wp\/v2\/product_tag?post=1756"}],"curies":[{"name":"wp","href":"https:\/\/api.w.org\/{rel}","templated":true}]}}