{"id":1751,"date":"2019-12-27T14:50:26","date_gmt":"2019-12-27T14:50:26","guid":{"rendered":"https:\/\/chargingshop.eu\/product\/elinta-homebox-slim-3g-no\/"},"modified":"2020-04-22T08:27:32","modified_gmt":"2020-04-22T08:27:32","slug":"elinta-homebox-slim-3g-no","status":"publish","type":"product","link":"https:\/\/chargingshop.eu\/no\/produkt\/elinta-homebox-slim-3g-no\/","title":{"rendered":"ELINTA HOMEBOX SLIM 3G RFID, 7.2 kW"},"content":{"rendered":"<div><strong>Elinta HomeBox Slim 3G-funksjoner:<\/strong><\/div>\n<div><\/div>\n<ul>\n<li>Enkel og profesjonell design<\/li>\n<li>7,2 kW<\/li>\n<li>3G-kommunikasjonsmodul (kompatibel med CHRG Network Station Management System)<\/li>\n<li>Integrert energim\u00e5ler med bakgrunnsbelysning<\/li>\n<li>Enkel installasjon<\/li>\n<\/ul>\n<p>HomeBox Slim er designet for \u00e5 v\u00e6re enkel og kostnadseffektiv l\u00f8sning med 7.2 kW EV-lading. HomeBox Slim kan brukes i privat garasje, parkeringsplass eller andre private omr\u00e5der. Med integrert beskyttelse mot str\u00f8m og lekkasje kan den installeres som en frittst\u00e5ende enhet.<\/p>\n","protected":false},"excerpt":{"rendered":"<p>HomeBox Slim er designet for \u00e5 brukes hjemme eller p\u00e5 kontor med topp bransjekvalitet, noe som sikrer lang levetid og h\u00f8y p\u00e5litelighet. HomeBox Slim ladestasjon er tilgjengelig i 3 eller 1-fase og 16A eller 32A versjoner, avhengig av str\u00f8mkilden som f\u00f8lger med.<\/p>\n","protected":false},"featured_media":1752,"comment_status":"open","ping_status":"closed","template":"","meta":[],"product_brand":[],"product_cat":[210],"product_tag":[],"class_list":{"0":"post-1751","1":"product","2":"type-product","3":"status-publish","4":"has-post-thumbnail","6":"product_cat-wallbox-chargers","7":"pa_brand-elinta-charge-no","9":"first","10":"instock","11":"taxable","12":"shipping-taxable","13":"purchasable","14":"product-type-simple"},"_links":{"self":[{"href":"https:\/\/chargingshop.eu\/no\/wp-json\/wp\/v2\/product\/1751","targetHints":{"allow":["GET"]}}],"collection":[{"href":"https:\/\/chargingshop.eu\/no\/wp-json\/wp\/v2\/product"}],"about":[{"href":"https:\/\/chargingshop.eu\/no\/wp-json\/wp\/v2\/types\/product"}],"replies":[{"embeddable":true,"href":"https:\/\/chargingshop.eu\/no\/wp-json\/wp\/v2\/comments?post=1751"}],"wp:featuredmedia":[{"embeddable":true,"href":"https:\/\/chargingshop.eu\/no\/wp-json\/wp\/v2\/media\/1752"}],"wp:attachment":[{"href":"https:\/\/chargingshop.eu\/no\/wp-json\/wp\/v2\/media?parent=1751"}],"wp:term":[{"taxonomy":"product_brand","embeddable":true,"href":"https:\/\/chargingshop.eu\/no\/wp-json\/wp\/v2\/product_brand?post=1751"},{"taxonomy":"product_cat","embeddable":true,"href":"https:\/\/chargingshop.eu\/no\/wp-json\/wp\/v2\/product_cat?post=1751"},{"taxonomy":"product_tag","embeddable":true,"href":"https:\/\/chargingshop.eu\/no\/wp-json\/wp\/v2\/product_tag?post=1751"}],"curies":[{"name":"wp","href":"https:\/\/api.w.org\/{rel}","templated":true}]}}