{"id":1732,"date":"2019-12-27T15:31:10","date_gmt":"2019-12-27T15:31:10","guid":{"rendered":"https:\/\/chargingshop.eu\/product\/ensto-chago-pro-2x22-kw-no\/"},"modified":"2020-05-05T13:48:38","modified_gmt":"2020-05-05T13:48:38","slug":"ensto-chago-pro-2x22-kw-no","status":"publish","type":"product","link":"https:\/\/chargingshop.eu\/no\/produkt\/ensto-chago-pro-2x22-kw-no\/","title":{"rendered":"ENSTO CHAGO PRO &#8211; 2\u00d722 kW 4G, LAN, RCD + MCB, Type2"},"content":{"rendered":"<div class=\"video video-fit mb\" style=\"padding-top:56.25%;\"><p><iframe title=\"ENSTO Chago Pro 2018\" width=\"1020\" height=\"574\" src=\"https:\/\/www.youtube.com\/embed\/r2rTxHxAReE?feature=oembed\" frameborder=\"0\" allow=\"accelerometer; autoplay; encrypted-media; gyroscope; picture-in-picture\" allowfullscreen><\/iframe><\/p>\n<\/div>\n<div><strong>ENSTO Chago Pro model EVF200W-B4 2x22kW, 4G, IP54, IK10, LAN, RCD + MCB, Type2, RCMB 6 mA<\/strong><\/div>\n<div><\/div>\n<div>Denne modellen automatisk oppl\u00e5sing av kabel under str\u00f8mbrudd, ogs\u00e5 automatisk gjenoppretting av str\u00f8m etter initiert RCD<\/div>\n<div><\/div>\n<div><\/div>\n<div><strong>Smarte l\u00f8sninger setter virksomheten f\u00f8rst<\/strong><\/div>\n<div><\/div>\n<ul>\n<li>Spar penger med fremtidssikre Smart EV-tjenester<\/li>\n<li>Sikker skybasert fjernstyring av ladestasjonene dine<\/li>\n<li>Enkelt \u00e5 kombinere med dine eksisterende apper, lojalitetsprogrammer eller kundeportaler<\/li>\n<\/ul>\n<div><strong>Ideell for ethvert milj\u00f8<\/strong><\/div>\n<div><\/div>\n<ul>\n<li>Kraftig enkelt- eller dobbeltlading<\/li>\n<li>Lave livssykluskostnader<\/li>\n<li>Perfekt for detaljister, fl\u00e5ter, parkeringsplasser og mer<\/li>\n<\/ul>\n<div><strong>Verdi fra eleganse og holdbarhet<\/strong><\/div>\n<div><\/div>\n<ul>\n<li>Stilig skandinavisk design som st\u00f8tter merkevaren din<\/li>\n<li>Industrikomponenter av h\u00f8y kvalitet med en robust st\u00e5lkonstruksjon<\/li>\n<li>Fullstendig samsvar med europeiske forskrifter<\/li>\n<\/ul>\n<div><strong>Nyt en brukervennlig opplevelse<\/strong><\/div>\n<div><\/div>\n<ul>\n<li>Plug &amp; Charge for en enkel ladeopplevelse<\/li>\n<li>Uanstrengt og sikker brukeridentifikasjon med RFID, Mobile App, NFC<\/li>\n<li>Klar for kj\u00f8ret\u00f8y-til-rutenett<\/li>\n<\/ul>\n","protected":false},"excerpt":{"rendered":"<p>ENSTO Chago Pro er en brukervennlig AC-ladestasjon med lang levetid for offentlig og semi-offentlig EV-lading. Strukturen er ideell for krevende milj\u00f8forhold og omr\u00e5der der eieren av ladepunktet \u00f8nsker \u00e5 ha full kontroll over deres EV-ladetjeneste og tilby den beste ladeopplevelsen.<\/p>\n","protected":false},"featured_media":1733,"comment_status":"open","ping_status":"closed","template":"","meta":[],"product_brand":[],"product_cat":[229],"product_tag":[],"class_list":{"0":"post-1732","1":"product","2":"type-product","3":"status-publish","4":"has-post-thumbnail","6":"product_cat-post-chargers-no","7":"pa_brand-ensto-no","9":"first","10":"instock","11":"sale","12":"taxable","13":"shipping-taxable","14":"purchasable","15":"product-type-simple"},"_links":{"self":[{"href":"https:\/\/chargingshop.eu\/no\/wp-json\/wp\/v2\/product\/1732","targetHints":{"allow":["GET"]}}],"collection":[{"href":"https:\/\/chargingshop.eu\/no\/wp-json\/wp\/v2\/product"}],"about":[{"href":"https:\/\/chargingshop.eu\/no\/wp-json\/wp\/v2\/types\/product"}],"replies":[{"embeddable":true,"href":"https:\/\/chargingshop.eu\/no\/wp-json\/wp\/v2\/comments?post=1732"}],"wp:featuredmedia":[{"embeddable":true,"href":"https:\/\/chargingshop.eu\/no\/wp-json\/wp\/v2\/media\/1733"}],"wp:attachment":[{"href":"https:\/\/chargingshop.eu\/no\/wp-json\/wp\/v2\/media?parent=1732"}],"wp:term":[{"taxonomy":"product_brand","embeddable":true,"href":"https:\/\/chargingshop.eu\/no\/wp-json\/wp\/v2\/product_brand?post=1732"},{"taxonomy":"product_cat","embeddable":true,"href":"https:\/\/chargingshop.eu\/no\/wp-json\/wp\/v2\/product_cat?post=1732"},{"taxonomy":"product_tag","embeddable":true,"href":"https:\/\/chargingshop.eu\/no\/wp-json\/wp\/v2\/product_tag?post=1732"}],"curies":[{"name":"wp","href":"https:\/\/api.w.org\/{rel}","templated":true}]}}