{"id":1731,"date":"2019-12-28T09:56:40","date_gmt":"2019-12-28T09:56:40","guid":{"rendered":"https:\/\/chargingshop.eu\/product\/keba-kecontact-p30-dk\/"},"modified":"2020-03-22T15:01:01","modified_gmt":"2020-03-22T15:01:01","slug":"keba-kecontact-p30-dk","status":"publish","type":"product","link":"https:\/\/chargingshop.eu\/no\/produkt\/keba-kecontact-p30-dk\/","title":{"rendered":"KEBA KeContact P30 c-series 3G"},"content":{"rendered":"<div class=\"video video-fit mb\" style=\"padding-top:56.25%;\"><p><iframe title=\"KEBA wallbox EVSE heat challenge\" width=\"1020\" height=\"574\" src=\"https:\/\/www.youtube.com\/embed\/Qo7cpnv3xsU?feature=oembed\" frameborder=\"0\" allow=\"accelerometer; autoplay; encrypted-media; gyroscope; picture-in-picture\" allowfullscreen><\/iframe><\/p>\n<\/div>\n<p>KeContact P30 er allerede den tredje generasjonen wallbox fra KEBA som tilbyr nye bruksmuligheter takket v\u00e6re moderne kommunikasjons standarder og funksjoner. Vi har gjort kraftladestasjonene v\u00e5re intelligente og utstyrt dem med utallige funksjoner og kommunikasjons standarder. S\u00e5 du kan ikke bare lade, men ogs\u00e5 kontrollere, kommunisere og nettverk.<\/p>\n<div><strong>KEBA KeContact P30 c-serie funksjoner:<\/strong><\/div>\n<div><\/div>\n<ul>\n<li>Lokal lasth\u00e5ndtering som slave<\/li>\n<li>Opptil 22 kW<\/li>\n<li>OCPP-kommunikasjon som slave (via 3G)<\/li>\n<li>Slave for Master \/ Slave-kommunikasjon<\/li>\n<li>UDP-grensesnitt (smarthusautomasjon)<\/li>\n<li>Ethernet-grensesnitt for permanent installasjon (LSA +)<\/li>\n<li>M\u00e5ling (MID-sertifisert *) for faktureringsform\u00e5l<\/li>\n<li>Kraftoverv\u00e5king<\/li>\n<li>DC lekkasjedeteksjon<\/li>\n<li>Ethernet-grensesnitt (RJ45)<\/li>\n<li>USB-grensesnitt<\/li>\n<\/ul>\n<p>KeContact P30 c-serien har MID-sertifisert, intelligent lading og smart hjemmeintegrasjon<\/p>\n","protected":false},"excerpt":{"rendered":"<p>KeContact P30 blir et kommunikasjonssenter for intelligent kontrollert lading p\u00e5 grunn av integrasjon i smarthus- eller back-end-systemer, koblingen av solcelleanlegg eller alternativene for fakturering. Den oppfyller alle kravene til elektromobilitet &#8211; ikke bare for i dag, men ogs\u00e5 i fremtiden.<\/p>\n","protected":false},"featured_media":1632,"comment_status":"open","ping_status":"closed","template":"","meta":[],"product_brand":[],"product_cat":[210],"product_tag":[],"class_list":{"0":"post-1731","1":"product","2":"type-product","3":"status-publish","4":"has-post-thumbnail","6":"product_cat-wallbox-chargers","7":"pa_brand-keba-no","9":"first","10":"outofstock","11":"sale","12":"taxable","13":"shipping-taxable","14":"purchasable","15":"product-type-simple"},"_links":{"self":[{"href":"https:\/\/chargingshop.eu\/no\/wp-json\/wp\/v2\/product\/1731","targetHints":{"allow":["GET"]}}],"collection":[{"href":"https:\/\/chargingshop.eu\/no\/wp-json\/wp\/v2\/product"}],"about":[{"href":"https:\/\/chargingshop.eu\/no\/wp-json\/wp\/v2\/types\/product"}],"replies":[{"embeddable":true,"href":"https:\/\/chargingshop.eu\/no\/wp-json\/wp\/v2\/comments?post=1731"}],"wp:featuredmedia":[{"embeddable":true,"href":"https:\/\/chargingshop.eu\/no\/wp-json\/wp\/v2\/media\/1632"}],"wp:attachment":[{"href":"https:\/\/chargingshop.eu\/no\/wp-json\/wp\/v2\/media?parent=1731"}],"wp:term":[{"taxonomy":"product_brand","embeddable":true,"href":"https:\/\/chargingshop.eu\/no\/wp-json\/wp\/v2\/product_brand?post=1731"},{"taxonomy":"product_cat","embeddable":true,"href":"https:\/\/chargingshop.eu\/no\/wp-json\/wp\/v2\/product_cat?post=1731"},{"taxonomy":"product_tag","embeddable":true,"href":"https:\/\/chargingshop.eu\/no\/wp-json\/wp\/v2\/product_tag?post=1731"}],"curies":[{"name":"wp","href":"https:\/\/api.w.org\/{rel}","templated":true}]}}