{"id":1726,"date":"2019-12-31T10:41:51","date_gmt":"2019-12-31T10:41:51","guid":{"rendered":"https:\/\/chargingshop.eu\/product\/chrg-network-station-management-system-dk\/"},"modified":"2020-03-22T14:46:39","modified_gmt":"2020-03-22T14:46:39","slug":"chrg-network-station-management-system-dk","status":"publish","type":"product","link":"https:\/\/chargingshop.eu\/no\/produkt\/chrg-network-station-management-system-dk\/","title":{"rendered":"CHRG Network Stasjons styringssystem (station management system)"},"content":{"rendered":"<h3>Visualisering og kontroll<\/h3>\n<p>CHRG Network WebApp viser alle dine ladings\u00f8kter. Du kan se <strong>n\u00e5r, hvor lang tid og hvor mye str\u00f8m du lader, samt hvor mye du har forbrukt<\/strong> s\u00e5 langt.<\/p>\n<h3 class=\"bluefoot-entity bluefoot-entity\">Administrer ladestasjonene og dine\u00a0brukerne<\/h3>\n<div class=\"bluefoot-entity bluefoot-textarea bluefoot-entity\">\n<p>WebApp gj\u00f8r det enkelt og praktisk \u00e5 <strong>stille \u00e5pningstider<\/strong> for ladestasjonene dine og <strong>legge til nye brukere<\/strong> eksternt.<\/p>\n<h3>Eksporter ladedata for enkel fakturering<\/h3>\n<p>Med CHRG Network WebApp kan du se alle ladings\u00f8kter p\u00e5 <strong>alle ladestasjonene<\/strong> samtidig, eller organisere dataene etter <strong>lading, ladestasjon og bruker.<\/strong> All ladningsinformasjon kan eksporteres i Excel-format, noe som gj\u00f8r det enkelt \u00e5 lage uttalelser og andre dokumenter.<\/p>\n<h3>Ekstern st\u00f8tte<\/h3>\n<p>I tilfelle en funksjonsfeil, kan du med CHRG Network administratorverkt\u00f8y ekstern tilgang til ladestasjonen <strong>for raskt \u00e5 oppdage og l\u00f8se feil uten ekstra kostnad.<\/strong> Dette betyr at du drar nytte av et <strong>h\u00f8yt driftssikkerhet for ladeinfrastrukturen<\/strong> <strong>og ingen dyre teknikertjenester p\u00e5 stedet.<\/strong><\/p>\n<\/div>\n","protected":false},"excerpt":{"rendered":"<p>CHRG Network er en brukerintuitiv programvarel\u00f8sning som gj\u00f8r det enkelt \u00e5 se ladeinformasjonen fra din Elinta eller Ensto ladestasjon online n\u00e5r som helst og hvor som helst, og gj\u00f8r det veldig enkelt \u00e5 administrere dine brukere, betalinger og fakturering.<\/p>\n<ul>\n<li>Administrer ladestasjoner, brukere og \u00e5pningstider<\/li>\n<li>Hold oversikt over alle ladings\u00f8kter<\/li>\n<li>F\u00e5 tilgang til ladestasjonen din med smarttelefonen, nettbrettet eller PC-en<\/li>\n<li>Fjernst\u00f8tte fra produsenten<\/li>\n<li>Kompatibel med alle Elinta-, Ensto-stasjoner Mode 2-stasjoner<\/li>\n<\/ul>\n","protected":false},"featured_media":0,"comment_status":"open","ping_status":"closed","template":"","meta":[],"product_brand":[],"product_cat":[226],"product_tag":[],"class_list":{"0":"post-1726","1":"product","2":"type-product","3":"status-publish","5":"product_cat-stasjonsstyringslosninger","7":"first","8":"outofstock","9":"sale","10":"taxable","11":"shipping-taxable","12":"purchasable","13":"product-type-simple"},"_links":{"self":[{"href":"https:\/\/chargingshop.eu\/no\/wp-json\/wp\/v2\/product\/1726","targetHints":{"allow":["GET"]}}],"collection":[{"href":"https:\/\/chargingshop.eu\/no\/wp-json\/wp\/v2\/product"}],"about":[{"href":"https:\/\/chargingshop.eu\/no\/wp-json\/wp\/v2\/types\/product"}],"replies":[{"embeddable":true,"href":"https:\/\/chargingshop.eu\/no\/wp-json\/wp\/v2\/comments?post=1726"}],"wp:attachment":[{"href":"https:\/\/chargingshop.eu\/no\/wp-json\/wp\/v2\/media?parent=1726"}],"wp:term":[{"taxonomy":"product_brand","embeddable":true,"href":"https:\/\/chargingshop.eu\/no\/wp-json\/wp\/v2\/product_brand?post=1726"},{"taxonomy":"product_cat","embeddable":true,"href":"https:\/\/chargingshop.eu\/no\/wp-json\/wp\/v2\/product_cat?post=1726"},{"taxonomy":"product_tag","embeddable":true,"href":"https:\/\/chargingshop.eu\/no\/wp-json\/wp\/v2\/product_tag?post=1726"}],"curies":[{"name":"wp","href":"https:\/\/api.w.org\/{rel}","templated":true}]}}