{"id":1720,"date":"2020-01-03T10:11:11","date_gmt":"2020-01-03T10:11:11","guid":{"rendered":"https:\/\/chargingshop.eu\/product\/elinta-homebox-mini-t2-no\/"},"modified":"2020-03-22T14:29:19","modified_gmt":"2020-03-22T14:29:19","slug":"elinta-homebox-mini-t2-no","status":"publish","type":"product","link":"https:\/\/chargingshop.eu\/no\/produkt\/elinta-homebox-mini-t2-no\/","title":{"rendered":"ELINTA HOMEBOX MINI T2 &#8211; 7,2 kW"},"content":{"rendered":"<div><strong>ELINTA HOMEBOX MINI T2 funksjoner:<\/strong><\/div>\n<div><\/div>\n<ul>\n<li>Enkel design og minimal funksjonalitet<\/li>\n<li>7,2kW<\/li>\n<li>Kabelplugg for ladeevne hjemme<\/li>\n<li>Enkel installasjon<\/li>\n<\/ul>\n<p>ELINTA HOMEBOX MINI T2 er designet for \u00e5 v\u00e6re en enkel og kostnadseffektiv l\u00f8sning for EV-lading av hjem \/ garasje. HOMEBOX MINI kan brukes i privat garasje, parkeringsplass eller andre private omr\u00e5der der det ikke kreves godkjenning.<\/p>\n<p>ELINTA HomeBox Mini har integrert beskyttelse mot str\u00f8m, lekkasjestr\u00f8m og energim\u00e5ler. Bare tilkobling til str\u00f8m er n\u00f8dvendig. HomeBox Mini er designet for \u00e5 brukes hjemme eller p\u00e5 kontor med topp bransjekvalitet, og sikrer lang levetid og h\u00f8y p\u00e5litelighet.<\/p>\n","protected":false},"excerpt":{"rendered":"<div>HomeBox Mini er designet for \u00e5 v\u00e6re enkel og kostnadseffektiv l\u00f8sning for modus 3, type 2, enfaset lading opp til 7,2 kW<\/div>\n<div><\/div>\n<div>Bygg med industrielle komponenter til privat bruk.<\/div>\n","protected":false},"featured_media":1721,"comment_status":"open","ping_status":"closed","template":"","meta":[],"product_brand":[],"product_cat":[210],"product_tag":[],"class_list":{"0":"post-1720","1":"product","2":"type-product","3":"status-publish","4":"has-post-thumbnail","6":"product_cat-wallbox-chargers","7":"pa_brand-elinta-charge-no","9":"first","10":"outofstock","11":"sale","12":"taxable","13":"shipping-taxable","14":"purchasable","15":"product-type-simple"},"_links":{"self":[{"href":"https:\/\/chargingshop.eu\/no\/wp-json\/wp\/v2\/product\/1720","targetHints":{"allow":["GET"]}}],"collection":[{"href":"https:\/\/chargingshop.eu\/no\/wp-json\/wp\/v2\/product"}],"about":[{"href":"https:\/\/chargingshop.eu\/no\/wp-json\/wp\/v2\/types\/product"}],"replies":[{"embeddable":true,"href":"https:\/\/chargingshop.eu\/no\/wp-json\/wp\/v2\/comments?post=1720"}],"wp:featuredmedia":[{"embeddable":true,"href":"https:\/\/chargingshop.eu\/no\/wp-json\/wp\/v2\/media\/1721"}],"wp:attachment":[{"href":"https:\/\/chargingshop.eu\/no\/wp-json\/wp\/v2\/media?parent=1720"}],"wp:term":[{"taxonomy":"product_brand","embeddable":true,"href":"https:\/\/chargingshop.eu\/no\/wp-json\/wp\/v2\/product_brand?post=1720"},{"taxonomy":"product_cat","embeddable":true,"href":"https:\/\/chargingshop.eu\/no\/wp-json\/wp\/v2\/product_cat?post=1720"},{"taxonomy":"product_tag","embeddable":true,"href":"https:\/\/chargingshop.eu\/no\/wp-json\/wp\/v2\/product_tag?post=1720"}],"curies":[{"name":"wp","href":"https:\/\/api.w.org\/{rel}","templated":true}]}}