{"id":1719,"date":"2020-01-15T12:25:26","date_gmt":"2020-01-15T12:25:26","guid":{"rendered":"https:\/\/chargingshop.eu\/product\/ensto-efiller-11-kw-3x16a-no\/"},"modified":"2020-03-22T14:32:09","modified_gmt":"2020-03-22T14:32:09","slug":"ensto-efiller-11-kw-3x16a-no","status":"publish","type":"product","link":"https:\/\/chargingshop.eu\/no\/produkt\/ensto-efiller-11-kw-3x16a-no\/","title":{"rendered":"ENSTO eFiller 11 kW (3x16A)"},"content":{"rendered":"<div class=\"video video-fit mb\" style=\"padding-top:56.25%;\"><p><iframe title=\"Ensto Chago eFill installation\" width=\"1020\" height=\"574\" src=\"https:\/\/www.youtube.com\/embed\/fmbZv7cO4zg?feature=oembed\" frameborder=\"0\" allow=\"accelerometer; autoplay; encrypted-media; gyroscope; picture-in-picture\" allowfullscreen><\/iframe><\/p>\n<\/div>\n<div><strong>Ideell for ethvert milj\u00f8<\/strong><\/div>\n<div><\/div>\n<ul>\n<li>Kraftig (11 kW) trefase-lading<\/li>\n<li>Lave livssykluskostnader<\/li>\n<li>Perfekt til hjemme- eller til og med fl\u00e5telading for bedriftskunder<\/li>\n<\/ul>\n<div><strong>Verdi fra eleganse og holdbarhet<\/strong><\/div>\n<div><\/div>\n<ul>\n<li>Stilig skandinavisk design<\/li>\n<li>Industrikomponenter av h\u00f8y kvalitet med elegant og robust aluminiumsstruktur<\/li>\n<li>Fullstendig samsvar med europeiske forskrifter<\/li>\n<\/ul>\n<div><strong>Nyt en brukervennlig opplevelse<\/strong><\/div>\n<div><\/div>\n<ul>\n<li>Plugg en kabel og lading for en enkel ladeopplevelse<\/li>\n<li>Kabellengde &#8211; 4,5 meter<\/li>\n<\/ul>\n<p>&nbsp;<\/p>\n<p>&nbsp;<\/p>\n<p>&nbsp;<\/p>\n","protected":false},"excerpt":{"rendered":"<p>ENSTO eFiller (modell EVH050.02H) &#8211; et kompakt veggmontert ladepunkt med fast ladekabel. Stilig og slitesterk design som er spesielt egnet for enkel hjemmelading, n\u00e5r det ikke er n\u00f8dvendig med innebygd overstr\u00f8m og reststr\u00f8mbeskyttelse eller kobling til backend-systemer.<\/p>\n","protected":false},"featured_media":1612,"comment_status":"open","ping_status":"closed","template":"","meta":[],"product_brand":[],"product_cat":[210],"product_tag":[],"class_list":{"0":"post-1719","1":"product","2":"type-product","3":"status-publish","4":"has-post-thumbnail","6":"product_cat-wallbox-chargers","7":"pa_brand-ensto-no","9":"first","10":"instock","11":"sale","12":"taxable","13":"shipping-taxable","14":"purchasable","15":"product-type-simple"},"_links":{"self":[{"href":"https:\/\/chargingshop.eu\/no\/wp-json\/wp\/v2\/product\/1719","targetHints":{"allow":["GET"]}}],"collection":[{"href":"https:\/\/chargingshop.eu\/no\/wp-json\/wp\/v2\/product"}],"about":[{"href":"https:\/\/chargingshop.eu\/no\/wp-json\/wp\/v2\/types\/product"}],"replies":[{"embeddable":true,"href":"https:\/\/chargingshop.eu\/no\/wp-json\/wp\/v2\/comments?post=1719"}],"wp:featuredmedia":[{"embeddable":true,"href":"https:\/\/chargingshop.eu\/no\/wp-json\/wp\/v2\/media\/1612"}],"wp:attachment":[{"href":"https:\/\/chargingshop.eu\/no\/wp-json\/wp\/v2\/media?parent=1719"}],"wp:term":[{"taxonomy":"product_brand","embeddable":true,"href":"https:\/\/chargingshop.eu\/no\/wp-json\/wp\/v2\/product_brand?post=1719"},{"taxonomy":"product_cat","embeddable":true,"href":"https:\/\/chargingshop.eu\/no\/wp-json\/wp\/v2\/product_cat?post=1719"},{"taxonomy":"product_tag","embeddable":true,"href":"https:\/\/chargingshop.eu\/no\/wp-json\/wp\/v2\/product_tag?post=1719"}],"curies":[{"name":"wp","href":"https:\/\/api.w.org\/{rel}","templated":true}]}}