{"id":1716,"date":"2020-01-15T13:32:04","date_gmt":"2020-01-15T13:32:04","guid":{"rendered":"https:\/\/chargingshop.eu\/product\/ensto-efiller-rapid-36-kw-1x16a-no\/"},"modified":"2020-03-22T13:27:36","modified_gmt":"2020-03-22T13:27:36","slug":"ensto-efiller-rapid-36-kw-1x16a-no","status":"publish","type":"product","link":"https:\/\/chargingshop.eu\/no\/produkt\/ensto-efiller-rapid-36-kw-1x16a-no\/","title":{"rendered":"ENSTO eFiller &#8211; 3,6 kW (1x16A)"},"content":{"rendered":"<div class=\"video video-fit mb\" style=\"padding-top:56.25%;\"><p><iframe title=\"Ensto Chago eFill Rapid\" width=\"1020\" height=\"574\" src=\"https:\/\/www.youtube.com\/embed\/zeFDTl-Fx-k?feature=oembed\" frameborder=\"0\" allow=\"accelerometer; autoplay; encrypted-media; gyroscope; picture-in-picture\" allowfullscreen><\/iframe><\/p>\n<\/div>\n<div><strong>Ideell for ethvert milj\u00f8<\/strong><\/div>\n<div><\/div>\n<ul>\n<li>3,6kW enfasetilading<\/li>\n<li>Lave livssykluskostnader<\/li>\n<li>Perfekt til hjemmet med Tricolor indikasjon LED-lys<\/li>\n<li><strong>Str\u00f8mkilde kan v\u00e6re stikkontakt<\/strong> &#8211; ikke behov for profesjonell installasjon! (se installasjonsvideo)<\/li>\n<\/ul>\n<div><strong>Verdi fra eleganse og holdbarhet<\/strong><\/div>\n<div><\/div>\n<ul>\n<li>Stilig skandinavisk design<\/li>\n<li>Industrikomponenter av h\u00f8y kvalitet med elegant aluminiumsstruktur<\/li>\n<li>Fullstendig samsvar med europeiske forskrifter<\/li>\n<\/ul>\n<div><strong>Nyt en brukervennlig opplevelse<\/strong><\/div>\n<div><\/div>\n<ul>\n<li>Plugg en kabel og lading for en enkel ladeopplevelse<\/li>\n<li>Kabellengde &#8211; 4,5 meter<\/li>\n<\/ul>\n<p>&nbsp;<\/p>\n","protected":false},"excerpt":{"rendered":"<div>ENSTO eFiller (modell EVH020.02H) &#8211; et kompakt veggmontert ladepunkt med fast ladekabel. Stilig og slitesterk design som er spesielt egnet for enkel hjemmelading, n\u00e5r det ikke er n\u00f8dvendig med innebygd overstr\u00f8m og reststr\u00f8mbeskyttelse eller kobling til backend-systemer.<\/div>\n<div><\/div>\n<div>Tricolor indikasjon LED-lys. En egen ladepluggholder kan installeres p\u00e5 veggen. Dette ladepunktet er utstyrt med spesiell veggfeste og fast forsyningskabel for hurtig montering. Forsyningskabelen kan leveres via CEE 7\/7 plugg (&#8220;Schuko&#8221;) eller med industriell CEE Plug 16A, 5-polet. V\u00e6r oppmerksom p\u00e5 at forsyningspluggen ikke f\u00f8lger med produktsettet.<\/div>\n","protected":false},"featured_media":1612,"comment_status":"open","ping_status":"closed","template":"","meta":[],"product_brand":[],"product_cat":[210],"product_tag":[],"class_list":{"0":"post-1716","1":"product","2":"type-product","3":"status-publish","4":"has-post-thumbnail","6":"product_cat-wallbox-chargers","7":"pa_brand-ensto-no","9":"first","10":"instock","11":"sale","12":"taxable","13":"shipping-taxable","14":"purchasable","15":"product-type-simple"},"_links":{"self":[{"href":"https:\/\/chargingshop.eu\/no\/wp-json\/wp\/v2\/product\/1716","targetHints":{"allow":["GET"]}}],"collection":[{"href":"https:\/\/chargingshop.eu\/no\/wp-json\/wp\/v2\/product"}],"about":[{"href":"https:\/\/chargingshop.eu\/no\/wp-json\/wp\/v2\/types\/product"}],"replies":[{"embeddable":true,"href":"https:\/\/chargingshop.eu\/no\/wp-json\/wp\/v2\/comments?post=1716"}],"wp:featuredmedia":[{"embeddable":true,"href":"https:\/\/chargingshop.eu\/no\/wp-json\/wp\/v2\/media\/1612"}],"wp:attachment":[{"href":"https:\/\/chargingshop.eu\/no\/wp-json\/wp\/v2\/media?parent=1716"}],"wp:term":[{"taxonomy":"product_brand","embeddable":true,"href":"https:\/\/chargingshop.eu\/no\/wp-json\/wp\/v2\/product_brand?post=1716"},{"taxonomy":"product_cat","embeddable":true,"href":"https:\/\/chargingshop.eu\/no\/wp-json\/wp\/v2\/product_cat?post=1716"},{"taxonomy":"product_tag","embeddable":true,"href":"https:\/\/chargingshop.eu\/no\/wp-json\/wp\/v2\/product_tag?post=1716"}],"curies":[{"name":"wp","href":"https:\/\/api.w.org\/{rel}","templated":true}]}}