{"id":1673,"date":"2020-01-16T13:26:11","date_gmt":"2020-01-16T13:26:11","guid":{"rendered":"https:\/\/chargingshop.eu\/product\/ensto-evb200-asa-2x22kw-3g-dk\/"},"modified":"2020-03-20T14:58:33","modified_gmt":"2020-03-20T14:58:33","slug":"ensto-evb200-asa-2x22kw-3g-dk","status":"publish","type":"product","link":"https:\/\/chargingshop.eu\/no\/produkt\/ensto-evb200-asa-2x22kw-3g-dk\/","title":{"rendered":"ENSTO EVB200-ASA 2x22kW (3G)"},"content":{"rendered":"<div class=\"video video-fit mb\" style=\"padding-top:56.25%;\"><p><iframe title=\"Ensto | Unboxing do carregador Wallbox\" width=\"1020\" height=\"574\" src=\"https:\/\/www.youtube.com\/embed\/wKRpdvzjL4k?feature=oembed\" frameborder=\"0\" allow=\"accelerometer; autoplay; encrypted-media; gyroscope; picture-in-picture\" allowfullscreen><\/iframe><\/p>\n<\/div>\n<div><strong>Smarte l\u00f8sninger setter virksomheten f\u00f8rst<\/strong><\/div>\n<div><\/div>\n<ul>\n<li>Spar penger med fremtidssikre Smart EV-tjenester<\/li>\n<li>Kompatibel med skybasert fjernstyring av ladestasjonene dine.<\/li>\n<\/ul>\n<div><strong>Ideell for ethvert milj\u00f8<\/strong><\/div>\n<div><\/div>\n<ul>\n<li>Kraftig enkelt- eller dobbeltlading<\/li>\n<li>Lave livssykluskostnader<\/li>\n<li>Lav installasjonskostnad (mulighet for montering p\u00e5 vegg)<\/li>\n<li>Egnet til \u00e5 brukes i t\u00f8ffe omgivelser &#8211; b\u00e5de innend\u00f8rs og utend\u00f8rs<\/li>\n<li>Perfekt for detaljister, fl\u00e5ter, parkeringsplasser og mer<\/li>\n<\/ul>\n<div><strong>Verdi fra eleganse og holdbarhet<\/strong><\/div>\n<div><\/div>\n<ul>\n<li>Stilig skandinavisk design som st\u00f8tter merkevaren din<\/li>\n<li>Industrikomponenter av h\u00f8y kvalitet med en robust st\u00e5lkonstruksjon<\/li>\n<li>Fullstendig samsvar med europeiske forskrifter<\/li>\n<\/ul>\n<div><strong>Nyt en brukervennlig opplevelse<\/strong><\/div>\n<div><\/div>\n<ul>\n<li>Plugg en kabel og lade eller enkelt og sikker brukeridentifikasjon med RFID eller via App.<\/li>\n<\/ul>\n<p>&nbsp;<\/p>\n<p>&nbsp;<\/p>\n","protected":false},"excerpt":{"rendered":"<div>ENSTO Wallbox er en modull\u00f8s l\u00f8sning for enkelt- eller dobbelt EV-lading. Den kompakte og brukervennlige designen gj\u00f8r det til et perfekt valg for daglig lading p\u00e5 private, offentlige eller semi-offentlige steder.<\/div>\n<div><\/div>\n<div>Ideell for installasjoner der en EV-lader er koblet til et distribusjonspanel. ENSTO EVB-serien passer perfekt for store installasjoner p\u00e5 parkeringsplasser, kontorer og eiendommer &#8211; og tilbyr den beste ladeopplevelsen med smarte tjenester.<\/div>\n","protected":false},"featured_media":1674,"comment_status":"open","ping_status":"closed","template":"","meta":[],"product_brand":[],"product_cat":[210],"product_tag":[],"class_list":{"0":"post-1673","1":"product","2":"type-product","3":"status-publish","4":"has-post-thumbnail","6":"product_cat-wallbox-chargers","7":"pa_brand-ensto-no","9":"first","10":"instock","11":"taxable","12":"shipping-taxable","13":"purchasable","14":"product-type-simple"},"_links":{"self":[{"href":"https:\/\/chargingshop.eu\/no\/wp-json\/wp\/v2\/product\/1673","targetHints":{"allow":["GET"]}}],"collection":[{"href":"https:\/\/chargingshop.eu\/no\/wp-json\/wp\/v2\/product"}],"about":[{"href":"https:\/\/chargingshop.eu\/no\/wp-json\/wp\/v2\/types\/product"}],"replies":[{"embeddable":true,"href":"https:\/\/chargingshop.eu\/no\/wp-json\/wp\/v2\/comments?post=1673"}],"wp:featuredmedia":[{"embeddable":true,"href":"https:\/\/chargingshop.eu\/no\/wp-json\/wp\/v2\/media\/1674"}],"wp:attachment":[{"href":"https:\/\/chargingshop.eu\/no\/wp-json\/wp\/v2\/media?parent=1673"}],"wp:term":[{"taxonomy":"product_brand","embeddable":true,"href":"https:\/\/chargingshop.eu\/no\/wp-json\/wp\/v2\/product_brand?post=1673"},{"taxonomy":"product_cat","embeddable":true,"href":"https:\/\/chargingshop.eu\/no\/wp-json\/wp\/v2\/product_cat?post=1673"},{"taxonomy":"product_tag","embeddable":true,"href":"https:\/\/chargingshop.eu\/no\/wp-json\/wp\/v2\/product_tag?post=1673"}],"curies":[{"name":"wp","href":"https:\/\/api.w.org\/{rel}","templated":true}]}}