{"id":905,"date":"2015-11-17T20:15:56","date_gmt":"2015-11-17T20:15:56","guid":{"rendered":"https:\/\/chargingshop.eu\/demos\/"},"modified":"2020-02-28T13:23:35","modified_gmt":"2020-02-28T13:23:35","slug":"ladestasjoner-nettpanel","status":"publish","type":"page","link":"https:\/\/chargingshop.eu\/no\/ladestasjoner-nettpanel\/","title":{"rendered":"SYSTEMDEMO"},"content":{"rendered":"\t<section class=\"section\" id=\"section_466890620\">\n\t\t<div class=\"bg section-bg fill bg-fill  bg-loaded\" >\n\n\t\t\t\n\t\t\t\n\t\t\t\n\n\t\t<\/div>\n\n\t\t\n\n\t\t<div class=\"section-content relative\">\n\t\t\t\n\t<div class=\"img has-hover x md-x lg-x y md-y lg-y\" id=\"image_294846532\">\n\t\t\t\t\t\t\t\t<div class=\"img-inner image-zoom-long dark\" >\n\t\t\t<img decoding=\"async\" width=\"1020\" height=\"467\" src=\"https:\/\/chargingshop.eu\/wp-content\/uploads\/2019\/12\/Screenshot-2019-12-28-at-15.01.04.png\" class=\"attachment-large size-large\" alt=\"CHRG App dashboard\" srcset=\"https:\/\/chargingshop.eu\/wp-content\/uploads\/2019\/12\/Screenshot-2019-12-28-at-15.01.04.png 1143w, https:\/\/chargingshop.eu\/wp-content\/uploads\/2019\/12\/Screenshot-2019-12-28-at-15.01.04-800x366.png 800w, https:\/\/chargingshop.eu\/wp-content\/uploads\/2019\/12\/Screenshot-2019-12-28-at-15.01.04-768x351.png 768w, https:\/\/chargingshop.eu\/wp-content\/uploads\/2019\/12\/Screenshot-2019-12-28-at-15.01.04-510x233.png 510w\" sizes=\"(max-width: 1020px) 100vw, 1020px\" \/>\t\t\t\t\t\t\n\t\t\t\t\t<\/div>\n\t\t\t\t\t\t\t\t\n<style>\n#image_294846532 {\n  width: 100%;\n}\n<\/style>\n\t<\/div>\n\t\n<div class=\"is-divider divider clearfix\" style=\"height:0px;\"><\/div>\n<h3 style=\"text-align: center;\">Vi hjelper deg med \u00e5 tilby EV-ladetjeneste p\u00e5 en praktisk og smart m\u00e5te<\/h3>\n<p style=\"text-align: center;\">Med v\u00e5r plattform kan du administrere fl\u00e5ter av ladestasjoner forskjellige steder ved \u00e5 bruke stasjonseieres nettpanel. Mens EV-driveren enkelt kan finne start \/ stopp ladetid og betale for lading ved hjelp av en App<\/p>\n\t\t<\/div>\n\n\t\t\n<style>\n#section_466890620 {\n  padding-top: 30px;\n  padding-bottom: 30px;\n  background-color: #fafafa;\n}\n#section_466890620 .ux-shape-divider--top svg {\n  height: 150px;\n  --divider-top-width: 100%;\n}\n#section_466890620 .ux-shape-divider--bottom svg {\n  height: 150px;\n  --divider-width: 100%;\n}\n<\/style>\n\t<\/section>\n\t\n<div class=\"is-divider divider clearfix\" ><\/div>\n\t<div class=\"box has-hover   has-hover box-shadow-3 box-shadow-2-hover box-vertical box-text-bottom\" >\n\n\t\t<div class=\"box-image\" style=\"border-radius:10%;width:48%;\">\n\t\t\t\t\t\t<div class=\"image-zoom image-cover\" style=\"padding-top:40%;\">\n\t\t\t\t<img decoding=\"async\" width=\"982\" height=\"732\" src=\"https:\/\/chargingshop.eu\/wp-content\/uploads\/2019\/12\/Dashboard.png\" class=\"attachment-original size-original\" alt=\"CHRG Network\" srcset=\"https:\/\/chargingshop.eu\/wp-content\/uploads\/2019\/12\/Dashboard.png 982w, https:\/\/chargingshop.eu\/wp-content\/uploads\/2019\/12\/Dashboard-537x400.png 537w, https:\/\/chargingshop.eu\/wp-content\/uploads\/2019\/12\/Dashboard-768x572.png 768w, https:\/\/chargingshop.eu\/wp-content\/uploads\/2019\/12\/Dashboard-510x380.png 510w\" sizes=\"(max-width: 982px) 100vw, 982px\" \/>\t\t\t\t\t\t\t\t\t\t\t<\/div>\n\t\t\t\t\t<\/div>\n\n\t\t<div class=\"box-text text-left\" style=\"padding:0px 0px 0px 60px;\">\n\t\t\t<div class=\"box-text-inner\">\n\t\t\t\t\n<h4 style=\"text-align: left;\">De fleste intuitive stasjonseiere dashbord p\u00e5 markedet <\/h4>\n<ul>\n<li style=\"text-align: left;\">Vi gjorde &#8220;self-boarding&#8221; mulig .<\/li>\n<li style=\"text-align: left;\">Det tar noen minutter \u00e5 lage stasjonseierprofil og konfigurere din f\u00f8rste stasjon i v\u00e5rt stasjonssjefpanel. <\/li>\n<\/ul>\n\t\t\t<\/div>\n\t\t<\/div>\n\t<\/div>\n\t\n<div class=\"is-divider divider clearfix\" ><\/div>\n\t<div class=\"box has-hover   has-hover box-shadow-3 box-shadow-2-hover box-vertical box-text-bottom\" >\n\n\t\t<div class=\"box-image\" style=\"border-radius:10%;width:51%;\">\n\t\t\t\t\t\t<div class=\"image-zoom image-cover\" style=\"padding-top:40%;\">\n\t\t\t\t<img decoding=\"async\" width=\"1002\" height=\"621\" src=\"https:\/\/chargingshop.eu\/wp-content\/uploads\/2020\/01\/App115.png\" class=\"attachment-large size-large\" alt=\"CHRG App\" srcset=\"https:\/\/chargingshop.eu\/wp-content\/uploads\/2020\/01\/App115.png 1002w, https:\/\/chargingshop.eu\/wp-content\/uploads\/2020\/01\/App115-645x400.png 645w, https:\/\/chargingshop.eu\/wp-content\/uploads\/2020\/01\/App115-768x476.png 768w, https:\/\/chargingshop.eu\/wp-content\/uploads\/2020\/01\/App115-510x316.png 510w\" sizes=\"(max-width: 1002px) 100vw, 1002px\" \/>\t\t\t\t\t\t\t\t\t\t\t<\/div>\n\t\t\t\t\t<\/div>\n\n\t\t<div class=\"box-text text-left\" style=\"padding:0px 0px 0px 30px;\">\n\t\t\t<div class=\"box-text-inner\">\n\t\t\t\t\n<h4> EV Drivers-app lar deg:<\/h4>\n<ul>\n<li>Finn ledige stasjoner p\u00e5 kartet og hjelper deg med \u00e5 navigere<\/li>\n<li>Reserver stasjon p\u00e5 forh\u00e5nd \/ Initier, stopp og betal for ladetid <\/li>\n<li> N\u00e5r du lader p\u00e5 DC-lader, kan du enkelt se batteristatus, str\u00f8m og lastet kWh rett p\u00e5 telefonskjermen <\/li>\n<\/ul>\n\t\t\t<\/div>\n\t\t<\/div>\n\t<\/div>\n\t\n<div class=\"is-divider divider clearfix\" ><\/div>\n\t<div class=\"box has-hover   has-hover box-shadow-3 box-shadow-2-hover box-vertical box-text-bottom\" >\n\n\t\t<div class=\"box-image\" style=\"border-radius:10%;width:48%;\">\n\t\t\t\t\t\t<div class=\"image-zoom image-cover\" style=\"padding-top:40%;\">\n\t\t\t\t<img decoding=\"async\" width=\"1319\" height=\"613\" src=\"https:\/\/chargingshop.eu\/wp-content\/uploads\/2020\/01\/station-stats.png\" class=\"attachment-original size-original\" alt=\"CHRG Network station owner\" srcset=\"https:\/\/chargingshop.eu\/wp-content\/uploads\/2020\/01\/station-stats.png 1319w, https:\/\/chargingshop.eu\/wp-content\/uploads\/2020\/01\/station-stats-800x372.png 800w, https:\/\/chargingshop.eu\/wp-content\/uploads\/2020\/01\/station-stats-768x357.png 768w, https:\/\/chargingshop.eu\/wp-content\/uploads\/2020\/01\/station-stats-510x237.png 510w\" sizes=\"(max-width: 1319px) 100vw, 1319px\" \/>\t\t\t\t\t\t\t\t\t\t\t<\/div>\n\t\t\t\t\t<\/div>\n\n\t\t<div class=\"box-text text-center\" style=\"padding:0px 0px 0px 55px;\">\n\t\t\t<div class=\"box-text-inner\">\n\t\t\t\t\n<h4 style=\"text-align: left;\">Stasjonseiers instrumentpanel lar deg:<\/h4>\n<ul>\n<li style=\"text-align: left;\">Automatisk ombord EV-drivere (ingen papirkontrakter) <\/li>\n<li style=\"text-align: left;\">Samler automatisk betalinger for lading gitt <\/li>\n<li style=\"text-align: left;\">Angi egen priser og se ladestatistikk for stasjonene dine <\/li>\n<li style=\"text-align: left;\">Aktiver \/ deaktiver eksternt og start stasjonene dine p\u00e5 nytt <\/li>\n<\/ul>\n\t\t\t<\/div>\n\t\t<\/div>\n\t<\/div>\n\t\n","protected":false},"excerpt":{"rendered":"","protected":false},"author":2525,"featured_media":0,"parent":0,"menu_order":0,"comment_status":"closed","ping_status":"closed","template":"page-blank-title-center.php","meta":{"footnotes":""},"class_list":["post-905","page","type-page","status-publish","hentry"],"_links":{"self":[{"href":"https:\/\/chargingshop.eu\/no\/wp-json\/wp\/v2\/pages\/905","targetHints":{"allow":["GET"]}}],"collection":[{"href":"https:\/\/chargingshop.eu\/no\/wp-json\/wp\/v2\/pages"}],"about":[{"href":"https:\/\/chargingshop.eu\/no\/wp-json\/wp\/v2\/types\/page"}],"author":[{"embeddable":true,"href":"https:\/\/chargingshop.eu\/no\/wp-json\/wp\/v2\/users\/2525"}],"replies":[{"embeddable":true,"href":"https:\/\/chargingshop.eu\/no\/wp-json\/wp\/v2\/comments?post=905"}],"version-history":[{"count":0,"href":"https:\/\/chargingshop.eu\/no\/wp-json\/wp\/v2\/pages\/905\/revisions"}],"wp:attachment":[{"href":"https:\/\/chargingshop.eu\/no\/wp-json\/wp\/v2\/media?parent=905"}],"curies":[{"name":"wp","href":"https:\/\/api.w.org\/{rel}","templated":true}]}}