{"id":1958,"date":"2020-04-02T09:29:38","date_gmt":"2020-04-02T09:29:38","guid":{"rendered":"https:\/\/chargingshop.eu\/knowledge-center\/eltjanst-foretag-elbil-laddbox-instalation\/"},"modified":"2020-04-03T13:21:58","modified_gmt":"2020-04-03T13:21:58","slug":"elektrisk-installasjonstjeneste-elbil-ladestasjon-installasjon","status":"publish","type":"page","link":"https:\/\/chargingshop.eu\/no\/knowledge-center\/elektrisk-installasjonstjeneste-elbil-ladestasjon-installasjon\/","title":{"rendered":"B2B Salg for elektrisk installasjonstjeneste"},"content":{"rendered":"<h3><strong>B2B Salg for elektrisk installasjonstjeneste<\/strong><\/h3>\n<p>&nbsp;<\/p>\n<div>Har du en elektrisk servicevirksomhet og vil du selge og installere elektriske ladere for elbiler?<\/div>\n<div><\/div>\n<div>Du gj\u00f8r det du gj\u00f8r best for \u00e5 installere elektriske komponenter p\u00e5 kundens sted. La oss gi deg nye bestillinger i ditt omr\u00e5de! Disse ordrene kommer fra private Elbil-eiere s\u00e5 vel som bedriftskunder.<\/div>\n<p>&nbsp;<\/p>\n<div><img decoding=\"async\" class=\"alignnone wp-image-1929 size-medium\" src=\"https:\/\/chargingshop.eu\/wp-content\/uploads\/2020\/04\/Inside-EV_im-Installation-898x505-1-711x400.jpg\" alt=\"elektrisk installasjonstjeneste\" width=\"711\" height=\"400\" srcset=\"https:\/\/chargingshop.eu\/wp-content\/uploads\/2020\/04\/Inside-EV_im-Installation-898x505-1-711x400.jpg 711w, https:\/\/chargingshop.eu\/wp-content\/uploads\/2020\/04\/Inside-EV_im-Installation-898x505-1-768x432.jpg 768w, https:\/\/chargingshop.eu\/wp-content\/uploads\/2020\/04\/Inside-EV_im-Installation-898x505-1-510x287.jpg 510w, https:\/\/chargingshop.eu\/wp-content\/uploads\/2020\/04\/Inside-EV_im-Installation-898x505-1.jpg 898w\" sizes=\"(max-width: 711px) 100vw, 711px\" \/><\/div>\n<div><\/div>\n<div>\n<div><strong>Vi tilbyr to forskjellige m\u00e5ter \u00e5 samarbeide p\u00e5:<\/strong><\/div>\n<div><\/div>\n<p>1. Vi viser ditt firma p\u00e5 nettstedet v\u00e5rt som foresl\u00e5tt leverand\u00f8r av elektriske tjenester i ditt omr\u00e5de. Etter at vi har solgt ladestasjon i ditt omr\u00e5de, vil vi rette v\u00e5r kunde til DEG for elektrisk installasjon.<\/p>\n<p>&nbsp;<\/p>\n<p>2. Ditt firma tilbyr v\u00e5re stasjoner til DIN kunde. Vi vil gi deg et bredt utvalg av ladestasjoner (st\u00f8rre sjanse for deg \u00e5 lukke salg) med gunstig rabattordning. P\u00e5 denne m\u00e5ten trenger du ikke stole p\u00e5 en merkevareleverand\u00f8r. Du kan v\u00e6re sikker p\u00e5 \u00e5 ha de nyeste produktene i tilbudet ditt som samsvarer med sluttkundenes behov. P\u00e5 denne m\u00e5ten vil det ikke v\u00e6re n\u00f8dvendig \u00e5 oppbevare produkter p\u00e5 lager.<\/p>\n<\/div>\n<p>&nbsp;<\/p>\n<div><\/div>\n<h4>V\u00c5R UNIKKE SALGSPOSISJON &#8211; V\u00c5RE EIENDOMSLAGSTATIONSSTYRINGSSYSTEM \u2018CHRG NETWORK\u2019<\/h4>\n<div>\n<p><img decoding=\"async\" class=\"size-medium wp-image-393\" src=\"https:\/\/chargingshop.eu\/wp-content\/uploads\/2019\/12\/Dashboard-537x400.png\" alt=\"CHRG Network\" width=\"537\" height=\"400\" srcset=\"https:\/\/chargingshop.eu\/wp-content\/uploads\/2019\/12\/Dashboard-537x400.png 537w, https:\/\/chargingshop.eu\/wp-content\/uploads\/2019\/12\/Dashboard-768x572.png 768w, https:\/\/chargingshop.eu\/wp-content\/uploads\/2019\/12\/Dashboard-510x380.png 510w, https:\/\/chargingshop.eu\/wp-content\/uploads\/2019\/12\/Dashboard.png 982w\" sizes=\"(max-width: 537px) 100vw, 537px\" \/><\/p>\n<p>For kundene dine vil vi tilby tilgang til systemet v\u00e5rt GRATIS<\/p>\n<p>CHRG Network-system vil hjelpe sluttkundene med \u00e5 redusere str\u00f8mregningen med s\u00e5 mye som 1200-2400 Nok \/ \u00e5r *<\/p>\n<p>For bedriftskunder lar systemet v\u00e5rt liste og automatisk samle inn betalinger p\u00e5 ladestasjons markedet. Der alle CHRG-nettverk og andre leverand\u00f8rer App-brukere kan finne, starte \/ stoppe og betale for ladings\u00f8kt ved hjelp av personlig smarttelefon.<\/p>\n<\/div>\n<div>\n<p>Dette er en fin bonus for kunden din som de ikke vil f\u00e5 fra andre elektrisk installasjonstjeneste leverand\u00f8rer!<\/p>\n<p>La oss samarbeide &#8211; sammen vil vi tilby det beste tilbudet for sluttkunden!<\/p>\n<\/div>\n<div>\n<div><\/div>\n<div><\/div>\n<h6>* FORANFATTE EV-KJ\u00d8RINGSTILDNINGER MINST 2 TIMER HVER DAG MELLOM 17:00 til 22:00. MED &#8220;PEAK SHAVING&#8221; -FUNKSJONER SOM ER AKTIVERT HAN VIL F\u00c5 SPARE 150 Nok \/ M\u00c5NED ELLER 2400 Nok \/ \u00c5R (N\u00c5R KVELD \/ NATT KWH-RATE FORVIS 0,5 Nok \/ KWH)<\/h6>\n<\/div>\n","protected":false},"excerpt":{"rendered":"<p>B2B Salg for elektrisk installasjonstjeneste &nbsp; Har du en elektrisk servicevirksomhet og vil du selge og installere elektriske ladere for elbiler? Du gj\u00f8r det du gj\u00f8r best for \u00e5 installere elektriske komponenter p\u00e5 kundens sted. La oss gi deg nye bestillinger i ditt omr\u00e5de! Disse ordrene kommer fra private Elbil-eiere s\u00e5 vel som bedriftskunder. &nbsp; [&#8230;]\n","protected":false},"author":1,"featured_media":0,"parent":918,"menu_order":0,"comment_status":"closed","ping_status":"closed","template":"","meta":{"footnotes":""},"class_list":["post-1958","page","type-page","status-publish","hentry"],"_links":{"self":[{"href":"https:\/\/chargingshop.eu\/no\/wp-json\/wp\/v2\/pages\/1958","targetHints":{"allow":["GET"]}}],"collection":[{"href":"https:\/\/chargingshop.eu\/no\/wp-json\/wp\/v2\/pages"}],"about":[{"href":"https:\/\/chargingshop.eu\/no\/wp-json\/wp\/v2\/types\/page"}],"author":[{"embeddable":true,"href":"https:\/\/chargingshop.eu\/no\/wp-json\/wp\/v2\/users\/1"}],"replies":[{"embeddable":true,"href":"https:\/\/chargingshop.eu\/no\/wp-json\/wp\/v2\/comments?post=1958"}],"version-history":[{"count":0,"href":"https:\/\/chargingshop.eu\/no\/wp-json\/wp\/v2\/pages\/1958\/revisions"}],"up":[{"embeddable":true,"href":"https:\/\/chargingshop.eu\/no\/wp-json\/wp\/v2\/pages\/918"}],"wp:attachment":[{"href":"https:\/\/chargingshop.eu\/no\/wp-json\/wp\/v2\/media?parent=1958"}],"curies":[{"name":"wp","href":"https:\/\/api.w.org\/{rel}","templated":true}]}}