{"id":72312,"date":"2025-06-14T10:15:17","date_gmt":"2025-06-14T10:15:17","guid":{"rendered":"https:\/\/chargingshop.eu\/product\/sungrow-idc-180e-kw-120-150-180kw-ladetajs\/"},"modified":"2025-06-14T10:15:17","modified_gmt":"2025-06-14T10:15:17","slug":"sungrow-idc-180e-kw-120-150-180kw-ladetajs","status":"publish","type":"product","link":"https:\/\/chargingshop.eu\/lv\/product\/sungrow-idc-180e-kw-120-150-180kw-ladetajs\/","title":{"rendered":"Sungrow IDC 180E kW 120\/150\/180kW l\u0101d\u0113t\u0101js"},"content":{"rendered":"<h2>Sungrow IDC 180E kW 120\/150\/180kW l\u0101d\u0113t\u0101js<\/h2>\n<ul class=\"prtextlist prtext m0aoto ovh ani swiper-slide-active\">\n<li class=\"MonLight f16 pt-page-delay100 animated fadeInUp\">\n<div class=\"f20 MonRegular ce97702\">UZTICAMS UN DRO\u0160S<\/div>\n<p>IP65 aizsardz\u012bba un C5 pretkorozijas aizsardz\u012bba<\/p>\n<p>Ilg\u0101ks nek\u0101 10 gadu kalpo\u0161anas laiks<\/p>\n<p>Bezr\u016bp\u012bga apkope bez putek\u013cu filtra pakl\u0101ji\u0146a nomai\u0146as<\/p>\n<p>Pa\u0161u izstr\u0101d\u0101ti un pa\u0161u ra\u017eoti baro\u0161anas modu\u013ci<\/li>\n<li class=\"MonLight f16 pt-page-delay300 animated fadeInUp\">\n<div class=\"f20 MonRegular ce97702\">LIETOT\u0100JAM DRAUDZ\u012aGS<\/div>\n<p>Vair\u0101ku autentifik\u0101cijas un maks\u0101jumu iesp\u0113ju atbalsts<\/p>\n<p>Uzl\u0101des kabe\u013cu p\u0101rvald\u012bbas sist\u0113ma augst\u0101k\u0101s kvalit\u0101tes lieto\u0161anas pieredzei<\/li>\n<li class=\"MonLight f16 pt-page-delay500 animated fadeInUp\">\n<div class=\"f20 MonRegular ce97702\">EFEKT\u012aVI UN GUDRI<\/div>\n<p>Maksim\u0101l\u0101 efektivit\u0101te l\u012bdz 96,5 % <\/p>\n<p>Dinamiska slodzes p\u0101rvald\u012bba, lai optimiz\u0113tu elektromobi\u013cu uzl\u0101di<\/li>\n<li class=\"MonLight f16 pt-page-delay700 animated fadeInUp\">\n<div class=\"f20 MonRegular ce97702\">ELAST\u012aGA PIEM\u0112RO\u0160ANA<\/div>\n<p>Adapt\u012bv\u0101 sprieguma diapazons 200-920 Vdc<\/p>\n<p>Savietojam\u012bba ar PV-ESS sist\u0113mu rezerv\u0113ta<\/li>\n<\/ul>\n<div>Produkta priek\u0161roc\u012bbas:<\/div>\n<div>&#8211; Divi uzl\u0101des punkti ar dinamisku slodzes sadal\u012bjumu<\/div>\n<div>&#8211; \u0112rts 10&#8243; sk\u0101rienekr\u0101ns<\/div>\n<div>&#8211; Kalibr\u0113\u0161anas ties\u012bbu aktiem atbilsto\u0161s dizains<\/div>\n<div><\/div>\n<div>Produkta \u012bpa\u0161\u012bbas:<\/div>\n<div>&#8211; Viena uzl\u0101des punkta uzl\u0101des jauda: 90 kW<\/div>\n<div>&#8211; Uzl\u0101des punktu skaits: 2<\/div>\n<div>&#8211; L\u012bdzstr\u0101vas piesl\u0113gums: CCS2<\/div>\n<div>&#8211; L\u0101d\u0113\u0161anas kabe\u013ca garums: 5.0 m<\/div>\n<div>&#8211; L\u012bdzstr\u0101vas p\u0101rpalikuma uzl\u0101de: n\u0113<\/div>\n<div>&#8211; Mai\u0146str\u0101vas piesl\u0113gums: 400 V, tr\u012bsf\u0101zu str\u0101vas vads.<\/div>\n<div>&#8211; Piek\u013cuves kontrole: PTB \/ kalibr\u0113\u0161anas likums<\/div>\n<div>&#8211; Sazi\u0146a: Ethernet, 2G, 3G, 4G, Bluetooth<\/div>\n<div>&#8211; Protokols: OCPP 2.0.1<\/div>\n<div>&#8211; Izm\u0113ri: 2000 x 900 x 750 mm (HxWxD)<\/div>\n<div>&#8211; Aizsardz\u012bbas klase: AIZSARDZ\u012aBAS KLASE: IP65<\/div>\n<div>&#8211; Svars: 450,0 kg<\/div>\n<div><\/div>\n<div><a href=\"https:\/\/chargingshop.eu\/wp-content\/uploads\/2024\/12\/DS_20241022_IDC180E_Datasheet_V3_EN.pdf\">DS_20241022_IDC180E_Datasheet_V3_EN<\/a><\/div>\n","protected":false},"excerpt":{"rendered":"<p>Ar IDC180E Sungrow tagad pied\u0101v\u0101 ar\u012b l\u012bdzstr\u0101vas l\u0101d\u0113t\u0101ju publiskai lieto\u0161anai. Divus uzl\u0101des punktus ar elast\u012bgu kabe\u013cu vad\u012bbu un uzl\u0101des jaudu l\u012bdz 180 kW atkar\u012bb\u0101 no versijas var aktiviz\u0113t, izmantojot lietotni, RFID vai maks\u0101jumu termin\u0101li. Jaudas m\u0113r\u012bjumus ir iesp\u0113jams veikt ar skait\u012bt\u0101ju, kas atbilst juridisk\u0101s metrolo\u0123ijas noteikumiem. L\u0101d\u0113t\u0101js ir sader\u012bgs ar visiem pa\u0161reiz\u0113jiem transportl\u012bdzek\u013cu mode\u013ciem.   <\/p>\n","protected":false},"featured_media":0,"comment_status":"closed","ping_status":"closed","template":"","meta":[],"product_brand":[],"product_cat":[465],"product_tag":[],"class_list":{"0":"post-72312","1":"product","2":"type-product","3":"status-publish","5":"product_cat-dc-uzlades-stacijas","6":"pa_brand-wallbox-lv","8":"first","9":"instock","10":"sale","11":"taxable","12":"shipping-taxable","13":"purchasable","14":"product-type-simple"},"_links":{"self":[{"href":"https:\/\/chargingshop.eu\/lv\/wp-json\/wp\/v2\/product\/72312","targetHints":{"allow":["GET"]}}],"collection":[{"href":"https:\/\/chargingshop.eu\/lv\/wp-json\/wp\/v2\/product"}],"about":[{"href":"https:\/\/chargingshop.eu\/lv\/wp-json\/wp\/v2\/types\/product"}],"replies":[{"embeddable":true,"href":"https:\/\/chargingshop.eu\/lv\/wp-json\/wp\/v2\/comments?post=72312"}],"wp:attachment":[{"href":"https:\/\/chargingshop.eu\/lv\/wp-json\/wp\/v2\/media?parent=72312"}],"wp:term":[{"taxonomy":"product_brand","embeddable":true,"href":"https:\/\/chargingshop.eu\/lv\/wp-json\/wp\/v2\/product_brand?post=72312"},{"taxonomy":"product_cat","embeddable":true,"href":"https:\/\/chargingshop.eu\/lv\/wp-json\/wp\/v2\/product_cat?post=72312"},{"taxonomy":"product_tag","embeddable":true,"href":"https:\/\/chargingshop.eu\/lv\/wp-json\/wp\/v2\/product_tag?post=72312"}],"curies":[{"name":"wp","href":"https:\/\/api.w.org\/{rel}","templated":true}]}}